{"id":5860,"date":"2025-09-15T13:08:22","date_gmt":"2025-09-15T13:08:22","guid":{"rendered":"https:\/\/www.zampolli.it\/?page_id=5860"},"modified":"2025-12-05T10:57:44","modified_gmt":"2025-12-05T10:57:44","slug":"wicklungen-elektromotoren-werkzeugmaschinen","status":"publish","type":"page","link":"https:\/\/www.zampolli.it\/de\/wicklungen-elektromotoren-werkzeugmaschinen\/","title":{"rendered":"Werkzeugmaschinen"},"content":{"rendered":"\n<div style=\"background-color:#0b0b0b;padding-left:5%;padding-right:5%;padding-bottom:15%;padding-top:30%\" class=\"wp-block-genesis-blocks-gb-container hero_inner gb-block-container alignfull\"><div class=\"gb-container-inside\"><div class=\"gb-container-image-wrap\"><img decoding=\"async\" class=\"gb-container-image has-background-dim-100 has-background-dim\" src=\"https:\/\/www.zampolli.it\/wp-content\/uploads\/slide_home.jpg\" alt=\"\"\/><\/div><div class=\"gb-container-content\" style=\"max-width:700px\"><\/div><\/div><\/div>\n\n\n\n<div class=\"wp-block-group alignwide\"><div class=\"wp-block-group__inner-container is-layout-flow wp-block-group-is-layout-flow\">\n<div class=\"wp-block-columns is-layout-flex wp-container-core-columns-is-layout-9d6595d7 wp-block-columns-is-layout-flex\">\n<div class=\"wp-block-column is-layout-flow wp-block-column-is-layout-flow\" style=\"flex-basis:100%\">\n<div style=\"height:63px\" aria-hidden=\"true\" class=\"wp-block-spacer\"><\/div>\n\n\n\n<h1 class=\"wp-block-heading has-text-align-left titolo-pagina blu\"><strong><br><strong>Wicklungen Elektromotoren f\u00fcr Werkzeugmaschinen: h\u00f6chste Leistung f\u00fcr Pr\u00e4zisionsmechanik<\/strong><\/strong><\/h1>\n\n\n\n<div class=\"wp-block-genesis-blocks-gb-container gb-block-container\"><div class=\"gb-container-inside\"><div class=\"gb-container-content\">\n<p class=\"has-background\" style=\"background-color:#f8f8f8;line-height:1.5\"><strong>Moderne Werkzeugmaschinen<\/strong> wie automatische Drehmaschinen, CNC-Bearbeitungszentren oder Hochgeschwindigkeitsfr\u00e4sen stellen an Elektromotoren h\u00f6chste Anforderungen bez\u00fcglich <strong>Pr\u00e4zision, Wiederholgenauigkeit und Zuverl\u00e4ssigkeit<\/strong>. Die <a href=\"https:\/\/www.zampolli.it\/de\/wicklungen-elektromotoren\/\"><strong>elektrischen Wicklungen<\/strong><\/a> spielen dabei eine Schl\u00fcsselrolle f\u00fcr die Leistung des Motors und die Qualit\u00e4t jedes Fertigungszyklus.<br><br><\/p>\n<\/div><\/div><\/div>\n\n\n\n<figure class=\"wp-block-image size-large is-resized\"><img loading=\"lazy\" decoding=\"async\" width=\"1024\" height=\"412\" src=\"https:\/\/www.zampolli.it\/wp-content\/uploads\/avvolgimenti-motori-elettrici-macchine-utensili-avvolgimenti-zampolli-1024x412.png\" alt=\"Wicklungen Elektromotoren f\u00fcr Werkzeugmaschinen \nAvvolgimenti Zampolli\" class=\"wp-image-5895\" style=\"width:1062px;height:auto\" srcset=\"https:\/\/www.zampolli.it\/wp-content\/uploads\/avvolgimenti-motori-elettrici-macchine-utensili-avvolgimenti-zampolli-1024x412.png 1024w, https:\/\/www.zampolli.it\/wp-content\/uploads\/avvolgimenti-motori-elettrici-macchine-utensili-avvolgimenti-zampolli-300x121.png 300w, https:\/\/www.zampolli.it\/wp-content\/uploads\/avvolgimenti-motori-elettrici-macchine-utensili-avvolgimenti-zampolli-768x309.png 768w, https:\/\/www.zampolli.it\/wp-content\/uploads\/avvolgimenti-motori-elettrici-macchine-utensili-avvolgimenti-zampolli-1536x618.png 1536w, https:\/\/www.zampolli.it\/wp-content\/uploads\/avvolgimenti-motori-elettrici-macchine-utensili-avvolgimenti-zampolli-2048x824.png 2048w\" sizes=\"auto, (max-width: 1024px) 100vw, 1024px\" \/><\/figure>\n\n\n\n<h2 class=\"wp-block-heading\"><strong>Wesentliche technische Anforderungen an Elektromotorwicklungen f\u00fcr Werkzeugmaschinen <\/strong><\/h2>\n\n\n\n<div style=\"height:33px\" aria-hidden=\"true\" class=\"wp-block-spacer\"><\/div>\n\n\n\n<p>Bei intensiven Arbeitsbedingunge (mit h\u00e4ufigem An- und Abschalten, pl\u00f6tzlichen Lastwechseln und mikrometrischer Bearbeitung)&nbsp; m\u00fcssen die Wicklungen:<\/p>\n\n\n\n<ul class=\"wp-block-list\">\n<li><strong>optimal ausbalanciert<\/strong> sein, um Vibrationen auf ein Minimum zu reduzieren;<\/li>\n\n\n\n<li><strong>thermisch stabil<\/strong> bleiben, um auch lokalen \u00dcberhitzungen standzuhalten;<\/li>\n\n\n\n<li><strong>individuell angepasst<\/strong> werden, passend zur Maschinenkonfiguration und Art der Bearbeitung.<\/li>\n<\/ul>\n\n\n\n<p>Die langj\u00e4hrige Erfahrung von Avvolgimenti Zampolli mit Hochleistungs-Elektrospindeln findet auch direkte Anwendung bei Wicklungen f\u00fcr Werkzeugmaschinen<strong>, um<\/strong> <strong>eine kontinuierliche, unterbrechungsfreie Produktion sicherzustellen<\/strong>.<\/p>\n\n\n\n<div style=\"height:26px\" aria-hidden=\"true\" class=\"wp-block-spacer\"><\/div>\n\n\n\n<h2 class=\"wp-block-heading\"><strong>Materialien und Technologien f\u00fcr besonders belastbare Wicklungen in Werkzeugmaschinen <\/strong><br><\/h2>\n\n\n\n<div class=\"wp-block-group alignwide\"><div class=\"wp-block-group__inner-container is-layout-constrained wp-block-group-is-layout-constrained\">\n<div class=\"wp-block-group alignwide\"><div class=\"wp-block-group__inner-container is-layout-constrained wp-block-group-is-layout-constrained\">\n<div class=\"wp-block-columns alignwide are-vertically-aligned-center is-layout-flex wp-container-core-columns-is-layout-9d6595d7 wp-block-columns-is-layout-flex\">\n<div class=\"wp-block-column is-vertically-aligned-center is-layout-flow wp-block-column-is-layout-flow\" style=\"flex-basis:50%\">\n<p>Die Motoren von Werkzeugmaschinen sind <strong>extremen thermischen und mechanischen<\/strong> Belastungen ausgesetzt, weshalb die Wahl der richtigen Materialien und Technologien entscheidend ist.<\/p>\n\n\n\n<p>Unser Ansatz bei Avvolgimenti Zampolli umfasst:<\/p>\n\n\n\n<ul class=\"wp-block-list\">\n<li><strong>hochleitf\u00e4hige lackierte Kupferdr\u00e4hte<\/strong><\/li>\n\n\n\n<li><strong>thermische Isolierungen der Klassen F oder H<\/strong>, f\u00fcr maximale Lebensdauer auch unter hoher W\u00e4rmebelastung<\/li>\n\n\n\n<li><strong>thermoh\u00e4rtende Tr\u00e4nlacke<\/strong>, die die dielektrische Festigkeit und Haftung verbessern<\/li>\n\n\n\n<li><strong>manuelles Einlegen der Wicklungen,<\/strong> f\u00fcr pr\u00e4zise Toleranzen und gleichm\u00e4\u00dfige Positionierung im Statorpaket<\/li>\n<\/ul>\n\n\n\n<p><\/p>\n<\/div>\n\n\n\n<div class=\"wp-block-column is-vertically-aligned-center is-layout-flow wp-block-column-is-layout-flow\" style=\"flex-basis:50%\">\n<figure class=\"wp-block-image size-full is-resized\"><img loading=\"lazy\" decoding=\"async\" width=\"1406\" height=\"1200\" src=\"https:\/\/www.zampolli.it\/wp-content\/uploads\/avvolgimenti-motori-elettrici-macchine-utensili.png\" alt=\"Wicklungen Elektromotoren f\u00fcr Werkzeugmaschinen Zampolli\" class=\"wp-image-6492\" style=\"width:493px;height:auto\" srcset=\"https:\/\/www.zampolli.it\/wp-content\/uploads\/avvolgimenti-motori-elettrici-macchine-utensili.png 1406w, https:\/\/www.zampolli.it\/wp-content\/uploads\/avvolgimenti-motori-elettrici-macchine-utensili-300x256.png 300w, https:\/\/www.zampolli.it\/wp-content\/uploads\/avvolgimenti-motori-elettrici-macchine-utensili-1024x874.png 1024w, https:\/\/www.zampolli.it\/wp-content\/uploads\/avvolgimenti-motori-elettrici-macchine-utensili-768x655.png 768w\" sizes=\"auto, (max-width: 1406px) 100vw, 1406px\" \/><\/figure>\n<\/div>\n<\/div>\n<\/div><\/div>\n\n\n\n<p class=\"has-text-align-center has-background\" style=\"background-color:#f8f8f8;line-height:1.5\">Jedes Detail unseres Prozesses ist darauf ausgelegt, Wicklungen mit <strong>h\u00f6chster<\/strong> <strong>Leistungsf\u00e4higkeit<\/strong> zu fertigen, die auch unter extremen Betriebsbedingungen zuverl\u00e4ssig arbeiten.<br><\/p>\n\n\n\n<div style=\"height:40px;width:0px\" aria-hidden=\"true\" class=\"wp-block-spacer\"><\/div>\n<\/div><\/div>\n\n\n\n<h2 class=\"wp-block-heading\"><strong>Einsatz von Avvolgimenti Zampolli in Werkzeugmaschinen <\/strong><\/h2>\n\n\n\n<div style=\"height:23px\" aria-hidden=\"true\" class=\"wp-block-spacer\"><\/div>\n\n\n\n<p>Unsere Wicklungen kommen in zahlreichen Werkzeugmaschinen zum Einsatz:<strong>&nbsp;<\/strong><\/p>\n\n\n\n<ul class=\"wp-block-list\">\n<li><strong>CNC-Bearbeitungszentren<\/strong> f\u00fcr pr\u00e4ziseste Metallbearbeitung<\/li>\n\n\n\n<li><strong>automatische und halbautomatische Drehmaschinen<\/strong><\/li>\n\n\n\n<li><strong>Hochgeschwindigkeits-Fr\u00e4smaschinen<\/strong><\/li>\n\n\n\n<li><strong>Tiefbohr- und Ausbohrmaschinen<\/strong><\/li>\n<\/ul>\n\n\n\n<p>Die Qualit\u00e4t der Wicklungen beeinflusst entscheidende Leistungsparameter, die in der Pr\u00e4zisionsmechanik, der Luft- und Raumfahrt sowie der Automobilindustrie unerl\u00e4sslich sind: <strong>die Stabilit\u00e4t der rotierenden Achse, die schnelle Reaktion des Motors und die hohe Wiederholgenauigkeit der Bearbeitung.<\/strong><\/p>\n\n\n\n<p>Ma\u00dfgeschneiderte Wicklungen f\u00fcr jeden Motor optimieren die <strong>magnetische Effizienz<\/strong>, senken den Energieverbrauch und verl\u00e4ngern die Lebensdauer des Systems deutlich.<\/p>\n\n\n\n<div style=\"height:79px\" aria-hidden=\"true\" class=\"wp-block-spacer\"><\/div>\n\n\n\n<h2 class=\"wp-block-heading has-text-align-center\"><strong>Entdecken Sie unsere Einsatzbereiche<\/strong><\/h2>\n\n\n\n<div style=\"height:59px\" aria-hidden=\"true\" class=\"wp-block-spacer\"><\/div>\n\n\n\n<div class=\"wp-block-genesis-blocks-gb-columns gb-layout-columns-4 gb-4-col-equal gb-columns-center\"><div class=\"gb-layout-column-wrap gb-block-layout-column-gap-2 gb-is-responsive-column\" style=\"max-width:678px\">\n<div class=\"wp-block-genesis-blocks-gb-column gb-block-layout-column\"><div class=\"gb-block-layout-column-inner\"><div class=\"wp-block-image\">\n<figure class=\"aligncenter size-large is-resized\"><img decoding=\"async\" src=\"https:\/\/www.zampolli.it\/wp-content\/uploads\/automotive.svg\" alt=\"\" style=\"width:123px;height:auto\"\/><\/figure>\n<\/div>\n\n\n<p class=\"has-text-align-center\"><strong><a href=\"https:\/\/www.zampolli.it\/de\/elektromotor-wicklungen-automobilindustrie\/\">AUTOMOBIL-INDUSTRIE<\/a><\/strong><\/p>\n<\/div><\/div>\n\n\n\n<div class=\"wp-block-genesis-blocks-gb-column gb-block-layout-column\"><div class=\"gb-block-layout-column-inner\"><div class=\"wp-block-image\">\n<figure class=\"aligncenter size-large is-resized\"><img decoding=\"async\" src=\"https:\/\/www.zampolli.it\/wp-content\/uploads\/Elettromandrini.svg\" alt=\"\" style=\"width:119px;height:auto\"\/><\/figure>\n<\/div>\n\n\n<p class=\"has-text-align-center\"><strong><a href=\"https:\/\/www.zampolli.it\/de\/elektromotoren-wicklungen-spindelmotoren\/\">ELEKTRO-MOTOREN<\/a><\/strong><\/p>\n<\/div><\/div>\n\n\n\n<div class=\"wp-block-genesis-blocks-gb-column gb-block-layout-column\"><div class=\"gb-block-layout-column-inner\"><div class=\"wp-block-image\">\n<figure class=\"aligncenter size-large is-resized\"><img decoding=\"async\" src=\"https:\/\/www.zampolli.it\/wp-content\/uploads\/Trazione%20elettrica.svg\" alt=\"\" style=\"width:119px;height:auto\"\/><\/figure>\n<\/div>\n\n\n<p class=\"has-text-align-center\"><strong><a href=\"https:\/\/www.zampolli.it\/de\/wicklungen-elektromotoren-elektrischer-antrieb\/\">ANTRIEBS-TECHNIK<\/a><\/strong><\/p>\n<\/div><\/div>\n\n\n\n<div class=\"wp-block-genesis-blocks-gb-column gb-block-layout-column\"><div class=\"gb-block-layout-column-inner\"><div class=\"wp-block-image\">\n<figure class=\"aligncenter size-large is-resized\"><img decoding=\"async\" src=\"https:\/\/www.zampolli.it\/wp-content\/uploads\/Settore%20ferroviario%20e%20navale.svg\" alt=\"\" style=\"width:121px;height:auto\"\/><\/figure>\n<\/div>\n\n\n<p class=\"has-text-align-center\"><strong><a href=\"https:\/\/www.zampolli.it\/de\/elektromotoren-wicklungen-bahnindustrie-und-schiffbau\/\">BAHNINDUSTRIE UND SCHIFFBAU<\/a><\/strong><\/p>\n<\/div><\/div>\n<\/div><\/div>\n\n\n\n<div class=\"wp-block-genesis-blocks-gb-columns gb-layout-columns-4 gb-4-col-equal gb-columns-center\"><div class=\"gb-layout-column-wrap gb-block-layout-column-gap-2 gb-is-responsive-column\" style=\"max-width:678px\">\n<div class=\"wp-block-genesis-blocks-gb-column gb-block-layout-column\"><div class=\"gb-block-layout-column-inner\"><div class=\"wp-block-image\">\n<figure class=\"aligncenter size-large is-resized\"><img decoding=\"async\" src=\"https:\/\/www.zampolli.it\/wp-content\/uploads\/Motovibratori.svg\" alt=\"\" style=\"width:121px;height:auto\"\/><\/figure>\n<\/div>\n\n\n<p class=\"has-text-align-center\"><strong><a href=\"https:\/\/www.zampolli.it\/de\/elektrische-motorwicklungen-vibrationsmotoren\/\">VIBRATIONS-<br>MOTOREN<\/a><\/strong><\/p>\n<\/div><\/div>\n\n\n\n<div class=\"wp-block-genesis-blocks-gb-column gb-block-layout-column\"><div class=\"gb-block-layout-column-inner\"><div class=\"wp-block-image\">\n<figure class=\"aligncenter size-large is-resized\"><img decoding=\"async\" src=\"https:\/\/www.zampolli.it\/wp-content\/uploads\/Pompe.svg\" alt=\"\" style=\"width:123px;height:auto\"\/><\/figure>\n<\/div>\n\n\n<p class=\"has-text-align-center\"><strong><a href=\"https:\/\/www.zampolli.it\/de\/elektrische-motorwicklungen-pumpen\/\">PUMPEN<\/a><\/strong><\/p>\n<\/div><\/div>\n\n\n\n<div class=\"wp-block-genesis-blocks-gb-column gb-block-layout-column\"><div class=\"gb-block-layout-column-inner\"><div class=\"wp-block-image\">\n<figure class=\"aligncenter size-large is-resized\"><img decoding=\"async\" src=\"https:\/\/www.zampolli.it\/wp-content\/uploads\/Macchine%20utensili.svg\" alt=\"\" style=\"width:119px;height:auto\"\/><\/figure>\n<\/div>\n\n\n<p class=\"has-text-align-center\"><strong>WERKZEUG-<br>MASCHINEN<\/strong><\/p>\n<\/div><\/div>\n\n\n\n<div class=\"wp-block-genesis-blocks-gb-column gb-block-layout-column\"><div class=\"gb-block-layout-column-inner\"><div class=\"wp-block-image\">\n<figure class=\"aligncenter size-large is-resized\"><img decoding=\"async\" src=\"https:\/\/www.zampolli.it\/wp-content\/uploads\/Motori%20brushless.svg\" alt=\"\" style=\"width:121px;height:auto\"\/><\/figure>\n<\/div>\n\n\n<p class=\"has-text-align-center\"><strong><a href=\"https:\/\/www.zampolli.it\/de\/elektrische-wicklungen-brushless-motoren\/\">BRUSHLESS-<br>MOTOREN<\/a><\/strong><\/p>\n<\/div><\/div>\n<\/div><\/div>\n\n\n\n<div style=\"height:69px\" aria-hidden=\"true\" class=\"wp-block-spacer\"><\/div>\n\n\n\n<h2 class=\"wp-block-heading has-text-align-left\"><strong>Zampolli: Die erste Wahl f\u00fcr Motorwicklungen in Werkzeugmaschinen <\/strong><\/h2>\n\n\n\n<div style=\"height:32px\" aria-hidden=\"true\" class=\"wp-block-spacer\"><\/div>\n\n\n\n<p>Mit \u00fcber 50 Jahren handwerklicher Erfahrung ist Avvolgimenti Zampolli Ihr Ansprechpartner f\u00fcr ma\u00dfgeschneiderte, nicht standardisierte Motorwicklungen im Maschinenbau.<\/p>\n\n\n\n<p>Wer auf uns setzt, profitiert von einem handwerklich gepr\u00e4gten Produktionsprozess, h\u00f6chster Flexibilit\u00e4t und direktem technischem Support. <strong>Einzelprototypen, Kleinserien <\/strong>und<strong> Sonderauftr\u00e4ge <\/strong>behandeln wir mit derselben Sorgfalt, reagieren schnell auf komplexe Anforderungen und arbeiten eng mit den F&amp;E- und Entwicklungsabteilungen der Motorenhersteller zusammen bereits in der Entwicklungsphase.<\/p>\n\n\n\n<div style=\"height:32px\" aria-hidden=\"true\" class=\"wp-block-spacer\"><\/div>\n\n\n\n<p class=\"has-text-align-center has-background\" style=\"background-color:#f8f8f8;line-height:1.5\">Jedes Detail unseres Prozesses ist darauf ausgelegt, Wicklungen mit <strong>h\u00f6chster<\/strong> <strong>Leistungsf\u00e4higkeit<\/strong> zu fertigen, die auch unter extremen Betriebsbedingungen zuverl\u00e4ssig arbeiten.<br><\/p>\n\n\n\n<div style=\"height:59px\" aria-hidden=\"true\" class=\"wp-block-spacer\"><\/div>\n\n\n\n<div class=\"logo-simbolo has-text-align-center\">\n<svg version=\"1.1\" id=\"Livello_1\" xmlns=\"http:\/\/www.w3.org\/2000\/svg\" x=\"0\" y=\"0\" viewBox=\"0 0 140.1 144.5\" xml:space=\"preserve\"><style>.st1{fill:#fff}.st5{display:inline}.st6{fill:#fff;stroke:#fff;stroke-width:.75;stroke-miterlimit:10}.st7{display:inline;fill:#e5332a}<\/style><path d=\"M131 69.4c0 33.9-27.5 61.5-61.5 61.5C35.6 130.9 8 103.4 8 69.4 8 35.5 35.5 7.9 69.5 7.9S131 35.4 131 69.4z\" fill=\"#5e5e5e\"><\/path><path class=\"st1\" d=\"M124.1 69.4c0 30.2-24.4 54.6-54.6 54.6S14.9 99.6 14.9 69.4s24.4-54.6 54.6-54.6c30.2 0 54.6 24.4 54.6 54.6z\"><\/path><path d=\"M82.5 34c-5 0-9.8 1.1-14.2 3 16 3.8 27.9 16.8 27.9 32.4 0 15.5-11.8 28.6-27.9 32.4 4.3 1.9 9.1 3 14.2 3 19.5 0 35.3-15.8 35.3-35.3C117.8 49.9 102 34 82.5 34z\" fill=\"#e5332a\"><\/path><path d=\"M85.4 112.1c-23.7 0-43-19.2-43-43 0-23.7 19.3-43 43-43 1.7 0 3.4.1 5 .3-6.3-3.1-13.4-4.8-20.8-4.8-26.4 0-47.7 21.4-47.7 47.7 0 26.4 21.4 47.7 47.7 47.7 8 0 15.6-2 22.2-5.5-2.1.4-4.3.6-6.4.6z\" fill=\"#e84e1b\"><\/path><\/svg><\/div>\n<\/div>\n<\/div>\n<\/div><\/div>\n\n\n\n<div style=\"height:32px\" aria-hidden=\"true\" class=\"wp-block-spacer\"><\/div>\n\n\n\n<div class=\"wp-block-group\"><div class=\"wp-block-group__inner-container is-layout-flow wp-block-group-is-layout-flow\">\n<h2 class=\"wp-block-heading has-text-align-center arancio\"><strong><strong>Ben\u00f6tigen Sie weitere Informationen zu unseren Produkten?<\/strong><\/strong><\/h2>\n\n\n\n<div style=\"height:30px\" aria-hidden=\"true\" class=\"wp-block-spacer\"><\/div>\n\n\n\n<p class=\"has-text-align-center\">Dank einer speziellen, aber flexiblen Ausr\u00fcstung k\u00f6nnen wir eine sehr breite Palette von Asynchronwicklungen herstellen<\/p>\n\n\n\n<div class=\"wp-block-buttons is-content-justification-center is-layout-flex wp-container-core-buttons-is-layout-16018d1d wp-block-buttons-is-layout-flex\">\n<div class=\"wp-block-button\"><a class=\"wp-block-button__link wp-element-button\" href=\"https:\/\/www.zampolli.it\/de\/info\/\">\u00dcberpr\u00fcfen Sie unsere Produkte<\/a><\/div>\n<\/div>\n<\/div><\/div>\n\n\n\n<p><\/p>\n","protected":false},"excerpt":{"rendered":"<p>Wicklungen Elektromotoren f\u00fcr Werkzeugmaschinen: h\u00f6chste Leistung f\u00fcr Pr\u00e4zisionsmechanik Wesentliche technische Anforderungen an Elektromotorwicklungen f\u00fcr Werkzeugmaschinen Bei intensiven Arbeitsbedingunge (mit h\u00e4ufigem An- und Abschalten, pl\u00f6tzlichen Lastwechseln und mikrometrischer Bearbeitung)&nbsp; m\u00fcssen die Wicklungen: Die langj\u00e4hrige Erfahrung von Avvolgimenti Zampolli mit Hochleistungs-Elektrospindeln findet auch direkte Anwendung bei Wicklungen f\u00fcr Werkzeugmaschinen, um eine kontinuierliche, unterbrechungsfreie Produktion sicherzustellen. Materialien und [&hellip;]<\/p>\n","protected":false},"author":3,"featured_media":0,"parent":0,"menu_order":0,"comment_status":"closed","ping_status":"closed","template":"","meta":{"_genesis_hide_title":true,"_genesis_hide_breadcrumbs":true,"_genesis_hide_singular_image":true,"_genesis_hide_footer_widgets":false,"_genesis_custom_body_class":"","_genesis_custom_post_class":"","_genesis_layout":"full-width-content","footnotes":""},"class_list":{"0":"post-5860","1":"page","2":"type-page","3":"status-publish","5":"entry"},"featured_image_src":null,"featured_image_src_square":null,"_links":{"self":[{"href":"https:\/\/www.zampolli.it\/de\/wp-json\/wp\/v2\/pages\/5860","targetHints":{"allow":["GET"]}}],"collection":[{"href":"https:\/\/www.zampolli.it\/de\/wp-json\/wp\/v2\/pages"}],"about":[{"href":"https:\/\/www.zampolli.it\/de\/wp-json\/wp\/v2\/types\/page"}],"author":[{"embeddable":true,"href":"https:\/\/www.zampolli.it\/de\/wp-json\/wp\/v2\/users\/3"}],"replies":[{"embeddable":true,"href":"https:\/\/www.zampolli.it\/de\/wp-json\/wp\/v2\/comments?post=5860"}],"version-history":[{"count":19,"href":"https:\/\/www.zampolli.it\/de\/wp-json\/wp\/v2\/pages\/5860\/revisions"}],"predecessor-version":[{"id":7034,"href":"https:\/\/www.zampolli.it\/de\/wp-json\/wp\/v2\/pages\/5860\/revisions\/7034"}],"wp:attachment":[{"href":"https:\/\/www.zampolli.it\/de\/wp-json\/wp\/v2\/media?parent=5860"}],"curies":[{"name":"wp","href":"https:\/\/api.w.org\/{rel}","templated":true}]}}