{"id":5829,"date":"2025-09-15T13:06:05","date_gmt":"2025-09-15T13:06:05","guid":{"rendered":"https:\/\/www.zampolli.it\/?page_id=5829"},"modified":"2025-12-05T11:02:35","modified_gmt":"2025-12-05T11:02:35","slug":"elektrische-motorwicklungen-vibrationsmotoren","status":"publish","type":"page","link":"https:\/\/www.zampolli.it\/de\/elektrische-motorwicklungen-vibrationsmotoren\/","title":{"rendered":"Vibrationsmotoren"},"content":{"rendered":"\n<div style=\"background-color:#0b0b0b;padding-left:5%;padding-right:5%;padding-bottom:15%;padding-top:30%\" class=\"wp-block-genesis-blocks-gb-container hero_inner gb-block-container alignfull\"><div class=\"gb-container-inside\"><div class=\"gb-container-image-wrap\"><img decoding=\"async\" class=\"gb-container-image has-background-dim-100 has-background-dim\" src=\"https:\/\/www.zampolli.it\/wp-content\/uploads\/slide_home.jpg\" alt=\"\"\/><\/div><div class=\"gb-container-content\" style=\"max-width:700px\"><\/div><\/div><\/div>\n\n\n\n<div class=\"wp-block-group alignwide\"><div class=\"wp-block-group__inner-container is-layout-flow wp-block-group-is-layout-flow\">\n<div class=\"wp-block-columns is-layout-flex wp-container-core-columns-is-layout-9d6595d7 wp-block-columns-is-layout-flex\">\n<div class=\"wp-block-column is-layout-flow wp-block-column-is-layout-flow\" style=\"flex-basis:100%\">\n<h1 class=\"wp-block-heading has-text-align-left titolo-pagina blu\"><strong><strong>Elektrische Motorwicklungen f\u00fcr Vibrationsmotoren<\/strong><\/strong><\/h1>\n\n\n\n<div class=\"wp-block-genesis-blocks-gb-container gb-block-container\"><div class=\"gb-container-inside\"><div class=\"gb-container-content\">\n<p class=\"has-background\" style=\"background-color:#f8f8f8;line-height:1.5\">Motorvibratoren sind in vielen industriellen Anwendungen unverzichtbar: in Steinbr\u00fcchen, bei Siebmaschinen oder in F\u00f6rder und Dosieranlagen, wo kontinuierliche und pr\u00e4zise kontrollierte Vibrationen erforderlich sind. In diesen Einsatzbereichen arbeiten die Elektromotoren oft <strong>unterbrechungsfrei, <\/strong>mit<strong> h\u00e4ufigen Anl\u00e4ufe, variablen Lasten <\/strong>und<strong> hohen Temperaturen.<\/strong><br><br><\/p>\n<\/div><\/div><\/div>\n\n\n\n<figure class=\"wp-block-image size-large\"><img loading=\"lazy\" decoding=\"async\" width=\"1024\" height=\"412\" src=\"https:\/\/www.zampolli.it\/wp-content\/uploads\/avvolgimenti-motori-elettrici-motovibratori-avvolgimenti-zampolli-1024x412.png\" alt=\"Elektrische Motorwicklungen f\u00fcr Vibrationsmotoren\nAvvolgimenti Zampolli\" class=\"wp-image-5883\" srcset=\"https:\/\/www.zampolli.it\/wp-content\/uploads\/avvolgimenti-motori-elettrici-motovibratori-avvolgimenti-zampolli-1024x412.png 1024w, https:\/\/www.zampolli.it\/wp-content\/uploads\/avvolgimenti-motori-elettrici-motovibratori-avvolgimenti-zampolli-300x121.png 300w, https:\/\/www.zampolli.it\/wp-content\/uploads\/avvolgimenti-motori-elettrici-motovibratori-avvolgimenti-zampolli-768x309.png 768w, https:\/\/www.zampolli.it\/wp-content\/uploads\/avvolgimenti-motori-elettrici-motovibratori-avvolgimenti-zampolli-1536x618.png 1536w, https:\/\/www.zampolli.it\/wp-content\/uploads\/avvolgimenti-motori-elettrici-motovibratori-avvolgimenti-zampolli-2048x824.png 2048w\" sizes=\"auto, (max-width: 1024px) 100vw, 1024px\" \/><\/figure>\n\n\n\n<h2 class=\"wp-block-heading\"><strong>Wie Wicklungen die Stabilit\u00e4t von Motorvibratoren sichern <\/strong><\/h2>\n\n\n\n<div style=\"height:23px\" aria-hidden=\"true\" class=\"wp-block-spacer\"><\/div>\n\n\n\n<p>Um eine <strong>gleichbleibend hohe Leistung und lange Lebensdauer<\/strong> sicherzustellen, werden die Motorwicklungen individuell konstruiert und gefertigt. Dabei kommen Materialien und Technologien zum Einsatz, die selbst extremen mechanischen und thermischen Belastungen standhalten.<br>Bei Avvolgimenti Zampolli legen wir gr\u00f6\u00dften Wert auf jedes Detail:<\/p>\n\n\n\n<ul class=\"wp-block-list\">\n<li>wir halten uns <strong>pr\u00e4zise an die vom Kunden vorgegebenen Wicklungspl\u00e4ne<\/strong>;<\/li>\n\n\n\n<li><strong>wir alle eingesetzten Materialien sorgf\u00e4ltig<\/strong>, um lose Kupferspulen zu vermeiden und Kurzschl\u00fcsse oder innere Mikrobewegungen zu verhindern;<\/li>\n\n\n\n<li>mit sorgf\u00e4ltig platzierten Thermoschaltern und Heizelementen an den kritischsten Stellen der <strong>Wicklung sch\u00fctzen wir den Motor vor \u00dcberhitzung und Fehlfunktionen<\/strong>;<\/li>\n\n\n\n<li>jeder Motor unterliegt <strong>strengen Endkontrollen und umfassenden Pr\u00fcfungen<\/strong>.<\/li>\n<\/ul>\n\n\n\n<div style=\"height:57px\" aria-hidden=\"true\" class=\"wp-block-spacer\"><\/div>\n\n\n\n<h2 class=\"wp-block-heading\"><strong>Kritische Betriebsbedingungen der Wicklungen f\u00fcr Vibrationsmotoren<\/strong><\/h2>\n\n\n\n<div style=\"height:23px\" aria-hidden=\"true\" class=\"wp-block-spacer\"><\/div>\n\n\n\n<div class=\"wp-block-group alignwide\"><div class=\"wp-block-group__inner-container is-layout-constrained wp-block-group-is-layout-constrained\">\n<div class=\"wp-block-group alignwide\"><div class=\"wp-block-group__inner-container is-layout-constrained wp-block-group-is-layout-constrained\">\n<div class=\"wp-block-columns alignwide are-vertically-aligned-center is-layout-flex wp-container-core-columns-is-layout-9d6595d7 wp-block-columns-is-layout-flex\">\n<div class=\"wp-block-column is-vertically-aligned-center is-layout-flow wp-block-column-is-layout-flow\" style=\"flex-basis:50%\">\n<p>Vibrationsmotoren arbeiten unter extrem anspruchsvollen Bedingungen und sind <strong>dauerhaften Vibrationen, St\u00f6\u00dfen, abrasiven Partikeln, hohen Temperaturen sowie komplexen Einbaubedingungen ausgesetzt<\/strong>. Die Motorwicklung ist dabei eine der am st\u00e4rksten beanspruchten Komponenten.<\/p>\n\n\n\n<p>Um <strong>Fehlfunktionen zu vermeiden<\/strong>, setzt Avvolgimenti Zampolli auf gezielte Ma\u00dfnahmen:<\/p>\n\n\n\n<ul class=\"wp-block-list\">\n<li><strong>Pr\u00e4zise Kupferverteilung<\/strong> in den Nuten, um lokale \u00dcberhitzungen durch ungleichm\u00e4\u00dfige Konzentrationen zu verhindern.<\/li>\n\n\n\n<li><strong>Hoher Isolationsgrad<\/strong> zwischen den Wicklungsphasen dank Trennscheiben in Nut und Kopfbereich.<\/li>\n\n\n\n<li><strong>Zertifizierte Materialien<\/strong>, sorgf\u00e4ltig ausgew\u00e4hlt nach den geltenden Branchenstandards.<\/li>\n\n\n\n<li><strong>Impr\u00e4gnierung mit duroplastischem Harz<\/strong>, die mechanische Stabilit\u00e4t garantiert und Schutz vor Feuchtigkeit, Staub und Vibrationen bietet.<\/li>\n<\/ul>\n\n\n\n<p><strong>Umfassende Endkontrolle<\/strong>, die selbst kleinste Abweichungen erkennt und die einwandfreie Funktion des Motors im Einsatz garantiert.<\/p>\n\n\n\n<p><\/p>\n<\/div>\n\n\n\n<div class=\"wp-block-column is-vertically-aligned-center is-layout-flow wp-block-column-is-layout-flow\" style=\"flex-basis:50%\">\n<figure class=\"wp-block-image size-full is-resized\"><img loading=\"lazy\" decoding=\"async\" width=\"1406\" height=\"1200\" src=\"https:\/\/www.zampolli.it\/wp-content\/uploads\/avvolgimenti-motori-elettrici-motovibratori.png\" alt=\"Elektrische Motorwicklungen f\u00fcr Vibrationsmotoren\nZampolli\" class=\"wp-image-6487\" style=\"width:493px;height:auto\" srcset=\"https:\/\/www.zampolli.it\/wp-content\/uploads\/avvolgimenti-motori-elettrici-motovibratori.png 1406w, https:\/\/www.zampolli.it\/wp-content\/uploads\/avvolgimenti-motori-elettrici-motovibratori-300x256.png 300w, https:\/\/www.zampolli.it\/wp-content\/uploads\/avvolgimenti-motori-elettrici-motovibratori-1024x874.png 1024w, https:\/\/www.zampolli.it\/wp-content\/uploads\/avvolgimenti-motori-elettrici-motovibratori-768x655.png 768w\" sizes=\"auto, (max-width: 1406px) 100vw, 1406px\" \/><\/figure>\n<\/div>\n<\/div>\n<\/div><\/div>\n\n\n\n<p class=\"has-text-align-center has-background\" style=\"background-color:#f8f8f8;line-height:1.5\">Die sorgf\u00e4ltig konstruierten Wicklungen von Avvolgimenti Zampolli tragen ma\u00dfgeblich zur langen <strong>Lebensdauer des Vibrationsmotors<\/strong> bei und verhindern Ausrichtungsfehler, Leckstr\u00f6me, Teilentladungen und ungeplante Stillst\u00e4nde.<\/p>\n\n\n\n<div style=\"height:80px;width:0px\" aria-hidden=\"true\" class=\"wp-block-spacer\"><\/div>\n<\/div><\/div>\n\n\n\n<h2 class=\"wp-block-heading has-text-align-center\"><strong>Entdecken Sie unsere Einsatzbereiche<\/strong><\/h2>\n\n\n\n<div style=\"height:63px;width:0px\" aria-hidden=\"true\" class=\"wp-block-spacer\"><\/div>\n\n\n\n<div class=\"wp-block-genesis-blocks-gb-columns gb-layout-columns-4 gb-4-col-equal gb-columns-center\"><div class=\"gb-layout-column-wrap gb-block-layout-column-gap-2 gb-is-responsive-column\" style=\"max-width:678px\">\n<div class=\"wp-block-genesis-blocks-gb-column gb-block-layout-column\"><div class=\"gb-block-layout-column-inner\"><div class=\"wp-block-image\">\n<figure class=\"aligncenter size-large is-resized\"><img decoding=\"async\" src=\"https:\/\/www.zampolli.it\/wp-content\/uploads\/automotive.svg\" alt=\"\" style=\"width:123px;height:auto\"\/><\/figure>\n<\/div>\n\n\n<p class=\"has-text-align-center\"><strong><a href=\"https:\/\/www.zampolli.it\/de\/elektromotor-wicklungen-automobilindustrie\/\">AUTOMOBIL-INDUSTRIE<\/a><\/strong><\/p>\n<\/div><\/div>\n\n\n\n<div class=\"wp-block-genesis-blocks-gb-column gb-block-layout-column\"><div class=\"gb-block-layout-column-inner\"><div class=\"wp-block-image\">\n<figure class=\"aligncenter size-large is-resized\"><img decoding=\"async\" src=\"https:\/\/www.zampolli.it\/wp-content\/uploads\/Elettromandrini.svg\" alt=\"\" style=\"width:119px;height:auto\"\/><\/figure>\n<\/div>\n\n\n<p class=\"has-text-align-center\"><strong><a href=\"https:\/\/www.zampolli.it\/de\/elektromotoren-wicklungen-spindelmotoren\/\">ELEKTRO-SPINDELN<\/a><\/strong><\/p>\n<\/div><\/div>\n\n\n\n<div class=\"wp-block-genesis-blocks-gb-column gb-block-layout-column\"><div class=\"gb-block-layout-column-inner\"><div class=\"wp-block-image\">\n<figure class=\"aligncenter size-large is-resized\"><img decoding=\"async\" src=\"https:\/\/www.zampolli.it\/wp-content\/uploads\/Trazione%20elettrica.svg\" alt=\"\" style=\"width:119px;height:auto\"\/><\/figure>\n<\/div>\n\n\n<p class=\"has-text-align-center\"><strong><a href=\"https:\/\/www.zampolli.it\/de\/wicklungen-elektromotoren-elektrischer-antrieb\/\">ANTRIEBS-TECHNIK<\/a><\/strong><\/p>\n<\/div><\/div>\n\n\n\n<div class=\"wp-block-genesis-blocks-gb-column gb-block-layout-column\"><div class=\"gb-block-layout-column-inner\"><div class=\"wp-block-image\">\n<figure class=\"aligncenter size-large is-resized\"><img decoding=\"async\" src=\"https:\/\/www.zampolli.it\/wp-content\/uploads\/Settore%20ferroviario%20e%20navale.svg\" alt=\"\" style=\"width:121px;height:auto\"\/><\/figure>\n<\/div>\n\n\n<p class=\"has-text-align-center\"><strong><a href=\"https:\/\/www.zampolli.it\/de\/elektromotoren-wicklungen-bahnindustrie-und-schiffbau\/\">BAHNINDUSTRIE UND SCHIFFBAU<\/a><\/strong><\/p>\n<\/div><\/div>\n<\/div><\/div>\n\n\n\n<div class=\"wp-block-genesis-blocks-gb-columns gb-layout-columns-4 gb-4-col-equal gb-columns-center\"><div class=\"gb-layout-column-wrap gb-block-layout-column-gap-2 gb-is-responsive-column\" style=\"max-width:678px\">\n<div class=\"wp-block-genesis-blocks-gb-column gb-block-layout-column\"><div class=\"gb-block-layout-column-inner\"><div class=\"wp-block-image\">\n<figure class=\"aligncenter size-large is-resized\"><img decoding=\"async\" src=\"https:\/\/www.zampolli.it\/wp-content\/uploads\/Motovibratori.svg\" alt=\"\" style=\"width:121px;height:auto\"\/><\/figure>\n<\/div>\n\n\n<p class=\"has-text-align-center\"><strong>VIBRATIONS-<br>MOTOREN<\/strong><\/p>\n<\/div><\/div>\n\n\n\n<div class=\"wp-block-genesis-blocks-gb-column gb-block-layout-column\"><div class=\"gb-block-layout-column-inner\"><div class=\"wp-block-image\">\n<figure class=\"aligncenter size-large is-resized\"><img decoding=\"async\" src=\"https:\/\/www.zampolli.it\/wp-content\/uploads\/Pompe.svg\" alt=\"\" style=\"width:123px;height:auto\"\/><\/figure>\n<\/div>\n\n\n<p class=\"has-text-align-center\"><strong><a href=\"https:\/\/www.zampolli.it\/de\/elektrische-motorwicklungen-pumpen\/\">PUMPEN<\/a><\/strong><\/p>\n<\/div><\/div>\n\n\n\n<div class=\"wp-block-genesis-blocks-gb-column gb-block-layout-column\"><div class=\"gb-block-layout-column-inner\"><div class=\"wp-block-image\">\n<figure class=\"aligncenter size-large is-resized\"><img decoding=\"async\" src=\"https:\/\/www.zampolli.it\/wp-content\/uploads\/Macchine%20utensili.svg\" alt=\"\" style=\"width:119px;height:auto\"\/><\/figure>\n<\/div>\n\n\n<p class=\"has-text-align-center\"><strong><a href=\"https:\/\/www.zampolli.it\/de\/wicklungen-elektromotoren-werkzeugmaschinen\/\">WERKZEUG-<br>MASCHINEN<\/a><\/strong><\/p>\n<\/div><\/div>\n\n\n\n<div class=\"wp-block-genesis-blocks-gb-column gb-block-layout-column\"><div class=\"gb-block-layout-column-inner\"><div class=\"wp-block-image\">\n<figure class=\"aligncenter size-large is-resized\"><img decoding=\"async\" src=\"https:\/\/www.zampolli.it\/wp-content\/uploads\/Motori%20brushless.svg\" alt=\"\" style=\"width:121px;height:auto\"\/><\/figure>\n<\/div>\n\n\n<p class=\"has-text-align-center\"><strong><a href=\"https:\/\/www.zampolli.it\/de\/elektrische-wicklungen-brushless-motoren\/\">BRUSHLESS-<br>MOTOREN<\/a><\/strong><\/p>\n<\/div><\/div>\n<\/div><\/div>\n\n\n\n<div style=\"height:82px;width:0px\" aria-hidden=\"true\" class=\"wp-block-spacer\"><\/div>\n\n\n\n<h2 class=\"wp-block-heading\"><strong>Zampolli: Die erste Wahl f\u00fcr Motorwicklungen in Vibrationsmotoren<\/strong><\/h2>\n<\/div>\n<\/div>\n\n\n\n<div style=\"height:12px\" aria-hidden=\"true\" class=\"wp-block-spacer\"><\/div>\n\n\n\n<p>Bei Avvolgimenti Zampolli legen wir gr\u00f6\u00dften Wert auf jedes technische Detail.<strong> <\/strong>Die <strong>Kupferverteilung<\/strong> in der Wicklung erfolgt manuell oder teilautomatisiert mit h\u00f6chster Pr\u00e4zision und stets unter Einsatz von <strong>Phasentrennern<\/strong> in Nut und Kopfbereich, die f\u00fcr die dauerhafte elektrische Zuverl\u00e4ssigkeit entscheidend sind.<\/p>\n\n\n\n<p>Wir w\u00e4hlen unsere Materialien <strong>nach den geltenden Branchenstandards<\/strong> aus, sodass <strong>vollst\u00e4ndige Konformit\u00e4t<\/strong> selbst in streng regulierten oder potenziell explosionsgef\u00e4hrdeten Umgebungen gew\u00e4hrleistet ist. Wir achten besonders auf die <strong>Isolierung zwischen den Wicklungsphasen<\/strong>, die mit fortschrittlichen Techniken und hochwertigen Materialien umgesetzt wird, um Teilentladungen, Kurzschl\u00fcsse und Ausf\u00e4lle zu vermeiden.<\/p>\n\n\n\n<p><\/p>\n\n\n\n<p class=\"has-text-align-center has-background\" style=\"background-color:#f8f8f8;line-height:1.5\">Die sorgf\u00e4ltig konstruierten Wicklungen von Avvolgimenti Zampolli tragen ma\u00dfgeblich zur langen <strong>Lebensdauer des Vibrationsmotors<\/strong> bei und verhindern Ausrichtungsfehler, Leckstr\u00f6me, Teilentladungen und ungeplante Stillst\u00e4nde.<\/p>\n<\/div><\/div>\n\n\n\n<div style=\"height:74px\" aria-hidden=\"true\" class=\"wp-block-spacer\"><\/div>\n\n\n\n<div class=\"logo-simbolo has-text-align-center\">\n<svg version=\"1.1\" id=\"Livello_1\" xmlns=\"http:\/\/www.w3.org\/2000\/svg\" x=\"0\" y=\"0\" viewBox=\"0 0 140.1 144.5\" xml:space=\"preserve\"><style>.st1{fill:#fff}.st5{display:inline}.st6{fill:#fff;stroke:#fff;stroke-width:.75;stroke-miterlimit:10}.st7{display:inline;fill:#e5332a}<\/style><path d=\"M131 69.4c0 33.9-27.5 61.5-61.5 61.5C35.6 130.9 8 103.4 8 69.4 8 35.5 35.5 7.9 69.5 7.9S131 35.4 131 69.4z\" fill=\"#5e5e5e\"><\/path><path class=\"st1\" d=\"M124.1 69.4c0 30.2-24.4 54.6-54.6 54.6S14.9 99.6 14.9 69.4s24.4-54.6 54.6-54.6c30.2 0 54.6 24.4 54.6 54.6z\"><\/path><path d=\"M82.5 34c-5 0-9.8 1.1-14.2 3 16 3.8 27.9 16.8 27.9 32.4 0 15.5-11.8 28.6-27.9 32.4 4.3 1.9 9.1 3 14.2 3 19.5 0 35.3-15.8 35.3-35.3C117.8 49.9 102 34 82.5 34z\" fill=\"#e5332a\"><\/path><path d=\"M85.4 112.1c-23.7 0-43-19.2-43-43 0-23.7 19.3-43 43-43 1.7 0 3.4.1 5 .3-6.3-3.1-13.4-4.8-20.8-4.8-26.4 0-47.7 21.4-47.7 47.7 0 26.4 21.4 47.7 47.7 47.7 8 0 15.6-2 22.2-5.5-2.1.4-4.3.6-6.4.6z\" fill=\"#e84e1b\"><\/path><\/svg><\/div>\n\n\n\n<div style=\"height:32px\" aria-hidden=\"true\" class=\"wp-block-spacer\"><\/div>\n\n\n\n<div class=\"wp-block-group\"><div class=\"wp-block-group__inner-container is-layout-flow wp-block-group-is-layout-flow\">\n<h2 class=\"wp-block-heading has-text-align-center arancio\"><strong><strong>Ben\u00f6tigen Sie weitere Informationen zu unseren Produkten?<\/strong><\/strong><\/h2>\n\n\n\n<div style=\"height:30px\" aria-hidden=\"true\" class=\"wp-block-spacer\"><\/div>\n\n\n\n<p class=\"has-text-align-center\">Dank einer speziellen, aber flexiblen Ausr\u00fcstung k\u00f6nnen wir eine sehr breite Palette von Asynchronwicklungen herstellen<\/p>\n\n\n\n<div class=\"wp-block-buttons is-content-justification-center is-layout-flex wp-container-core-buttons-is-layout-16018d1d wp-block-buttons-is-layout-flex\">\n<div class=\"wp-block-button\"><a class=\"wp-block-button__link wp-element-button\" href=\"https:\/\/www.zampolli.it\/de\/info\/\">\u00dcberpr\u00fcfen Sie unsere Produkte<\/a><\/div>\n<\/div>\n<\/div><\/div>\n\n\n\n<p><\/p>\n","protected":false},"excerpt":{"rendered":"<p>Elektrische Motorwicklungen f\u00fcr Vibrationsmotoren Wie Wicklungen die Stabilit\u00e4t von Motorvibratoren sichern Um eine gleichbleibend hohe Leistung und lange Lebensdauer sicherzustellen, werden die Motorwicklungen individuell konstruiert und gefertigt. Dabei kommen Materialien und Technologien zum Einsatz, die selbst extremen mechanischen und thermischen Belastungen standhalten.Bei Avvolgimenti Zampolli legen wir gr\u00f6\u00dften Wert auf jedes Detail: Kritische Betriebsbedingungen der Wicklungen [&hellip;]<\/p>\n","protected":false},"author":3,"featured_media":0,"parent":0,"menu_order":0,"comment_status":"closed","ping_status":"closed","template":"","meta":{"_genesis_hide_title":true,"_genesis_hide_breadcrumbs":true,"_genesis_hide_singular_image":true,"_genesis_hide_footer_widgets":false,"_genesis_custom_body_class":"","_genesis_custom_post_class":"","_genesis_layout":"full-width-content","footnotes":""},"class_list":{"0":"post-5829","1":"page","2":"type-page","3":"status-publish","5":"entry"},"featured_image_src":null,"featured_image_src_square":null,"_links":{"self":[{"href":"https:\/\/www.zampolli.it\/de\/wp-json\/wp\/v2\/pages\/5829","targetHints":{"allow":["GET"]}}],"collection":[{"href":"https:\/\/www.zampolli.it\/de\/wp-json\/wp\/v2\/pages"}],"about":[{"href":"https:\/\/www.zampolli.it\/de\/wp-json\/wp\/v2\/types\/page"}],"author":[{"embeddable":true,"href":"https:\/\/www.zampolli.it\/de\/wp-json\/wp\/v2\/users\/3"}],"replies":[{"embeddable":true,"href":"https:\/\/www.zampolli.it\/de\/wp-json\/wp\/v2\/comments?post=5829"}],"version-history":[{"count":21,"href":"https:\/\/www.zampolli.it\/de\/wp-json\/wp\/v2\/pages\/5829\/revisions"}],"predecessor-version":[{"id":7035,"href":"https:\/\/www.zampolli.it\/de\/wp-json\/wp\/v2\/pages\/5829\/revisions\/7035"}],"wp:attachment":[{"href":"https:\/\/www.zampolli.it\/de\/wp-json\/wp\/v2\/media?parent=5829"}],"curies":[{"name":"wp","href":"https:\/\/api.w.org\/{rel}","templated":true}]}}