{"id":5421,"date":"2025-09-08T10:59:39","date_gmt":"2025-09-08T10:59:39","guid":{"rendered":"https:\/\/www.zampolli.it\/?page_id=5421"},"modified":"2026-01-14T11:29:58","modified_gmt":"2026-01-14T11:29:58","slug":"qualitaet-und-innovation","status":"publish","type":"page","link":"https:\/\/www.zampolli.it\/de\/qualitaet-und-innovation\/","title":{"rendered":"Qualit\u00e4t und Innovation"},"content":{"rendered":"\n<div style=\"background-color:#0b0b0b;padding-left:5%;padding-right:5%;padding-bottom:15%;padding-top:30%\" class=\"wp-block-genesis-blocks-gb-container hero_inner gb-block-container alignfull\"><div class=\"gb-container-inside\"><div class=\"gb-container-image-wrap\"><img decoding=\"async\" class=\"gb-container-image has-background-dim-100 has-background-dim\" src=\"https:\/\/www.zampolli.it\/wp-content\/uploads\/slide_home.jpg\" alt=\"\"\/><\/div><div class=\"gb-container-content\" style=\"max-width:700px\"><\/div><\/div><\/div>\n\n\n\n<div class=\"wp-block-group alignwide\"><div class=\"wp-block-group__inner-container is-layout-flow wp-block-group-is-layout-flow\">\n<div class=\"wp-block-columns is-layout-flex wp-container-core-columns-is-layout-9d6595d7 wp-block-columns-is-layout-flex\">\n<div class=\"wp-block-column is-layout-flow wp-block-column-is-layout-flow\" style=\"flex-basis:100%\">\n<h1 class=\"wp-block-heading has-text-align-left titolo-pagina blu\"><strong>Qualit\u00e4t und Innovation<\/strong><\/h1>\n\n\n\n<div class=\"wp-block-group sfondo-grigio\"><div class=\"wp-block-group__inner-container is-layout-flow wp-block-group-is-layout-flow\">\n<p>Seit mehr als 50 Jahren vereint Avvolgimenti Zampolli <strong>traditionelle italienische Handwerkskunst<\/strong> mit modernster Technologie, um Wicklungen f\u00fcr Elektromotoren zu fertigen, die h\u00f6chste Qualit\u00e4t bieten und individuell auf die Bed\u00fcrfnisse jedes Kunden zugeschnitten sind.<\/p>\n\n\n\n<div style=\"height:14px\" aria-hidden=\"true\" class=\"wp-block-spacer\"><\/div>\n\n\n\n<div style=\"height:0px\" aria-hidden=\"true\" class=\"wp-block-spacer\"><\/div>\n<\/div><\/div>\n\n\n\n<div style=\"height:21px\" aria-hidden=\"true\" class=\"wp-block-spacer\"><\/div>\n\n\n\n<div class=\"wp-block-columns are-vertically-aligned-center is-layout-flex wp-container-core-columns-is-layout-9d6595d7 wp-block-columns-is-layout-flex\">\n<div class=\"wp-block-column is-vertically-aligned-center is-layout-flow wp-block-column-is-layout-flow\" style=\"flex-basis:50%\">\n<div class=\"wp-block-group\"><div class=\"wp-block-group__inner-container is-layout-constrained wp-block-group-is-layout-constrained\">\n<p>Unser Unternehmen ist nach <strong>UNI EN ISO 9001:2015<\/strong> zertifiziert, was unser Eifer f\u00fcr ein konsequentes und transparentes Qualit\u00e4tsmanagement unterstreicht.<\/p>\n\n\n\n<p>Jede Produktionsphase wird genau \u00fcberwacht, unterst\u00fctzt durch unser <strong>MES-System<\/strong>, das die neuen Industrie-4.0-Maschinen in Echtzeit mit dem Managementsystem verbindet.<\/p>\n\n\n\n<p>So behalten wir jederzeit den \u00dcberblick \u00fcber jede Bestellung und optimieren Lieferzeiten, Lagerverwaltung und Nachverfolgbarkeit der Prozesse.<\/p>\n<\/div><\/div>\n<\/div>\n\n\n\n<div class=\"wp-block-column is-vertically-aligned-center is-layout-flow wp-block-column-is-layout-flow\" style=\"flex-basis:50%\">\n<blockquote class=\"wp-block-quote is-layout-flow wp-block-quote-is-layout-flow\">\n<blockquote class=\"wp-block-quote is-layout-flow wp-block-quote-is-layout-flow\">\n<blockquote class=\"wp-block-quote is-layout-flow wp-block-quote-is-layout-flow\">\n<h5 class=\"wp-block-heading has-text-align-center\"><strong>Unternehmen zertifiziert nach<\/strong><\/h5>\n\n\n<div class=\"wp-block-image\">\n<figure class=\"aligncenter size-full\"><a href=\"\/wp-content\/uploads\/PC-21751-ISO-9001-CERTIFICATO-ENG-DE.pdf\" target=\"_blank\" rel=\" noreferrer noopener\"><img decoding=\"async\" src=\"https:\/\/www.zampolli.it\/wp-content\/uploads\/avvolgimenti-zampolli-certificati-qualita.jpg\" alt=\"Handwerkskunst und Innovation, gemeinsam f\u00fcr Qualit\u00e4t\" class=\"wp-image-5819\"\/><\/a><\/figure>\n<\/div>\n\n\n<p class=\"has-text-align-center\" style=\"font-size:25px\">Handwerkskunst und Innovation, gemeinsam f\u00fcr Qualit\u00e4t<\/p>\n<\/blockquote>\n<\/blockquote>\n<\/blockquote>\n<\/div>\n<\/div>\n\n\n\n<div style=\"height:15px\" aria-hidden=\"true\" class=\"wp-block-spacer\"><\/div>\n\n\n\n<div class=\"wp-block-columns is-layout-flex wp-container-core-columns-is-layout-9d6595d7 wp-block-columns-is-layout-flex\">\n<div class=\"wp-block-column is-layout-flow wp-block-column-is-layout-flow\">\n<figure class=\"wp-block-image size-large\"><img loading=\"lazy\" decoding=\"async\" width=\"1024\" height=\"874\" src=\"https:\/\/www.zampolli.it\/wp-content\/uploads\/avvolgimenti-zampolli-parco-macchine-1024x874.png\" alt=\"Modernisierung unseres Maschinenparks\" class=\"wp-image-5619\" srcset=\"https:\/\/www.zampolli.it\/wp-content\/uploads\/avvolgimenti-zampolli-parco-macchine-1024x874.png 1024w, https:\/\/www.zampolli.it\/wp-content\/uploads\/avvolgimenti-zampolli-parco-macchine-300x256.png 300w, https:\/\/www.zampolli.it\/wp-content\/uploads\/avvolgimenti-zampolli-parco-macchine-768x655.png 768w, https:\/\/www.zampolli.it\/wp-content\/uploads\/avvolgimenti-zampolli-parco-macchine.png 1406w\" sizes=\"auto, (max-width: 1024px) 100vw, 1024px\" \/><\/figure>\n<\/div>\n\n\n\n<div class=\"wp-block-column is-layout-flow wp-block-column-is-layout-flow\">\n<h2 class=\"wp-block-heading\"><strong><strong><strong><strong><strong>Ein moderner Maschinenpark f<strong>\u00fc<\/strong>r maximale Flexibilit\u00e4t <\/strong><\/strong><\/strong><\/strong><\/strong><\/h2>\n\n\n\n<div style=\"height:20px\" aria-hidden=\"true\" class=\"wp-block-spacer\"><\/div>\n\n\n\n<p>In den letzten Jahren haben wir erheblich in die <strong>Modernisierung unseres Maschinenparks<\/strong> investiert. Veraltete Anlagen wurden durch leistungsstarke, effiziente Systeme ersetzt, die pr\u00e4zisere und schnellere Fertigungen erm\u00f6glichen, ohne den Mehrwert handwerklicher Arbeit zu verlieren<strong>.<\/strong><\/p>\n\n\n\n<p>Manuelle Fertigungsschritte sind nach wie vor ein Kennzeichen unseres Produktionsprozesses. Sie erm\u00f6glichen Pr\u00e4zisionsgrade, die allein durch automatisierte Abl\u00e4ufe nicht erreicht werden, besonders bei <strong>kleinen Losgr\u00f6\u00dfen<\/strong> und in der <strong>Prototypenphase<\/strong>. <br>Dieser hybride Ansatz gibt uns die <strong>Flexibilit\u00e4t<\/strong>, individuell auf Kundenw\u00fcnsche einzugehen und sie bei der Entwicklung ma\u00dfgeschneiderter L\u00f6sungen zu unterst\u00fctzen.<\/p>\n\n\n\n<p>Jeder Arbeitsschritt wird sorgf\u00e4ltig nachverfolgt, gepr\u00fcft und dokumentiert, um kontinuierliche Verbesserung und volle Transparenz zu gew\u00e4hrleisten.<\/p>\n<\/div>\n<\/div>\n\n\n\n<div style=\"height:46px\" aria-hidden=\"true\" class=\"wp-block-spacer\"><\/div>\n\n\n\n<div class=\"wp-block-genesis-blocks-gb-container gb-block-container\"><div class=\"gb-container-inside\"><div class=\"gb-container-content\">\n<h2 class=\"wp-block-heading has-text-align-center\"><strong>Erleben Sie unsere Geschichte neu und entdecken Sie die Werte, die jedes unserer Projekte leiten<\/strong><\/h2>\n\n\n\n<div style=\"height:40px\" aria-hidden=\"true\" class=\"wp-block-spacer\"><\/div>\n\n\n\n<div class=\"wp-block-group\"><div class=\"wp-block-group__inner-container is-layout-constrained wp-block-group-is-layout-constrained\">\n<div class=\"wp-block-columns is-layout-flex wp-container-core-columns-is-layout-9d6595d7 wp-block-columns-is-layout-flex\">\n<div class=\"wp-block-column is-layout-flow wp-block-column-is-layout-flow\"><div class=\"wp-block-image\">\n<figure class=\"alignright size-large is-resized\"><a href=\"https:\/\/www.zampolli.it\/de\/geschichte\/\"><img loading=\"lazy\" decoding=\"async\" width=\"1024\" height=\"874\" src=\"https:\/\/www.zampolli.it\/wp-content\/uploads\/avvolgimenti-zampolli-nostre-radici-1024x874.png\" alt=\"\" class=\"wp-image-5562\" style=\"width:306px;height:auto\" srcset=\"https:\/\/www.zampolli.it\/wp-content\/uploads\/avvolgimenti-zampolli-nostre-radici-1024x874.png 1024w, https:\/\/www.zampolli.it\/wp-content\/uploads\/avvolgimenti-zampolli-nostre-radici-300x256.png 300w, https:\/\/www.zampolli.it\/wp-content\/uploads\/avvolgimenti-zampolli-nostre-radici-768x655.png 768w, https:\/\/www.zampolli.it\/wp-content\/uploads\/avvolgimenti-zampolli-nostre-radici.png 1406w\" sizes=\"auto, (max-width: 1024px) 100vw, 1024px\" \/><\/a><figcaption class=\"wp-element-caption\">UNSERE WURZELN<br> UND UNSERE GEGNWART <\/figcaption><\/figure>\n<\/div><\/div>\n\n\n\n<div class=\"wp-block-column is-layout-flow wp-block-column-is-layout-flow\"><div class=\"wp-block-image\">\n<figure class=\"alignleft size-large is-resized\"><a href=\"https:\/\/www.zampolli.it\/de\/philosophie-und-werte\/\"><img loading=\"lazy\" decoding=\"async\" width=\"1024\" height=\"874\" src=\"https:\/\/www.zampolli.it\/wp-content\/uploads\/avvolgimenti-zampolli-nostro-presente-1024x874.png\" alt=\"\" class=\"wp-image-5569\" style=\"width:298px;height:auto\" srcset=\"https:\/\/www.zampolli.it\/wp-content\/uploads\/avvolgimenti-zampolli-nostro-presente-1024x874.png 1024w, https:\/\/www.zampolli.it\/wp-content\/uploads\/avvolgimenti-zampolli-nostro-presente-300x256.png 300w, https:\/\/www.zampolli.it\/wp-content\/uploads\/avvolgimenti-zampolli-nostro-presente-768x655.png 768w, https:\/\/www.zampolli.it\/wp-content\/uploads\/avvolgimenti-zampolli-nostro-presente.png 1406w\" sizes=\"auto, (max-width: 1024px) 100vw, 1024px\" \/><\/a><figcaption class=\"wp-element-caption\">UNSER ENGAGEMENT <br>F\u00dcR QUALIT<strong>\u00c4<\/strong>T <br><\/figcaption><\/figure>\n<\/div><\/div>\n<\/div>\n<\/div><\/div>\n\n\n\n<p class=\"has-text-align-center\"><\/p>\n<\/div><\/div><\/div>\n<\/div>\n<\/div>\n<\/div><\/div>\n\n\n\n<div style=\"height:32px\" aria-hidden=\"true\" class=\"wp-block-spacer\"><\/div>\n\n\n\n<div class=\"wp-block-group\"><div class=\"wp-block-group__inner-container is-layout-flow wp-block-group-is-layout-flow\">\n<h2 class=\"wp-block-heading has-text-align-center arancio\"><strong><strong>Ben\u00f6tigen Sie weitere Informationen zu unseren Produkten?<\/strong><\/strong><\/h2>\n\n\n\n<div style=\"height:30px\" aria-hidden=\"true\" class=\"wp-block-spacer\"><\/div>\n\n\n\n<p class=\"has-text-align-center\">Dank einer speziellen, aber flexiblen Ausr\u00fcstung k\u00f6nnen wir eine sehr breite Palette von Asynchronwicklungen herstellen<\/p>\n\n\n\n<div class=\"wp-block-buttons is-content-justification-center is-layout-flex wp-container-core-buttons-is-layout-16018d1d wp-block-buttons-is-layout-flex\">\n<div class=\"wp-block-button\"><a class=\"wp-block-button__link wp-element-button\" href=\"https:\/\/www.zampolli.it\/de\/info\/\">\u00dcberpr\u00fcfen Sie unsere Produkte<\/a><\/div>\n<\/div>\n<\/div><\/div>\n\n\n\n<p><\/p>\n","protected":false},"excerpt":{"rendered":"<p>Qualit\u00e4t und Innovation Seit mehr als 50 Jahren vereint Avvolgimenti Zampolli traditionelle italienische Handwerkskunst mit modernster Technologie, um Wicklungen f\u00fcr Elektromotoren zu fertigen, die h\u00f6chste Qualit\u00e4t bieten und individuell auf die Bed\u00fcrfnisse jedes Kunden zugeschnitten sind. Unser Unternehmen ist nach UNI EN ISO 9001:2015 zertifiziert, was unser Eifer f\u00fcr ein konsequentes und transparentes Qualit\u00e4tsmanagement unterstreicht. [&hellip;]<\/p>\n","protected":false},"author":3,"featured_media":0,"parent":0,"menu_order":0,"comment_status":"closed","ping_status":"closed","template":"","meta":{"_genesis_hide_title":true,"_genesis_hide_breadcrumbs":true,"_genesis_hide_singular_image":true,"_genesis_hide_footer_widgets":false,"_genesis_custom_body_class":"","_genesis_custom_post_class":"","_genesis_layout":"full-width-content","footnotes":""},"class_list":{"0":"post-5421","1":"page","2":"type-page","3":"status-publish","5":"entry"},"featured_image_src":null,"featured_image_src_square":null,"_links":{"self":[{"href":"https:\/\/www.zampolli.it\/de\/wp-json\/wp\/v2\/pages\/5421","targetHints":{"allow":["GET"]}}],"collection":[{"href":"https:\/\/www.zampolli.it\/de\/wp-json\/wp\/v2\/pages"}],"about":[{"href":"https:\/\/www.zampolli.it\/de\/wp-json\/wp\/v2\/types\/page"}],"author":[{"embeddable":true,"href":"https:\/\/www.zampolli.it\/de\/wp-json\/wp\/v2\/users\/3"}],"replies":[{"embeddable":true,"href":"https:\/\/www.zampolli.it\/de\/wp-json\/wp\/v2\/comments?post=5421"}],"version-history":[{"count":16,"href":"https:\/\/www.zampolli.it\/de\/wp-json\/wp\/v2\/pages\/5421\/revisions"}],"predecessor-version":[{"id":7161,"href":"https:\/\/www.zampolli.it\/de\/wp-json\/wp\/v2\/pages\/5421\/revisions\/7161"}],"wp:attachment":[{"href":"https:\/\/www.zampolli.it\/de\/wp-json\/wp\/v2\/media?parent=5421"}],"curies":[{"name":"wp","href":"https:\/\/api.w.org\/{rel}","templated":true}]}}