{"id":5214,"date":"2025-09-10T14:31:43","date_gmt":"2025-09-10T14:31:43","guid":{"rendered":"https:\/\/www.zampolli.it\/?page_id=5214"},"modified":"2025-12-05T11:11:46","modified_gmt":"2025-12-05T11:11:46","slug":"leistungen","status":"publish","type":"page","link":"https:\/\/www.zampolli.it\/de\/leistungen\/","title":{"rendered":"Leistungen"},"content":{"rendered":"\n<div style=\"background-color:#0b0b0b;padding-left:5%;padding-right:5%;padding-bottom:15%;padding-top:30%\" class=\"wp-block-genesis-blocks-gb-container hero_inner gb-block-container alignfull\"><div class=\"gb-container-inside\"><div class=\"gb-container-image-wrap\"><img decoding=\"async\" class=\"gb-container-image has-background-dim-100 has-background-dim\" src=\"https:\/\/www.zampolli.it\/wp-content\/uploads\/slide_home.jpg\" alt=\"\"\/><\/div><div class=\"gb-container-content\" style=\"max-width:700px\"><\/div><\/div><\/div>\n\n\n\n<div class=\"wp-block-group alignwide\"><div class=\"wp-block-group__inner-container is-layout-flow wp-block-group-is-layout-flow\">\n<div class=\"wp-block-columns is-layout-flex wp-container-core-columns-is-layout-9d6595d7 wp-block-columns-is-layout-flex\">\n<div class=\"wp-block-column is-layout-flow wp-block-column-is-layout-flow\" style=\"flex-basis:100%\">\n<h1 class=\"wp-block-heading has-text-align-left titolo-pagina blu\">Unsere Leistungen<\/h1>\n\n\n\n<div class=\"wp-block-genesis-blocks-gb-container gb-block-container\"><div class=\"gb-container-inside\"><div class=\"gb-container-content\">\n<p><\/p>\n\n\n\n<p class=\"has-text-align-left has-background\" style=\"background-color:#f8f8f8\">Jeder Spezialmotor ben\u00f6tigt Wicklungen, die pr\u00e4zise entwickelt und gr\u00fcndlich gepr\u00fcft werden. Avvolgimenti Zampolli bietet <strong>umfassende Unterst\u00fctzung bei der individuellen Entwicklung und Herstellung von Prototypen. <\/strong>So gew\u00e4hrleisten wir zuverl\u00e4ssige Betriebsf\u00e4higkeit, optimale geometrische Anpassung und gleichbleibend hohe Qualit\u00e4t, selbst unter <strong>besonderen Produktionsbedingungen.<\/strong><br><\/p>\n<\/div><\/div><\/div>\n\n\n\n<div class=\"wp-block-columns is-layout-flex wp-container-core-columns-is-layout-9d6595d7 wp-block-columns-is-layout-flex\">\n<div class=\"wp-block-column is-layout-flow wp-block-column-is-layout-flow\" style=\"flex-basis:50%\">\n<figure class=\"wp-block-image size-large is-style-default\"><a href=\"https:\/\/www.zampolli.it\/de\/wicklungen-drehstrom-asynchronmotoren\/\"><img loading=\"lazy\" decoding=\"async\" width=\"1024\" height=\"874\" src=\"https:\/\/www.zampolli.it\/wp-content\/uploads\/avvolgimenti-zampolli-nostre-radici-1024x874.png\" alt=\"\" class=\"wp-image-5562\" srcset=\"https:\/\/www.zampolli.it\/wp-content\/uploads\/avvolgimenti-zampolli-nostre-radici-1024x874.png 1024w, https:\/\/www.zampolli.it\/wp-content\/uploads\/avvolgimenti-zampolli-nostre-radici-300x256.png 300w, https:\/\/www.zampolli.it\/wp-content\/uploads\/avvolgimenti-zampolli-nostre-radici-768x655.png 768w, https:\/\/www.zampolli.it\/wp-content\/uploads\/avvolgimenti-zampolli-nostre-radici.png 1406w\" sizes=\"auto, (max-width: 1024px) 100vw, 1024px\" \/><\/a><figcaption class=\"wp-element-caption\"><a href=\"https:\/\/www.zampolli.it\/de\/wicklungen-drehstrom-asynchronmotoren\/\"><strong>WICKLUNGEN <strong> F\u00dcR <\/strong><\/strong>DREHSTROM-ASYNCHRONMOTOREN <strong> <\/strong><\/a><br><\/figcaption><\/figure>\n<\/div>\n\n\n\n<div class=\"wp-block-column is-layout-flow wp-block-column-is-layout-flow\" style=\"flex-basis:50%\">\n<figure class=\"wp-block-image size-large\"><a href=\"https:\/\/www.zampolli.it\/de\/spezialwicklungen-elektromotoren\/\"><img loading=\"lazy\" decoding=\"async\" width=\"1024\" height=\"874\" src=\"https:\/\/www.zampolli.it\/wp-content\/uploads\/avvolgimenti-zampolli-nostro-presente-1024x874.png\" alt=\"\" class=\"wp-image-5569\" srcset=\"https:\/\/www.zampolli.it\/wp-content\/uploads\/avvolgimenti-zampolli-nostro-presente-1024x874.png 1024w, https:\/\/www.zampolli.it\/wp-content\/uploads\/avvolgimenti-zampolli-nostro-presente-300x256.png 300w, https:\/\/www.zampolli.it\/wp-content\/uploads\/avvolgimenti-zampolli-nostro-presente-768x655.png 768w, https:\/\/www.zampolli.it\/wp-content\/uploads\/avvolgimenti-zampolli-nostro-presente.png 1406w\" sizes=\"auto, (max-width: 1024px) 100vw, 1024px\" \/><\/a><figcaption class=\"wp-element-caption\"><strong><a href=\"https:\/\/www.zampolli.it\/de\/spezialwicklungen-elektromotoren\/\">SPEZIALWICKLUNGEN F\u00dcR ELEKTROMOTOREN<\/a><\/strong><br><\/figcaption><\/figure>\n<\/div>\n<\/div>\n\n\n\n<div style=\"height:26px\" aria-hidden=\"true\" class=\"wp-block-spacer\"><\/div>\n\n\n\n<h2 class=\"wp-block-heading\"><strong>Unterst\u00fctzung bei der Entwicklung<\/strong><\/h2>\n\n\n\n<div style=\"height:26px\" aria-hidden=\"true\" class=\"wp-block-spacer\"><\/div>\n\n\n\n<p>Die Entwicklung von Wicklungen au\u00dferhalb des Standards erfordert einen <strong>ma\u00dfgeschneiderten Ansatz<\/strong>, bei dem jede Phase exakt auf die spezifischen Anforderungen des Motors abgestimmt ist. Eine besondere St\u00e4rke von Avvolgimenti Zampolli ist es, von Anfang <strong>an eng und konstruktiv mit jedem Kunden zusammenzuarbeiten<\/strong>: eine Partnerschaft, die wir von Beginn an als zentral ansehen.<\/p>\n\n\n\n<p>Wir arbeiten eng mit unseren Auftraggebern zusammen, um gemeinsam<strong> Materialien, Wicklungsaufbau, Isolationsarten und Optimierungsstrategien<\/strong> zu bewerten. Durch diesen kontinuierlichen Austausch k\u00f6nnen wir auch bei <strong>schr\u00e4gen Nuten, komplexen Geometrien oder abweichenden Ma\u00dfvorgaben<\/strong> pr\u00e4zise handeln.<\/p>\n\n\n\n<p>Unsere Fertigung erfolgt <strong>vollst\u00e4ndig manuell<\/strong>, sodass wir jeden Arbeitsschritt individuell anpassen k\u00f6nnen, vom ersten Isolieren bis zur abschlie\u00dfenden Wickelbindung. Dank der Erfahrung und Kompetenz unseres Teams entsteht so <strong>eine passgenaue L\u00f6sung<\/strong>, die sich auch f\u00fcr <strong>Kleinserien oder Einzelst\u00fccke<\/strong> eignet und stets innerhalb der geforderten Toleranzen realisiert wird.&nbsp;<\/p>\n\n\n\n<div style=\"height:51px\" aria-hidden=\"true\" class=\"wp-block-spacer\"><\/div>\n\n\n\n<h2 class=\"wp-block-heading\"><strong>Prototypenherstellung und Musterfertigung<\/strong><\/h2>\n\n\n\n<div style=\"height:28px\" aria-hidden=\"true\" class=\"wp-block-spacer\"><\/div>\n\n\n\n<p>Eine Idee in eine funktionierende Wicklung zu verwandeln, erfordert Schnelligkeit und h\u00f6chste Genauigkeit. In der Prototypenphase pr\u00fcfen wir <strong>die Entwurfsentscheidungen, testen die technische Machbarkeit und beheben m\u00f6gliche Probleme, bevor die Serienproduktion beginnt.<\/strong><\/p>\n\n\n\n<p>Wir fertigen Prototypen und Kleinserien, selbst einzelne St\u00fccke, und unterst\u00fctzen bei der Auswahl <strong>von Geometrien, Materialien und Isolationsl\u00f6sungen<\/strong>. Jeder Prototyp wird von Anfang an so gefertigt, dass er die finalen Anforderungen erf\u00fcllt und dabei handwerkliche Pr\u00e4zision mit gleichbleibender Qualit\u00e4t vereint. Der gesamte Prozess l\u00e4uft z\u00fcgig ab, w\u00e4hrend wir jederzeit die volle Kontrolle \u00fcber jeden Arbeitsschritt behalten.<\/p>\n\n\n\n<div style=\"height:44px\" aria-hidden=\"true\" class=\"wp-block-spacer\"><\/div>\n\n\n\n<blockquote class=\"wp-block-quote is-layout-flow wp-block-quote-is-layout-flow\">\n<p class=\"has-text-align-center\" style=\"font-size:25px\"><strong>Wir verf\u00fcgen \u00fcber die Erfahrung, um Ihre Idee Wirklichkeit werden zu lassen eine Spule nach der anderen.<\/strong> Wir unterst\u00fctzen Sie mit ma\u00dfgeschneiderten Wicklungen und einsatzbereiten Prototypen f\u00fcr Ihre Testphasen.<\/p>\n\n\n\n<div style=\"height:71px\" aria-hidden=\"true\" class=\"wp-block-spacer\"><\/div>\n<\/blockquote>\n\n\n\n<h2 class=\"wp-block-heading has-text-align-center\"><strong>Entdecken Sie unsere Einsatzbereiche<\/strong><\/h2>\n<\/div>\n<\/div>\n<\/div><\/div>\n\n\n\n<div style=\"height:45px\" aria-hidden=\"true\" class=\"wp-block-spacer\"><\/div>\n\n\n\n<div class=\"wp-block-genesis-blocks-gb-columns gb-layout-columns-4 gb-4-col-equal gb-columns-center\"><div class=\"gb-layout-column-wrap gb-block-layout-column-gap-2 gb-is-responsive-column\" style=\"max-width:678px\">\n<div class=\"wp-block-genesis-blocks-gb-column gb-block-layout-column\"><div class=\"gb-block-layout-column-inner\"><div class=\"wp-block-image\">\n<figure class=\"aligncenter size-large is-resized\"><img decoding=\"async\" src=\"https:\/\/www.zampolli.it\/wp-content\/uploads\/automotive.svg\" alt=\"\" style=\"width:123px;height:auto\"\/><\/figure>\n<\/div>\n\n\n<p class=\"has-text-align-center\"><strong><a href=\"https:\/\/www.zampolli.it\/de\/elektromotor-wicklungen-automobilindustrie\/\">AUTOMOBIL-INDUSTRIE<\/a><\/strong><\/p>\n<\/div><\/div>\n\n\n\n<div class=\"wp-block-genesis-blocks-gb-column gb-block-layout-column\"><div class=\"gb-block-layout-column-inner\"><div class=\"wp-block-image\">\n<figure class=\"aligncenter size-large is-resized\"><img decoding=\"async\" src=\"https:\/\/www.zampolli.it\/wp-content\/uploads\/Elettromandrini.svg\" alt=\"\" style=\"width:119px;height:auto\"\/><\/figure>\n<\/div>\n\n\n<p class=\"has-text-align-center\"><strong><a href=\"https:\/\/www.zampolli.it\/de\/elektromotoren-wicklungen-spindelmotoren\/\">ELEKTRO-SPINDELN<\/a><\/strong><\/p>\n<\/div><\/div>\n\n\n\n<div class=\"wp-block-genesis-blocks-gb-column gb-block-layout-column\"><div class=\"gb-block-layout-column-inner\"><div class=\"wp-block-image\">\n<figure class=\"aligncenter size-large is-resized\"><img decoding=\"async\" src=\"https:\/\/www.zampolli.it\/wp-content\/uploads\/Trazione%20elettrica.svg\" alt=\"\" style=\"width:119px;height:auto\"\/><\/figure>\n<\/div>\n\n\n<p class=\"has-text-align-center\"><strong><a href=\"https:\/\/www.zampolli.it\/de\/wicklungen-elektromotoren-elektrischer-antrieb\/\">ANTRIEBS-TECHNIK<\/a><\/strong><\/p>\n<\/div><\/div>\n\n\n\n<div class=\"wp-block-genesis-blocks-gb-column gb-block-layout-column\"><div class=\"gb-block-layout-column-inner\"><div class=\"wp-block-image\">\n<figure class=\"aligncenter size-large is-resized\"><img decoding=\"async\" src=\"https:\/\/www.zampolli.it\/wp-content\/uploads\/Settore%20ferroviario%20e%20navale.svg\" alt=\"\" style=\"width:121px;height:auto\"\/><\/figure>\n<\/div>\n\n\n<p class=\"has-text-align-center\"><strong><a href=\"https:\/\/www.zampolli.it\/de\/elektromotoren-wicklungen-bahnindustrie-und-schiffbau\/\">BAHNINDUSTRIE UND SCHIFFBAU<\/a><\/strong><\/p>\n<\/div><\/div>\n<\/div><\/div>\n\n\n\n<div class=\"wp-block-genesis-blocks-gb-columns gb-layout-columns-4 gb-4-col-equal gb-columns-center\"><div class=\"gb-layout-column-wrap gb-block-layout-column-gap-2 gb-is-responsive-column\" style=\"max-width:678px\">\n<div class=\"wp-block-genesis-blocks-gb-column gb-block-layout-column\"><div class=\"gb-block-layout-column-inner\"><div class=\"wp-block-image\">\n<figure class=\"aligncenter size-large is-resized\"><img decoding=\"async\" src=\"https:\/\/www.zampolli.it\/wp-content\/uploads\/Motovibratori.svg\" alt=\"\" style=\"width:121px;height:auto\"\/><\/figure>\n<\/div>\n\n\n<p class=\"has-text-align-center\"><strong><a href=\"https:\/\/www.zampolli.it\/de\/elektrische-motorwicklungen-vibrationsmotoren\/\">VIBRATIONS-<br>MOTOREN<\/a><\/strong><\/p>\n<\/div><\/div>\n\n\n\n<div class=\"wp-block-genesis-blocks-gb-column gb-block-layout-column\"><div class=\"gb-block-layout-column-inner\"><div class=\"wp-block-image\">\n<figure class=\"aligncenter size-large is-resized\"><img decoding=\"async\" src=\"https:\/\/www.zampolli.it\/wp-content\/uploads\/Pompe.svg\" alt=\"\" style=\"width:123px;height:auto\"\/><\/figure>\n<\/div>\n\n\n<p class=\"has-text-align-center\"><strong><a href=\"https:\/\/www.zampolli.it\/de\/elektrische-motorwicklungen-pumpen\/\">PUMPEN<\/a><\/strong><\/p>\n<\/div><\/div>\n\n\n\n<div class=\"wp-block-genesis-blocks-gb-column gb-block-layout-column\"><div class=\"gb-block-layout-column-inner\"><div class=\"wp-block-image\">\n<figure class=\"aligncenter size-large is-resized\"><img decoding=\"async\" src=\"https:\/\/www.zampolli.it\/wp-content\/uploads\/Macchine%20utensili.svg\" alt=\"\" style=\"width:119px;height:auto\"\/><\/figure>\n<\/div>\n\n\n<p class=\"has-text-align-center\"><strong><a href=\"https:\/\/www.zampolli.it\/de\/wicklungen-elektromotoren-werkzeugmaschinen\/\">WERKZEUG-<br>MASCHINEN<\/a><\/strong><\/p>\n<\/div><\/div>\n\n\n\n<div class=\"wp-block-genesis-blocks-gb-column gb-block-layout-column\"><div class=\"gb-block-layout-column-inner\"><div class=\"wp-block-image\">\n<figure class=\"aligncenter size-large is-resized\"><img decoding=\"async\" src=\"https:\/\/www.zampolli.it\/wp-content\/uploads\/Motori%20brushless.svg\" alt=\"\" style=\"width:121px;height:auto\"\/><\/figure>\n<\/div>\n\n\n<p class=\"has-text-align-center\"><strong><a href=\"https:\/\/www.zampolli.it\/de\/elektrische-wicklungen-brushless-motoren\/\">BRUSHLESS-<br>MOTOREN<\/a><\/strong><\/p>\n<\/div><\/div>\n<\/div><\/div>\n\n\n\n<div style=\"height:111px\" aria-hidden=\"true\" class=\"wp-block-spacer\"><\/div>\n\n\n\n<div class=\"logo-simbolo has-text-align-center\">\n<svg version=\"1.1\" id=\"Livello_1\" xmlns=\"http:\/\/www.w3.org\/2000\/svg\" x=\"0\" y=\"0\" viewBox=\"0 0 140.1 144.5\" xml:space=\"preserve\"><style>.st1{fill:#fff}.st5{display:inline}.st6{fill:#fff;stroke:#fff;stroke-width:.75;stroke-miterlimit:10}.st7{display:inline;fill:#e5332a}<\/style><path d=\"M131 69.4c0 33.9-27.5 61.5-61.5 61.5C35.6 130.9 8 103.4 8 69.4 8 35.5 35.5 7.9 69.5 7.9S131 35.4 131 69.4z\" fill=\"#5e5e5e\"><\/path><path class=\"st1\" d=\"M124.1 69.4c0 30.2-24.4 54.6-54.6 54.6S14.9 99.6 14.9 69.4s24.4-54.6 54.6-54.6c30.2 0 54.6 24.4 54.6 54.6z\"><\/path><path d=\"M82.5 34c-5 0-9.8 1.1-14.2 3 16 3.8 27.9 16.8 27.9 32.4 0 15.5-11.8 28.6-27.9 32.4 4.3 1.9 9.1 3 14.2 3 19.5 0 35.3-15.8 35.3-35.3C117.8 49.9 102 34 82.5 34z\" fill=\"#e5332a\"><\/path><path d=\"M85.4 112.1c-23.7 0-43-19.2-43-43 0-23.7 19.3-43 43-43 1.7 0 3.4.1 5 .3-6.3-3.1-13.4-4.8-20.8-4.8-26.4 0-47.7 21.4-47.7 47.7 0 26.4 21.4 47.7 47.7 47.7 8 0 15.6-2 22.2-5.5-2.1.4-4.3.6-6.4.6z\" fill=\"#e84e1b\"><\/path><\/svg><\/div>\n\n\n\n<div class=\"wp-block-group alignwide\"><div class=\"wp-block-group__inner-container is-layout-flow wp-block-group-is-layout-flow\">\n<h2 class=\"wp-block-heading has-text-align-center arancio\"><strong><strong>Ben\u00f6tigen Sie weitere Informationen zu unseren Produkten?<\/strong><\/strong><\/h2>\n\n\n\n<p class=\"has-text-align-center\">Sehen Sie sich unser <strong>Pr\u00e4sentationsvideo<\/strong> an oder <a href=\"https:\/\/www.zampolli.it\/de\/info\/\" data-type=\"page\" data-id=\"2669\"><strong>kontaktieren<\/strong> <\/a>Sie uns.<\/p>\n\n\n\n<div style=\"height:30px\" aria-hidden=\"true\" class=\"wp-block-spacer\"><\/div>\n\n\n\n<figure class=\"wp-block-video\"><video height=\"1080\" style=\"aspect-ratio: 1920 \/ 1080;\" width=\"1920\" controls poster=\"https:\/\/www.zampolli.it\/wp-content\/uploads\/avvolgimenti-zampolli-video-1.png\" src=\"https:\/\/www.zampolli.it\/wp-content\/uploads\/avvolgimenti-zampolli-video-tedesco.mp4\"><\/video><\/figure>\n\n\n\n<div style=\"height:34px\" aria-hidden=\"true\" class=\"wp-block-spacer\"><\/div>\n\n\n\n<div class=\"wp-block-buttons is-content-justification-center is-layout-flex wp-container-core-buttons-is-layout-16018d1d wp-block-buttons-is-layout-flex\">\n<div class=\"wp-block-button\"><a class=\"wp-block-button__link wp-element-button\" href=\"https:\/\/www.zampolli.it\/de\/info\/\">\u00dcberpr\u00fcfen Sie unsere Produkte<\/a><\/div>\n<\/div>\n<\/div><\/div>\n\n\n\n<p><\/p>\n","protected":false},"excerpt":{"rendered":"<p>Unsere Leistungen Unterst\u00fctzung bei der Entwicklung Die Entwicklung von Wicklungen au\u00dferhalb des Standards erfordert einen ma\u00dfgeschneiderten Ansatz, bei dem jede Phase exakt auf die spezifischen Anforderungen des Motors abgestimmt ist. Eine besondere St\u00e4rke von Avvolgimenti Zampolli ist es, von Anfang an eng und konstruktiv mit jedem Kunden zusammenzuarbeiten: eine Partnerschaft, die wir von Beginn an [&hellip;]<\/p>\n","protected":false},"author":3,"featured_media":0,"parent":0,"menu_order":0,"comment_status":"closed","ping_status":"closed","template":"","meta":{"_genesis_hide_title":true,"_genesis_hide_breadcrumbs":true,"_genesis_hide_singular_image":true,"_genesis_hide_footer_widgets":false,"_genesis_custom_body_class":"","_genesis_custom_post_class":"","_genesis_layout":"full-width-content","footnotes":""},"class_list":{"0":"post-5214","1":"page","2":"type-page","3":"status-publish","5":"entry"},"featured_image_src":null,"featured_image_src_square":null,"_links":{"self":[{"href":"https:\/\/www.zampolli.it\/de\/wp-json\/wp\/v2\/pages\/5214","targetHints":{"allow":["GET"]}}],"collection":[{"href":"https:\/\/www.zampolli.it\/de\/wp-json\/wp\/v2\/pages"}],"about":[{"href":"https:\/\/www.zampolli.it\/de\/wp-json\/wp\/v2\/types\/page"}],"author":[{"embeddable":true,"href":"https:\/\/www.zampolli.it\/de\/wp-json\/wp\/v2\/users\/3"}],"replies":[{"embeddable":true,"href":"https:\/\/www.zampolli.it\/de\/wp-json\/wp\/v2\/comments?post=5214"}],"version-history":[{"count":22,"href":"https:\/\/www.zampolli.it\/de\/wp-json\/wp\/v2\/pages\/5214\/revisions"}],"predecessor-version":[{"id":7067,"href":"https:\/\/www.zampolli.it\/de\/wp-json\/wp\/v2\/pages\/5214\/revisions\/7067"}],"wp:attachment":[{"href":"https:\/\/www.zampolli.it\/de\/wp-json\/wp\/v2\/media?parent=5214"}],"curies":[{"name":"wp","href":"https:\/\/api.w.org\/{rel}","templated":true}]}}