{"id":4991,"date":"2025-09-09T09:50:28","date_gmt":"2025-09-09T09:50:28","guid":{"rendered":"https:\/\/www.zampolli.it\/?page_id=4991"},"modified":"2025-12-05T10:45:12","modified_gmt":"2025-12-05T10:45:12","slug":"wicklungen-drehstrom-asynchronmotoren","status":"publish","type":"page","link":"https:\/\/www.zampolli.it\/de\/wicklungen-drehstrom-asynchronmotoren\/","title":{"rendered":"Wicklungen f\u00fcr Drehstrom-Asynchronmotoren"},"content":{"rendered":"\n<div style=\"background-color:#0b0b0b;padding-left:5%;padding-right:5%;padding-bottom:15%;padding-top:30%\" class=\"wp-block-genesis-blocks-gb-container hero_inner gb-block-container alignfull\"><div class=\"gb-container-inside\"><div class=\"gb-container-image-wrap\"><img decoding=\"async\" class=\"gb-container-image has-background-dim-100 has-background-dim\" src=\"https:\/\/www.zampolli.it\/wp-content\/uploads\/slide_home.jpg\" alt=\"\"\/><\/div><div class=\"gb-container-content\" style=\"max-width:700px\"><\/div><\/div><\/div>\n\n\n\n<div class=\"wp-block-group alignwide\"><div class=\"wp-block-group__inner-container is-layout-flow wp-block-group-is-layout-flow\">\n<div class=\"wp-block-columns is-layout-flex wp-container-core-columns-is-layout-9d6595d7 wp-block-columns-is-layout-flex\">\n<div class=\"wp-block-column is-layout-flow wp-block-column-is-layout-flow\" style=\"flex-basis:100%\">\n<h1 class=\"wp-block-heading has-text-align-left titolo-pagina blu\"><strong>Wicklungen f\u00fcr Drehstrom-Asynchronmotoren<\/strong><\/h1>\n\n\n\n<div class=\"wp-block-genesis-blocks-gb-container gb-block-container\"><div class=\"gb-container-inside\"><div class=\"gb-container-content\">\n<div style=\"height:18px\" aria-hidden=\"true\" class=\"wp-block-spacer\"><\/div>\n\n\n\n<p class=\"has-background\" style=\"background-color:#f8f8f8\">In der Industrie h\u00e4ngen Effizienz und Zuverl\u00e4ssigkeit von Elektromotoren ma\u00dfgeblich von der Qualit\u00e4t der Wicklungen ab. <strong>Wicklungen f\u00fcr Drehstrom-Asynchronmotoren<\/strong> sind eine Schl\u00fcsseltechnologie, die einen stabilen Betrieb und optimale Leistung sicherstellt.<br><br>Mit \u00fcber f\u00fcnfzig Jahren Erfahrung bietet <strong>Avvolgimenti Zampolli <\/strong>technisches Know-how, handwerkliche Qualit\u00e4t und ma\u00dfgeschneiderten Support f\u00fcr <a href=\"\/de\/?page_id=5007\"><strong>Wicklungen von Elektromotoren<\/strong> <\/a>f\u00fcr jede industrielle Anforderung.<br><br>Erfahren Sie, wie unsere Wicklungen f\u00fcr Drehstrom-Asynchronmotoren gefertigt werden, welche Vorteile sie bieten und warum immer mehr Unternehmen bei Prototypen, Kleinserien und Sondermotoren auf uns vertrauen.<\/p>\n\n\n\n<div style=\"height:52px\" aria-hidden=\"true\" class=\"wp-block-spacer\"><\/div>\n\n\n\n<h2 class=\"wp-block-heading\"><strong>Avvolgimenti Zampolli, Effizienz und Zuverl\u00e4ssigkeit f\u00fcr den Drehstrom-Elektromotor<\/strong><\/h2>\n\n\n\n<div style=\"height:22px\" aria-hidden=\"true\" class=\"wp-block-spacer\"><\/div>\n\n\n\n<p>Die <strong>Wicklungen von Drehstrom-Asynchronmotoren<\/strong> bilden das elektromagnetische Herz des Motors. Die <strong>Leistung und Betriebssicherheit <\/strong>des Motors h\u00e4ngen ma\u00dfgeblich von der <strong>Qualit\u00e4t der Wicklungen<\/strong> ab. Entscheidend sind dabei eine gleichm\u00e4\u00dfige Verteilung der Spulen, pr\u00e4zise elektrische Verbindungen und eine zuverl\u00e4ssige thermische und mechanische Isolierung.<\/p>\n\n\n\n<p>Die Wicklungen werden haupts\u00e4chlich aus lackiertem <strong>Kupferdraht <\/strong>und hochwertigen Isoliermaterialien hergestellt. Sie m\u00fcssen strenge technische Anforderungen erf\u00fcllen, um mechanische Festigkeit, optimale magnetische Eigenschaften und eine lange Lebensdauer sicherzustellen .<\/p>\n\n\n\n<div style=\"height:48px\" aria-hidden=\"true\" class=\"wp-block-spacer\"><\/div>\n\n\n\n<figure class=\"wp-block-image size-full\"><img loading=\"lazy\" decoding=\"async\" width=\"2369\" height=\"953\" src=\"https:\/\/www.zampolli.it\/wp-content\/uploads\/avvolgimenti-motori-asincroni-trifase-1.png\" alt=\"Wicklungen f\u00fcr Drehstrom-Asynchronmotoren Zampolli\" class=\"wp-image-5645\" srcset=\"https:\/\/www.zampolli.it\/wp-content\/uploads\/avvolgimenti-motori-asincroni-trifase-1.png 2369w, https:\/\/www.zampolli.it\/wp-content\/uploads\/avvolgimenti-motori-asincroni-trifase-1-300x121.png 300w, https:\/\/www.zampolli.it\/wp-content\/uploads\/avvolgimenti-motori-asincroni-trifase-1-1024x412.png 1024w, https:\/\/www.zampolli.it\/wp-content\/uploads\/avvolgimenti-motori-asincroni-trifase-1-768x309.png 768w, https:\/\/www.zampolli.it\/wp-content\/uploads\/avvolgimenti-motori-asincroni-trifase-1-1536x618.png 1536w, https:\/\/www.zampolli.it\/wp-content\/uploads\/avvolgimenti-motori-asincroni-trifase-1-2048x824.png 2048w\" sizes=\"auto, (max-width: 2369px) 100vw, 2369px\" \/><\/figure>\n\n\n\n<div style=\"height:48px\" aria-hidden=\"true\" class=\"wp-block-spacer\"><\/div>\n\n\n\n<h2 class=\"wp-block-heading\"><strong>Anwendungen unserer Wicklungen f\u00fcr Drehstrom-Asynchronmotoren<\/strong><\/h2>\n<\/div><\/div><\/div>\n\n\n\n<div class=\"wp-block-columns is-layout-flex wp-container-core-columns-is-layout-9d6595d7 wp-block-columns-is-layout-flex\">\n<div class=\"wp-block-column is-layout-flow wp-block-column-is-layout-flow\">\n<div style=\"height:22px\" aria-hidden=\"true\" class=\"wp-block-spacer\"><\/div>\n\n\n\n<p>Durch ihre hohe Zuverl\u00e4ssigkeit eignen sich unsere handgefertigten Wicklungen auch f\u00fcr energieeffiziente Anwendungen, bei denen ein niedriger Energieverlust und eine konstante Leistungsabgabe gefordert sind.<\/p>\n\n\n\n<p>Unsere Wicklungen f\u00fcr Drehstrom-Asynchronmotoren kommen in zahlreichen industriellen Anwendungen zum Einsatz: in der elektrischen <strong><a href=\"https:\/\/www.zampolli.it\/de\/wicklungen-elektromotoren-elektrischer-antrieb\/\">Antriebstechnik<\/a><\/strong>, im <strong><a href=\"https:\/\/www.zampolli.it\/de\/elektromotoren-wicklungen-bahnindustrie-und-schiffbau\/\"><strong>Bahnindustrie und Schiffba<\/strong>u<\/a><\/strong>, in industriellen <strong><a href=\"https:\/\/www.zampolli.it\/de\/elektrische-motorwicklungen-pumpen\/\">Pumpensystemen<\/a> <\/strong>sowie in <strong>automatisierten F\u00f6rdersystemen<\/strong>.<\/p>\n\n\n\n<p>Weitere Anwendungsbereiche sind <strong><a href=\"https:\/\/www.zampolli.it\/de\/wicklungen-elektromotoren-werkzeugmaschinen\/\">Werkzeugmaschinen<\/a>, <a href=\"https:\/\/www.zampolli.it\/de\/elektrische-motorwicklungen-vibrationsmotoren\/\">Vibrationsmotoren<\/a>, <a href=\"https:\/\/www.zampolli.it\/de\/elektromotoren-wicklungen-spindelmotoren\/\">Elektrospindeln<\/a>, in Aufz\u00fcgen und landwirtschaftlichen Maschinen<\/strong>.&nbsp;<\/p>\n\n\n\n<p>Seit mehreren Jahren liefern wir Wicklungen f\u00fcr Drehstrommotoren an den <strong><a href=\"https:\/\/www.zampolli.it\/de\/elektromotor-wicklungen-automobilindustrie\/\">Automobilindustrie<\/a><\/strong>, die speziell f\u00fcr <strong>Hypercars <\/strong>entwickelt sind.&nbsp;<\/p>\n<\/div>\n<\/div>\n\n\n\n<div style=\"height:42px\" aria-hidden=\"true\" class=\"wp-block-spacer\"><\/div>\n\n\n\n<h2 class=\"wp-block-heading\"><strong>Warum hochwertige Wicklungen f\u00fcr Drehstrom-Asynchronmotoren w\u00e4hlen?<\/strong><\/h2>\n<\/div>\n<\/div>\n\n\n\n<p>Eine fachgerecht ausgelegte und gefertigte Wicklung hat direkten Einfluss auf die <strong>Energieeffizienz, den Ger\u00e4uschpegel<\/strong> und die <strong>Lebensdauer <\/strong>des Motors.<\/p>\n\n\n\n<p><strong>Avvolgimenti Zampolli<\/strong> setzt dabei auf eine Fertigung, die maximale Zuverl\u00e4ssigkeit garantiert.&nbsp;<\/p>\n\n\n\n<p>Dank der M\u00f6glichkeit, Wicklungen genau <strong>nach den technischen Vorgaben unserer Kunden <\/strong>zu fertigen, k\u00f6nnen wir jede L\u00f6sung optimal an <strong>schwierige Einsatzbedingungen<\/strong> (Staub, Feuchtigkeit, extreme Temperaturschwankungen oder starke Vibrationen) anpassen und verwenden dabei ausschlie\u00dflich hochwertige Materialien.<\/p>\n\n\n\n<p class=\"has-text-align-center has-background\" style=\"background-color:#f8f8f8\">Unser Fertigungsprozess ist auf h\u00f6chste Zuverl\u00e4ssigkeit ausgelegt. Er sorgt daf\u00fcr, dass der Motor sicher l\u00e4uft und sch\u00fctzt vor Ausf\u00e4llen durch <strong>\u00dcberlastung, \u00dcberhitzung, Spannungsschwankungen oder Fehler im Isolationsmateria<\/strong>l. So bleibt die Funktion des Systems erhalten und die Sicherheit der gesamten Maschine gew\u00e4hrleistet. <\/p>\n\n\n\n<div style=\"height:52px\" aria-hidden=\"true\" class=\"wp-block-spacer\"><\/div>\n\n\n\n<figure class=\"wp-block-gallery has-nested-images columns-default is-cropped wp-block-gallery-1 is-layout-flex wp-block-gallery-is-layout-flex\">\n<figure class=\"wp-block-image size-large\"><img loading=\"lazy\" decoding=\"async\" width=\"1024\" height=\"874\" data-id=\"5649\" src=\"https:\/\/www.zampolli.it\/wp-content\/uploads\/avvoglimenti-motori-elettrici-asincroni-trifase-zampolli-1024x874.png\" alt=\"Wicklungen f\u00fcr Drehstrom-Asynchronmotoren Zampolli\" class=\"wp-image-5649\" srcset=\"https:\/\/www.zampolli.it\/wp-content\/uploads\/avvoglimenti-motori-elettrici-asincroni-trifase-zampolli-1024x874.png 1024w, https:\/\/www.zampolli.it\/wp-content\/uploads\/avvoglimenti-motori-elettrici-asincroni-trifase-zampolli-300x256.png 300w, https:\/\/www.zampolli.it\/wp-content\/uploads\/avvoglimenti-motori-elettrici-asincroni-trifase-zampolli-768x655.png 768w, https:\/\/www.zampolli.it\/wp-content\/uploads\/avvoglimenti-motori-elettrici-asincroni-trifase-zampolli.png 1406w\" sizes=\"auto, (max-width: 1024px) 100vw, 1024px\" \/><\/figure>\n\n\n\n<figure class=\"wp-block-image size-full\"><img loading=\"lazy\" decoding=\"async\" width=\"480\" height=\"720\" data-id=\"5038\" src=\"https:\/\/www.zampolli.it\/wp-content\/uploads\/avvolgimenti-motori-asincroni-trifase3-rotated.jpg\" alt=\"Wicklungen f\u00fcr Drehstrom-Asynchronmotoren Zampolli\" class=\"wp-image-5038\" srcset=\"https:\/\/www.zampolli.it\/wp-content\/uploads\/avvolgimenti-motori-asincroni-trifase3-rotated.jpg 480w, https:\/\/www.zampolli.it\/wp-content\/uploads\/avvolgimenti-motori-asincroni-trifase3-200x300.jpg 200w\" sizes=\"auto, (max-width: 480px) 100vw, 480px\" \/><\/figure>\n\n\n\n<figure class=\"wp-block-image size-large\"><img loading=\"lazy\" decoding=\"async\" width=\"1024\" height=\"874\" data-id=\"5652\" src=\"https:\/\/www.zampolli.it\/wp-content\/uploads\/avvolgimenti-motori-elettrici-asincroni-trifase-qualita-zampolli-1024x874.png\" alt=\"Wicklungen f\u00fcr Drehstrom-Asynchronmotoren Zampolli\" class=\"wp-image-5652\" srcset=\"https:\/\/www.zampolli.it\/wp-content\/uploads\/avvolgimenti-motori-elettrici-asincroni-trifase-qualita-zampolli-1024x874.png 1024w, https:\/\/www.zampolli.it\/wp-content\/uploads\/avvolgimenti-motori-elettrici-asincroni-trifase-qualita-zampolli-300x256.png 300w, https:\/\/www.zampolli.it\/wp-content\/uploads\/avvolgimenti-motori-elettrici-asincroni-trifase-qualita-zampolli-768x655.png 768w, https:\/\/www.zampolli.it\/wp-content\/uploads\/avvolgimenti-motori-elettrici-asincroni-trifase-qualita-zampolli.png 1406w\" sizes=\"auto, (max-width: 1024px) 100vw, 1024px\" \/><\/figure>\n<\/figure>\n\n\n\n<div style=\"height:52px\" aria-hidden=\"true\" class=\"wp-block-spacer\"><\/div>\n\n\n\n<h2 class=\"wp-block-heading\"><strong>Vertrauen Sie auf Zampolli f\u00fcr erstklassige Wicklungen von Drehstrom-Asynchronmotoren<\/strong><\/h2>\n\n\n\n<div style=\"height:22px\" aria-hidden=\"true\" class=\"wp-block-spacer\"><\/div>\n\n\n\n<p>Seit \u00fcber f\u00fcnfzig Jahren ist Avvolgimenti Zampolli ein verl\u00e4sslicher Partner f\u00fcr ma\u00dfgeschneiderte Wicklungen au\u00dferhalb des Standards. Unsere Kernkompetenz liegt in der handwerklichen Fertigung von Wicklungen f\u00fcr <strong>Drehstrom-Asynchronmotoren im Niederspannungsbereich.&nbsp;<\/strong><\/p>\n\n\n\n<p>Wir begleiten Sie bei jedem Schritt, von der Planung bis zur Auslieferung, und unterst\u00fctzen Entwickler sowie technische Verantwortliche bei der Herstellung von <strong>Prototypen, Kleinserien und individuellen Motoren.<\/strong> Alle Produktionsschritte finden bei uns intern statt. Durch die manuelle Spulenwicklung erreichen wir eine Pr\u00e4zision, die automatisierte Maschinen besonders bei Sonderanfertigungen nicht gew\u00e4hrleisten k\u00f6nnen.<\/p>\n\n\n\n<p class=\"has-text-align-center has-background\" style=\"background-color:#f8f8f8\">Unser Werk in der Provinz Ferrara ist mit erfahrenen Fachkr\u00e4ften und spezialisierter Technik ausgestattet, um hochwertige Elektrowicklungen herzustellen. Wir arbeiten seit Jahrzehnten mit Herstellern von Elektromotoren zusammen, die<strong> kurze Lieferzeiten, hohe Zuverl\u00e4ssigkeit und flexible Anpassungen<\/strong> erwarten.<\/p>\n\n\n\n<div style=\"height:58px\" aria-hidden=\"true\" class=\"wp-block-spacer\"><\/div>\n\n\n\n<h2 class=\"wp-block-heading\"><strong>Kontaktiere uns f\u00fcr deine Projekte mit Wicklungen f\u00fcr Drehstrom-Asynchronmotoren<\/strong><\/h2>\n\n\n\n<div style=\"height:15px\" aria-hidden=\"true\" class=\"wp-block-spacer\"><\/div>\n\n\n\n<p>Wenn Sie die Effizienz und Leistung Ihrer Industriemotoren mit ma\u00dfgeschneiderten <strong>Wicklungen f\u00fcr Drehstrom-Asynchronmotoren<\/strong> verbessern m\u00f6chten, melden Sie sich gern bei uns. Unser Team ber\u00e4t Sie pers\u00f6nlich und entwickelt L\u00f6sungen, die genau auf Ihre Bed\u00fcrfnisse abgestimmt sind.<br><\/p>\n<\/div><\/div>\n\n\n\n<div style=\"height:100px\" aria-hidden=\"true\" class=\"wp-block-spacer\"><\/div>\n\n\n\n<div style=\"height:32px\" aria-hidden=\"true\" class=\"wp-block-spacer\"><\/div>\n\n\n\n<div class=\"wp-block-group\"><div class=\"wp-block-group__inner-container is-layout-flow wp-block-group-is-layout-flow\">\n<h2 class=\"wp-block-heading has-text-align-center arancio\"><strong><strong>Ben\u00f6tigen Sie weitere Informationen zu unseren Produkten?<\/strong><\/strong><\/h2>\n\n\n\n<div style=\"height:30px\" aria-hidden=\"true\" class=\"wp-block-spacer\"><\/div>\n\n\n\n<p class=\"has-text-align-center\">Dank einer speziellen, aber flexiblen Ausr\u00fcstung k\u00f6nnen wir eine sehr breite Palette von Asynchronwicklungen herstellen<\/p>\n\n\n\n<div class=\"wp-block-buttons is-content-justification-center is-layout-flex wp-container-core-buttons-is-layout-16018d1d wp-block-buttons-is-layout-flex\">\n<div class=\"wp-block-button\"><a class=\"wp-block-button__link wp-element-button\" href=\"https:\/\/www.zampolli.it\/de\/info\/\">\u00dcberpr\u00fcfen Sie unsere Produkte<\/a><\/div>\n<\/div>\n<\/div><\/div>\n\n\n\n<p><\/p>\n","protected":false},"excerpt":{"rendered":"<p>Wicklungen f\u00fcr Drehstrom-Asynchronmotoren Durch ihre hohe Zuverl\u00e4ssigkeit eignen sich unsere handgefertigten Wicklungen auch f\u00fcr energieeffiziente Anwendungen, bei denen ein niedriger Energieverlust und eine konstante Leistungsabgabe gefordert sind. Unsere Wicklungen f\u00fcr Drehstrom-Asynchronmotoren kommen in zahlreichen industriellen Anwendungen zum Einsatz: in der elektrischen Antriebstechnik, im Bahnindustrie und Schiffbau, in industriellen Pumpensystemen sowie in automatisierten F\u00f6rdersystemen. Weitere Anwendungsbereiche [&hellip;]<\/p>\n","protected":false},"author":3,"featured_media":0,"parent":0,"menu_order":0,"comment_status":"closed","ping_status":"closed","template":"","meta":{"_genesis_hide_title":true,"_genesis_hide_breadcrumbs":true,"_genesis_hide_singular_image":true,"_genesis_hide_footer_widgets":false,"_genesis_custom_body_class":"","_genesis_custom_post_class":"","_genesis_layout":"full-width-content","footnotes":""},"class_list":{"0":"post-4991","1":"page","2":"type-page","3":"status-publish","5":"entry"},"featured_image_src":null,"featured_image_src_square":null,"_links":{"self":[{"href":"https:\/\/www.zampolli.it\/de\/wp-json\/wp\/v2\/pages\/4991","targetHints":{"allow":["GET"]}}],"collection":[{"href":"https:\/\/www.zampolli.it\/de\/wp-json\/wp\/v2\/pages"}],"about":[{"href":"https:\/\/www.zampolli.it\/de\/wp-json\/wp\/v2\/types\/page"}],"author":[{"embeddable":true,"href":"https:\/\/www.zampolli.it\/de\/wp-json\/wp\/v2\/users\/3"}],"replies":[{"embeddable":true,"href":"https:\/\/www.zampolli.it\/de\/wp-json\/wp\/v2\/comments?post=4991"}],"version-history":[{"count":17,"href":"https:\/\/www.zampolli.it\/de\/wp-json\/wp\/v2\/pages\/4991\/revisions"}],"predecessor-version":[{"id":7029,"href":"https:\/\/www.zampolli.it\/de\/wp-json\/wp\/v2\/pages\/4991\/revisions\/7029"}],"wp:attachment":[{"href":"https:\/\/www.zampolli.it\/de\/wp-json\/wp\/v2\/media?parent=4991"}],"curies":[{"name":"wp","href":"https:\/\/api.w.org\/{rel}","templated":true}]}}