{"id":4931,"date":"2025-09-10T14:28:46","date_gmt":"2025-09-10T14:28:46","guid":{"rendered":"https:\/\/www.zampolli.it\/?page_id=4931"},"modified":"2025-12-05T11:07:45","modified_gmt":"2025-12-05T11:07:45","slug":"wicklungen-elektromotoren-elektrischer-antrieb","status":"publish","type":"page","link":"https:\/\/www.zampolli.it\/de\/wicklungen-elektromotoren-elektrischer-antrieb\/","title":{"rendered":"Antriebstechnik"},"content":{"rendered":"\n<div style=\"background-color:#0b0b0b;padding-left:5%;padding-right:5%;padding-bottom:15%;padding-top:30%\" class=\"wp-block-genesis-blocks-gb-container hero_inner gb-block-container alignfull\"><div class=\"gb-container-inside\"><div class=\"gb-container-image-wrap\"><img decoding=\"async\" class=\"gb-container-image has-background-dim-100 has-background-dim\" src=\"https:\/\/www.zampolli.it\/wp-content\/uploads\/slide_home.jpg\" alt=\"\"\/><\/div><div class=\"gb-container-content\" style=\"max-width:700px\"><\/div><\/div><\/div>\n\n\n\n<div class=\"wp-block-group alignwide\"><div class=\"wp-block-group__inner-container is-layout-flow wp-block-group-is-layout-flow\">\n<div class=\"wp-block-columns is-layout-flex wp-container-core-columns-is-layout-9d6595d7 wp-block-columns-is-layout-flex\">\n<div class=\"wp-block-column is-layout-flow wp-block-column-is-layout-flow\" style=\"flex-basis:100%\">\n<h1 class=\"wp-block-heading has-text-align-left titolo-pagina blu\"><strong>Elektromotoren Wicklungen f\u00fcr Antriebstechnik<\/strong><br><\/h1>\n\n\n\n<div class=\"wp-block-genesis-blocks-gb-container gb-block-container\"><div class=\"gb-container-inside\"><div class=\"gb-container-content\">\n<p class=\"has-background\" style=\"background-color:#f8f8f8\"><strong>AC-Motoren f\u00fcr die elektrische Antriebstechnik<\/strong> sind auf hohe Leistung ausgelegt, besonders in Anwendungen, in denen Energieeffizienz, Robustheit und Zuverl\u00e4ssigkeit entscheidend sind. Auch unter anspruchsvollen Einsatzbedingungen m\u00fcssen sie effizient bleiben und dauerhaft h\u00f6chste Leistung liefern.<br><br>Avvolgimenti Zampolli bietet <strong>ma\u00dfgeschneiderte L\u00f6sungen<\/strong>, die sich nahtlos in Motoren f\u00fcr Fahrzeuge und Maschinen in Bereichen wie <strong>Bau, Landwirtschaft, Logistik und urbaner Mobilit\u00e4t<\/strong> einf\u00fcgen.<br><br>Dabei sorgen hohe Zuverl\u00e4ssigkeit und Effizienz bei minimalen Wartungsaufwand daf\u00fcr, dass die Betriebskosten langfristig niedrig bleiben.<br><br><\/p>\n<\/div><\/div><\/div>\n\n\n\n<figure class=\"wp-block-image size-large\"><img loading=\"lazy\" decoding=\"async\" width=\"1024\" height=\"412\" src=\"https:\/\/www.zampolli.it\/wp-content\/uploads\/trazione-elettrica-avvolgimenti-1024x412.png\" alt=\"Elektromotoren Wicklungen f\u00fcr Antriebstechnik Avvolgimenti Zampolli\" class=\"wp-image-5519\" srcset=\"https:\/\/www.zampolli.it\/wp-content\/uploads\/trazione-elettrica-avvolgimenti-1024x412.png 1024w, https:\/\/www.zampolli.it\/wp-content\/uploads\/trazione-elettrica-avvolgimenti-300x121.png 300w, https:\/\/www.zampolli.it\/wp-content\/uploads\/trazione-elettrica-avvolgimenti-768x309.png 768w, https:\/\/www.zampolli.it\/wp-content\/uploads\/trazione-elettrica-avvolgimenti-1536x618.png 1536w, https:\/\/www.zampolli.it\/wp-content\/uploads\/trazione-elettrica-avvolgimenti-2048x824.png 2048w\" sizes=\"auto, (max-width: 1024px) 100vw, 1024px\" \/><\/figure>\n\n\n\n<h2 class=\"wp-block-heading\"><strong>Spezifische Anforderungen der elektrischen Antriebstechnik<\/strong><\/h2>\n\n\n\n<div style=\"height:27px\" aria-hidden=\"true\" class=\"wp-block-spacer\"><\/div>\n\n\n\n<p>Motoren im Bereich der elektrischen <strong>Antriebstechnik<\/strong> m\u00fcssen hohe <strong>Anlaufmomente<\/strong> liefern, besonders beim Start und w\u00e4hrend der Beschleunigungsphasen, wenn die anf\u00e4nglichen Widerst\u00e4nde \u00fcberwunden werden.<\/p>\n\n\n\n<p>Daf\u00fcr werden die Wicklungen mit <strong>h\u00f6chster Pr\u00e4zision<\/strong> gefertigt, aus <strong>widerstandsf\u00e4higen Materialien<\/strong> und mit Technologien, die eine gleichm\u00e4\u00dfige Verteilung des Magnetflusses sicherstellen.Die <strong>Energieeffizienz<\/strong> ist ein entscheidender Parameter. Deshalb ist es besonders wichtig, dass die Wicklungen das Gewicht reduzieren, den Energieverbrauch senken und die Betriebsdauer maximieren, insbesondere bei Elektrofahrzeugen und batteriebetriebenen Systemen. Gleichzeitig muss der Motor <strong>kompakt konstruiert sein<\/strong>, um auch in beengten Einbaur\u00e4umen <strong>Betriebsstabilit\u00e4t und Belastbarkeit<\/strong> sicherzustellen.<\/p>\n\n\n\n<p class=\"has-text-align-center has-background\" style=\"background-color:#f8f8f8\">Dank hoher <strong>Vielseitigkeit und Flexibilit\u00e4t<\/strong> an unterschiedliche Nennspannungen und Stromprofile eignen sich diese Wicklungen f\u00fcr ein breites Spektrum an Anwendungen, von der Fahrzeugtraktion bis zur industriellen Antriebstechnik.<\/p>\n\n\n\n<div style=\"height:42px\" aria-hidden=\"true\" class=\"wp-block-spacer\"><\/div>\n\n\n\n<h2 class=\"wp-block-heading\"><strong>Fortschrittliche Wicklungstechnologien in der Antriebstechnik<\/strong><\/h2>\n\n\n\n<div class=\"wp-block-columns alignwide are-vertically-aligned-center is-layout-flex wp-container-core-columns-is-layout-9d6595d7 wp-block-columns-is-layout-flex\">\n<div class=\"wp-block-column is-vertically-aligned-center is-layout-flow wp-block-column-is-layout-flow\" style=\"flex-basis:50%\">\n<p>Avvolgimenti Zampolli fertigt Wicklungen mit <strong>modernsten Technologien<\/strong> und <strong>manueller Hochpr\u00e4zision<\/strong>. Auf diese Weise entstehen Elektromotoren mit hoher Energieeffizienz, die nicht nur <strong>Betriebskosten<\/strong> deutlich senken, sondern auch die <strong>Umweltbelastung<\/strong> minimieren. Jede Komponente wird sorgf\u00e4ltig ausgew\u00e4hlt, von lackierten Kupferleitern bis zu <strong>Isoliermaterialien, <\/strong>die<strong> internationalen Standards <\/strong>wie REACH und RoHS<strong> <\/strong>entsprechen. So werden langlebige, zuverl\u00e4ssige Wicklungen gefertigt, die allen Vorschriften entsprechen.<\/p>\n\n\n\n<p>Zudem erlaubt das <strong>individuell anpassbare elektrische und mechanische Design<\/strong>, jede Wicklung optimal auf die Anforderungen des Kunden abzustimmen.<\/p>\n<\/div>\n\n\n\n<div class=\"wp-block-column is-vertically-aligned-center is-layout-flow wp-block-column-is-layout-flow\" style=\"flex-basis:50%\">\n<div style=\"height:29px\" aria-hidden=\"true\" class=\"wp-block-spacer\"><\/div>\n\n\n\n<figure class=\"wp-block-image size-large\"><img loading=\"lazy\" decoding=\"async\" width=\"1024\" height=\"874\" src=\"https:\/\/www.zampolli.it\/wp-content\/uploads\/avvolgimenti-motori-elettrici-trazione-elettrica-zampolli-1024x874.png\" alt=\"Elektromotoren Wicklungen f\u00fcr Antriebstechnik\nAvvolgimenti Zampolli\" class=\"wp-image-5676\" srcset=\"https:\/\/www.zampolli.it\/wp-content\/uploads\/avvolgimenti-motori-elettrici-trazione-elettrica-zampolli-1024x874.png 1024w, https:\/\/www.zampolli.it\/wp-content\/uploads\/avvolgimenti-motori-elettrici-trazione-elettrica-zampolli-300x256.png 300w, https:\/\/www.zampolli.it\/wp-content\/uploads\/avvolgimenti-motori-elettrici-trazione-elettrica-zampolli-768x655.png 768w, https:\/\/www.zampolli.it\/wp-content\/uploads\/avvolgimenti-motori-elettrici-trazione-elettrica-zampolli.png 1406w\" sizes=\"auto, (max-width: 1024px) 100vw, 1024px\" \/><\/figure>\n<\/div>\n<\/div>\n\n\n\n<div style=\"height:82px\" aria-hidden=\"true\" class=\"wp-block-spacer\"><\/div>\n\n\n\n<h2 class=\"wp-block-heading\"><strong>Hauptanwendungsbereiche unserer Elektromotor-Wicklungen im Bereich der elektrischen Traktion<\/strong><\/h2>\n\n\n\n<div style=\"height:33px\" aria-hidden=\"true\" class=\"wp-block-spacer\"><\/div>\n\n\n\n<p>Unsere Wicklungen kommen in einer Vielzahl von Anwendungen der elektrischen Antriebstechnik zum Einsatz. Sie werden in Motoren f\u00fcr <strong>Fahrzeuge in der Bau- und Landwirtschaft<\/strong>, in der industriellen <strong>F\u00f6rder- und Lagertechnik<\/strong>, in der professionellen <strong>Reinigungstechnik<\/strong>, in <strong>maritimen Anwendungen<\/strong> sowie im <strong>Schienenverkehr <\/strong>und in der <strong>Flughafenlogistik<\/strong> eingesetzt.<\/p>\n\n\n\n<p>Weitere Einsatzbereiche umfassen Hubantriebe wie Gabelstapler, Krane und Hubwagen, elektrohydraulische Pumpenantriebe f\u00fcr hydrostatische Fahrantriebe sowie Motoren f\u00fcr industrielle Automatisierungssysteme.<\/p>\n\n\n\n<p class=\"has-background\" style=\"background-color:#f8f8f8\">Die <strong>urbane<\/strong> <strong>Elektromobilit\u00e4t <\/strong>geh\u00f6rt zu den am schnellsten wachsenden Bereichen. Unsere Wicklungen sind ein wesentlicher Bestandteil moderner Antriebssysteme und finden Einsatz in Radnabenmotoren, Lenkmotor-Getriebeeinheiten sowie Traktionsmotoren f\u00fcr City Cars, E-Bikes, Elektroroller, Gokarts und Hybridfahrzeuge.<\/p>\n\n\n\n<p>Jede L\u00f6sung ist speziell darauf ausgelegt, auch bei variablen Drehzahlen h\u00f6chste Effizienz sicherzustellen, mit Fokus auf kompakte Bauweise und eine nachhaltige Systemintegration.<br><\/p>\n\n\n\n<div style=\"height:59px\" aria-hidden=\"true\" class=\"wp-block-spacer\"><\/div>\n\n\n\n<h2 class=\"wp-block-heading has-text-align-center\"><strong>Entdecken Sie unsere Einsatzbereiche<\/strong><\/h2>\n\n\n\n<div style=\"height:47px\" aria-hidden=\"true\" class=\"wp-block-spacer\"><\/div>\n<\/div>\n<\/div>\n\n\n\n<div class=\"wp-block-genesis-blocks-gb-columns gb-layout-columns-4 gb-4-col-equal gb-columns-center\"><div class=\"gb-layout-column-wrap gb-block-layout-column-gap-2 gb-is-responsive-column\" style=\"max-width:678px\">\n<div class=\"wp-block-genesis-blocks-gb-column gb-block-layout-column\"><div class=\"gb-block-layout-column-inner\"><div class=\"wp-block-image\">\n<figure class=\"aligncenter size-large is-resized\"><img decoding=\"async\" src=\"https:\/\/www.zampolli.it\/wp-content\/uploads\/automotive.svg\" alt=\"\" style=\"width:123px;height:auto\"\/><\/figure>\n<\/div>\n\n\n<p class=\"has-text-align-center\"><strong><a href=\"https:\/\/www.zampolli.it\/de\/elektromotor-wicklungen-automobilindustrie\/\">AUTOMOBIL-INDUSTRIE<\/a><\/strong><\/p>\n<\/div><\/div>\n\n\n\n<div class=\"wp-block-genesis-blocks-gb-column gb-block-layout-column\"><div class=\"gb-block-layout-column-inner\"><div class=\"wp-block-image\">\n<figure class=\"aligncenter size-large is-resized\"><img decoding=\"async\" src=\"https:\/\/www.zampolli.it\/wp-content\/uploads\/Elettromandrini.svg\" alt=\"\" style=\"width:119px;height:auto\"\/><\/figure>\n<\/div>\n\n\n<p class=\"has-text-align-center\"><strong><a href=\"https:\/\/www.zampolli.it\/de\/elektromotoren-wicklungen-spindelmotoren\/\">ELEKTRO-SPINDELN<\/a><\/strong><\/p>\n<\/div><\/div>\n\n\n\n<div class=\"wp-block-genesis-blocks-gb-column gb-block-layout-column\"><div class=\"gb-block-layout-column-inner\"><div class=\"wp-block-image\">\n<figure class=\"aligncenter size-large is-resized\"><img decoding=\"async\" src=\"https:\/\/www.zampolli.it\/wp-content\/uploads\/Trazione%20elettrica.svg\" alt=\"\" style=\"width:119px;height:auto\"\/><\/figure>\n<\/div>\n\n\n<p class=\"has-text-align-center\"><strong>ANTRIEBS-TECHNIK<\/strong><\/p>\n<\/div><\/div>\n\n\n\n<div class=\"wp-block-genesis-blocks-gb-column gb-block-layout-column\"><div class=\"gb-block-layout-column-inner\"><div class=\"wp-block-image\">\n<figure class=\"aligncenter size-large is-resized\"><img decoding=\"async\" src=\"https:\/\/www.zampolli.it\/wp-content\/uploads\/Settore%20ferroviario%20e%20navale.svg\" alt=\"\" style=\"width:121px;height:auto\"\/><\/figure>\n<\/div>\n\n\n<p class=\"has-text-align-center\"><strong><a href=\"https:\/\/www.zampolli.it\/de\/elektromotoren-wicklungen-bahnindustrie-und-schiffbau\/\">BAHNINDUSTRIE UND SCHIFFBAU<\/a><\/strong><\/p>\n<\/div><\/div>\n<\/div><\/div>\n<\/div><\/div>\n\n\n\n<div class=\"wp-block-genesis-blocks-gb-columns gb-layout-columns-4 gb-4-col-equal gb-columns-center\"><div class=\"gb-layout-column-wrap gb-block-layout-column-gap-2 gb-is-responsive-column\" style=\"max-width:678px\">\n<div class=\"wp-block-genesis-blocks-gb-column gb-block-layout-column\"><div class=\"gb-block-layout-column-inner\"><div class=\"wp-block-image\">\n<figure class=\"aligncenter size-large is-resized\"><img decoding=\"async\" src=\"https:\/\/www.zampolli.it\/wp-content\/uploads\/Motovibratori.svg\" alt=\"\" style=\"width:121px;height:auto\"\/><\/figure>\n<\/div>\n\n\n<p class=\"has-text-align-center\"><strong><a href=\"https:\/\/www.zampolli.it\/de\/elektrische-motorwicklungen-vibrationsmotoren\/\">VIBRATIONS-<br>MOTOREN<\/a><\/strong><\/p>\n<\/div><\/div>\n\n\n\n<div class=\"wp-block-genesis-blocks-gb-column gb-block-layout-column\"><div class=\"gb-block-layout-column-inner\"><div class=\"wp-block-image\">\n<figure class=\"aligncenter size-large is-resized\"><img decoding=\"async\" src=\"https:\/\/www.zampolli.it\/wp-content\/uploads\/Pompe.svg\" alt=\"\" style=\"width:123px;height:auto\"\/><\/figure>\n<\/div>\n\n\n<p class=\"has-text-align-center\"><strong><a href=\"https:\/\/www.zampolli.it\/de\/elektrische-motorwicklungen-pumpen\/\">PUMPEN<\/a><\/strong><\/p>\n<\/div><\/div>\n\n\n\n<div class=\"wp-block-genesis-blocks-gb-column gb-block-layout-column\"><div class=\"gb-block-layout-column-inner\"><div class=\"wp-block-image\">\n<figure class=\"aligncenter size-large is-resized\"><img decoding=\"async\" src=\"https:\/\/www.zampolli.it\/wp-content\/uploads\/Macchine%20utensili.svg\" alt=\"\" style=\"width:119px;height:auto\"\/><\/figure>\n<\/div>\n\n\n<p class=\"has-text-align-center\"><strong><a href=\"https:\/\/www.zampolli.it\/de\/wicklungen-elektromotoren-werkzeugmaschinen\/\">WERKZEUG-<br>MASCHINEN<\/a><\/strong><\/p>\n<\/div><\/div>\n\n\n\n<div class=\"wp-block-genesis-blocks-gb-column gb-block-layout-column\"><div class=\"gb-block-layout-column-inner\"><div class=\"wp-block-image\">\n<figure class=\"aligncenter size-large is-resized\"><img decoding=\"async\" src=\"https:\/\/www.zampolli.it\/wp-content\/uploads\/Motori%20brushless.svg\" alt=\"\" style=\"width:121px;height:auto\"\/><\/figure>\n<\/div>\n\n\n<p class=\"has-text-align-center\"><strong><a href=\"https:\/\/www.zampolli.it\/de\/elektrische-wicklungen-brushless-motoren\/\">BRUSHLESS-<br>MOTOREN<\/a><\/strong><\/p>\n<\/div><\/div>\n<\/div><\/div>\n\n\n\n<div style=\"height:56px\" aria-hidden=\"true\" class=\"wp-block-spacer\"><\/div>\n\n\n\n<h2 class=\"wp-block-heading alignwide\"><strong>Warum Avvolgimenti Zampolli die beste Wahl f\u00fcr elektrische Antriebssysteme ist<\/strong><\/h2>\n\n\n\n<div style=\"height:32px\" aria-hidden=\"true\" class=\"wp-block-spacer\"><\/div>\n\n\n\n<div class=\"wp-block-group alignwide\"><div class=\"wp-block-group__inner-container is-layout-constrained wp-block-group-is-layout-constrained\">\n<p>Avvolgimenti Zampolli ist seit mehr als zwanzig Jahren auf <strong>Wicklungen f\u00fcr die Antriebstechnik <\/strong>spezialisiert. Als eines der ersten Unternehmen in Italien haben wir das Potenzial dieses Marktes fr\u00fch erkannt und uns umfassende Kompetenzen in der Herstellung von Niederspannungswicklungen erarbeitet.<\/p>\n\n\n\n<p>Unser Ansatz setzt auf <strong>individuelle mechanische und elektrische Anpassungen<\/strong>: Jedes Projekt entsteht in enger Abstimmung mit dem Kunden, um eine passgenaue und leistungsstarke L\u00f6sung zu gew\u00e4hrleisten. Dabei profitieren wir von \u00fcber 50 Jahren Erfahrung, einer handwerklichen Tradition voller Pr\u00e4zision und Liebe zum Detail.<\/p>\n\n\n\n<p class=\"has-text-align-center has-background\" style=\"background-color:#f8f8f8\">Dank der <strong>Flexibilit\u00e4t<\/strong> unserer manuellen Fertigung realisieren wir auch <strong>komplexe Auftr\u00e4ge<\/strong> stets mit h\u00f6chster Qualit\u00e4t und liefern Ergebnisse, die genau den Kundenw\u00fcnschen entsprechen.<\/p>\n<\/div><\/div>\n\n\n\n<div style=\"height:72px\" aria-hidden=\"true\" class=\"wp-block-spacer\"><\/div>\n\n\n\n<div class=\"logo-simbolo has-text-align-center\">\n<svg version=\"1.1\" id=\"Livello_1\" xmlns=\"http:\/\/www.w3.org\/2000\/svg\" x=\"0\" y=\"0\" viewBox=\"0 0 140.1 144.5\" xml:space=\"preserve\"><style>.st1{fill:#fff}.st5{display:inline}.st6{fill:#fff;stroke:#fff;stroke-width:.75;stroke-miterlimit:10}.st7{display:inline;fill:#e5332a}<\/style><path d=\"M131 69.4c0 33.9-27.5 61.5-61.5 61.5C35.6 130.9 8 103.4 8 69.4 8 35.5 35.5 7.9 69.5 7.9S131 35.4 131 69.4z\" fill=\"#5e5e5e\"><\/path><path class=\"st1\" d=\"M124.1 69.4c0 30.2-24.4 54.6-54.6 54.6S14.9 99.6 14.9 69.4s24.4-54.6 54.6-54.6c30.2 0 54.6 24.4 54.6 54.6z\"><\/path><path d=\"M82.5 34c-5 0-9.8 1.1-14.2 3 16 3.8 27.9 16.8 27.9 32.4 0 15.5-11.8 28.6-27.9 32.4 4.3 1.9 9.1 3 14.2 3 19.5 0 35.3-15.8 35.3-35.3C117.8 49.9 102 34 82.5 34z\" fill=\"#e5332a\"><\/path><path d=\"M85.4 112.1c-23.7 0-43-19.2-43-43 0-23.7 19.3-43 43-43 1.7 0 3.4.1 5 .3-6.3-3.1-13.4-4.8-20.8-4.8-26.4 0-47.7 21.4-47.7 47.7 0 26.4 21.4 47.7 47.7 47.7 8 0 15.6-2 22.2-5.5-2.1.4-4.3.6-6.4.6z\" fill=\"#e84e1b\"><\/path><\/svg><\/div>\n\n\n\n<p><\/p>\n\n\n\n<div class=\"wp-block-group\"><div class=\"wp-block-group__inner-container is-layout-constrained wp-block-group-is-layout-constrained\">\n<div style=\"height:0px;width:0px\" aria-hidden=\"true\" class=\"wp-block-spacer\"><\/div>\n<\/div><\/div>\n\n\n\n<div class=\"wp-block-group\"><div class=\"wp-block-group__inner-container is-layout-flow wp-block-group-is-layout-flow\">\n<h2 class=\"wp-block-heading has-text-align-center arancio\"><strong><strong>Ben\u00f6tigen Sie weitere Informationen zu unseren Produkten?<\/strong><\/strong><\/h2>\n\n\n\n<div style=\"height:30px\" aria-hidden=\"true\" class=\"wp-block-spacer\"><\/div>\n\n\n\n<p class=\"has-text-align-center\">Dank einer speziellen, aber flexiblen Ausr\u00fcstung k\u00f6nnen wir eine sehr breite Palette von Asynchronwicklungen herstellen<\/p>\n\n\n\n<div class=\"wp-block-buttons is-content-justification-center is-layout-flex wp-container-core-buttons-is-layout-16018d1d wp-block-buttons-is-layout-flex\">\n<div class=\"wp-block-button\"><a class=\"wp-block-button__link wp-element-button\" href=\"https:\/\/www.zampolli.it\/de\/info\/\">\u00dcberpr\u00fcfen Sie unsere Produkte<\/a><\/div>\n<\/div>\n<\/div><\/div>\n\n\n\n<p><\/p>\n","protected":false},"excerpt":{"rendered":"<p>Elektromotoren Wicklungen f\u00fcr Antriebstechnik Spezifische Anforderungen der elektrischen Antriebstechnik Motoren im Bereich der elektrischen Antriebstechnik m\u00fcssen hohe Anlaufmomente liefern, besonders beim Start und w\u00e4hrend der Beschleunigungsphasen, wenn die anf\u00e4nglichen Widerst\u00e4nde \u00fcberwunden werden. Daf\u00fcr werden die Wicklungen mit h\u00f6chster Pr\u00e4zision gefertigt, aus widerstandsf\u00e4higen Materialien und mit Technologien, die eine gleichm\u00e4\u00dfige Verteilung des Magnetflusses sicherstellen.Die Energieeffizienz ist [&hellip;]<\/p>\n","protected":false},"author":3,"featured_media":0,"parent":0,"menu_order":0,"comment_status":"closed","ping_status":"closed","template":"","meta":{"_genesis_hide_title":true,"_genesis_hide_breadcrumbs":true,"_genesis_hide_singular_image":true,"_genesis_hide_footer_widgets":false,"_genesis_custom_body_class":"","_genesis_custom_post_class":"","_genesis_layout":"full-width-content","footnotes":""},"class_list":{"0":"post-4931","1":"page","2":"type-page","3":"status-publish","5":"entry"},"featured_image_src":null,"featured_image_src_square":null,"_links":{"self":[{"href":"https:\/\/www.zampolli.it\/de\/wp-json\/wp\/v2\/pages\/4931","targetHints":{"allow":["GET"]}}],"collection":[{"href":"https:\/\/www.zampolli.it\/de\/wp-json\/wp\/v2\/pages"}],"about":[{"href":"https:\/\/www.zampolli.it\/de\/wp-json\/wp\/v2\/types\/page"}],"author":[{"embeddable":true,"href":"https:\/\/www.zampolli.it\/de\/wp-json\/wp\/v2\/users\/3"}],"replies":[{"embeddable":true,"href":"https:\/\/www.zampolli.it\/de\/wp-json\/wp\/v2\/comments?post=4931"}],"version-history":[{"count":26,"href":"https:\/\/www.zampolli.it\/de\/wp-json\/wp\/v2\/pages\/4931\/revisions"}],"predecessor-version":[{"id":7038,"href":"https:\/\/www.zampolli.it\/de\/wp-json\/wp\/v2\/pages\/4931\/revisions\/7038"}],"wp:attachment":[{"href":"https:\/\/www.zampolli.it\/de\/wp-json\/wp\/v2\/media?parent=4931"}],"curies":[{"name":"wp","href":"https:\/\/api.w.org\/{rel}","templated":true}]}}