{"id":4921,"date":"2025-09-10T09:14:49","date_gmt":"2025-09-10T09:14:49","guid":{"rendered":"https:\/\/www.zampolli.it\/?page_id=4921"},"modified":"2025-12-05T10:48:58","modified_gmt":"2025-12-05T10:48:58","slug":"elektromotor-wicklungen-automobilindustrie","status":"publish","type":"page","link":"https:\/\/www.zampolli.it\/de\/elektromotor-wicklungen-automobilindustrie\/","title":{"rendered":"Automobilindustrie"},"content":{"rendered":"\n<div style=\"background-color:#0b0b0b;padding-left:5%;padding-right:5%;padding-bottom:15%;padding-top:30%\" class=\"wp-block-genesis-blocks-gb-container hero_inner gb-block-container alignfull\"><div class=\"gb-container-inside\"><div class=\"gb-container-image-wrap\"><img decoding=\"async\" class=\"gb-container-image has-background-dim-100 has-background-dim\" src=\"https:\/\/www.zampolli.it\/wp-content\/uploads\/slide_home.jpg\" alt=\"\"\/><\/div><div class=\"gb-container-content\" style=\"max-width:700px\"><\/div><\/div><\/div>\n\n\n\n<div class=\"wp-block-group alignwide\"><div class=\"wp-block-group__inner-container is-layout-flow wp-block-group-is-layout-flow\">\n<div class=\"wp-block-columns is-layout-flex wp-container-core-columns-is-layout-9d6595d7 wp-block-columns-is-layout-flex\">\n<div class=\"wp-block-column is-layout-flow wp-block-column-is-layout-flow\" style=\"flex-basis:100%\">\n<h1 class=\"wp-block-heading has-text-align-left titolo-pagina blu\"><strong>Wicklungen f\u00fcr Elektromotoren in der Automobilindustrie<\/strong><\/h1>\n\n\n\n<p class=\"has-background\" style=\"background-color:#f8f8f8\">Die <strong>Automobilindustrie<\/strong> erlebt einen tiefgreifenden Wandel:<strong> Elektromotoren<\/strong> gewinnen zunehmend an Bedeutung, und Faktoren wie Energieeffizienz, Umweltfreundlichkeit und dynamische Leistung r\u00fccken in den Mittelpunkt.<br><br>In diesem Zusammenhang sind Wicklungen ein entscheidender Faktor bei der Entwicklung leistungsstarker und zuverl\u00e4ssiger Elektromotoren in der Automobilindustrie.<\/p>\n\n\n\n<figure class=\"wp-block-image size-large\"><img loading=\"lazy\" decoding=\"async\" width=\"1024\" height=\"412\" src=\"https:\/\/www.zampolli.it\/wp-content\/uploads\/avvolgimenti-motori-elettrici-automotive-1024x412.png\" alt=\"Elektromotor Wicklungen Automobilindustrie Zampolli\" class=\"wp-image-5081\" srcset=\"https:\/\/www.zampolli.it\/wp-content\/uploads\/avvolgimenti-motori-elettrici-automotive-1024x412.png 1024w, https:\/\/www.zampolli.it\/wp-content\/uploads\/avvolgimenti-motori-elettrici-automotive-300x121.png 300w, https:\/\/www.zampolli.it\/wp-content\/uploads\/avvolgimenti-motori-elettrici-automotive-768x309.png 768w, https:\/\/www.zampolli.it\/wp-content\/uploads\/avvolgimenti-motori-elettrici-automotive-1536x618.png 1536w, https:\/\/www.zampolli.it\/wp-content\/uploads\/avvolgimenti-motori-elettrici-automotive-2048x824.png 2048w\" sizes=\"auto, (max-width: 1024px) 100vw, 1024px\" \/><\/figure>\n\n\n\n<h2 class=\"wp-block-heading\"><strong>Hochwertige Technologien f\u00fcr Motorwicklungen<\/strong><\/h2>\n\n\n\n<div style=\"height:19px\" aria-hidden=\"true\" class=\"wp-block-spacer\"><\/div>\n\n\n\n<p>Die Vielfalt technischer L\u00f6sungen f\u00fcr Elektromotoren in der Automobilindustrie w\u00e4chst st\u00e4ndig<strong>. Eine Standardl\u00f6sung gibt es nicht<\/strong>: die Auswahl von Wicklungstyp, Materialien und Baugeometrien h\u00e4ngt von zahlreichen, eng miteinander verkn\u00fcpften Faktoren ab&nbsp;<\/p>\n\n\n\n<p>Zu den entscheidenden Faktoren z\u00e4hlen die vom Fahrzeug geforderten Leistungswerte, die gew\u00e4hlte elektrische Architektur, das Gesamtgewicht, die Bremsenergie-R\u00fcckgewinnungsstrategie sowie das geplante Produktionsvolumen.<\/p>\n\n\n\n<p>Die Automobilindustrie ist gepr\u00e4gt von stetiger Innovation. <strong>Neue Materialien, optimierte Fertigungsprozesse und effizientere Konstruktionsl\u00f6sungen<\/strong> werden kontinuierlich eingef\u00fchrt; so entsteht ein technisches Umfeld, das besonders dynamisch ist.<\/p>\n\n\n\n<p>Im <strong>Luxus- und Rennsportsegment <\/strong>r\u00fcckt Standardisierung in den Hintergrund. Der Fokus liegt auf <strong>ma\u00dfgeschneiderten L\u00f6sungen<\/strong> f\u00fcr maximale Performance.<\/p>\n\n\n\n<p class=\"has-background\" style=\"background-color:#f8f8f8\">In diesen Projekten ist <strong>handwerkliche Expertise <\/strong>entscheidend: jahrzehntelang aufgebautes Know-how, ein feines Gesp\u00fcr f\u00fcr Kundenw\u00fcnsche und die F\u00e4higkeit, komplexe technische Herausforderungen flexibel und vorausschauend zu meistern.<\/p>\n\n\n\n<div class=\"wp-block-group alignwide is-nowrap is-layout-flex wp-container-core-group-is-layout-ad2f72ca wp-block-group-is-layout-flex\">\n<div class=\"wp-block-columns alignwide are-vertically-aligned-top is-layout-flex wp-container-core-columns-is-layout-9d6595d7 wp-block-columns-is-layout-flex\">\n<div class=\"wp-block-column is-vertically-aligned-top is-layout-flow wp-block-column-is-layout-flow\" style=\"flex-basis:100%\">\n<div style=\"height:39px\" aria-hidden=\"true\" class=\"wp-block-spacer\"><\/div>\n\n\n\n<div class=\"wp-block-group\"><div class=\"wp-block-group__inner-container is-layout-constrained wp-block-group-is-layout-constrained\">\n<div class=\"wp-block-columns is-layout-flex wp-container-core-columns-is-layout-9d6595d7 wp-block-columns-is-layout-flex\">\n<div class=\"wp-block-column is-layout-flow wp-block-column-is-layout-flow\" style=\"flex-basis:100%\">\n<h2 class=\"wp-block-heading\"><strong><strong><strong>Schnelle Prototypenentwicklung f\u00fcr individuelle Elektromotorenl\u00f6sungen im Fahrzeugbereich<\/strong><\/strong><\/strong><\/h2>\n<\/div>\n<\/div>\n<\/div><\/div>\n\n\n\n<div class=\"wp-block-group\"><div class=\"wp-block-group__inner-container is-layout-constrained wp-block-group-is-layout-constrained\">\n<div class=\"wp-block-columns are-vertically-aligned-center is-layout-flex wp-container-core-columns-is-layout-9d6595d7 wp-block-columns-is-layout-flex\">\n<div class=\"wp-block-column is-vertically-aligned-center is-layout-flow wp-block-column-is-layout-flow\" style=\"flex-basis:50%\">\n<div class=\"wp-block-group\"><div class=\"wp-block-group__inner-container is-layout-constrained wp-block-group-is-layout-constrained\">\n<p>Avvolgimenti Zampolli begleitet Sie von Beginn an bei der <strong>Entwicklung hochgradig kundenspezifischer <a href=\"https:\/\/www.zampolli.it\/de\/wicklungen-elektromotoren\/\">Elektromotorwicklungen<\/a><\/strong>. Wir w\u00e4hlen die geeigneten Materialien aus, pr\u00fcfen deren Bearbeitbarkeit und testen sie direkt an Prototype, immer mit dem Ziel, die bestm\u00f6gliche Konstruktionsl\u00f6sung in Bezug auf Funktionalit\u00e4t, thermisches Verhalten und elektrische Anforderungen zu erzielen<\/p>\n\n\n\n<p>Wir betrachten jedes Projeckt als<strong> einzigartig.<\/strong> Deshalb passen wir unsere bew\u00e4hrten Produktionsprozesse gezielt an <strong>den jeweiligen Bedarf<\/strong> an.<\/p>\n<\/div><\/div>\n<\/div>\n\n\n\n<div class=\"wp-block-column is-vertically-aligned-center is-layout-flow wp-block-column-is-layout-flow\" style=\"flex-basis:50%\">\n<figure class=\"wp-block-image size-large\"><img loading=\"lazy\" decoding=\"async\" width=\"1024\" height=\"874\" src=\"https:\/\/www.zampolli.it\/wp-content\/uploads\/schema-avvolgimento-automotive-1024x874.png\" alt=\"Elektromotor Wicklungen Automobilindustrie Zampolli\" class=\"wp-image-5524\" srcset=\"https:\/\/www.zampolli.it\/wp-content\/uploads\/schema-avvolgimento-automotive-1024x874.png 1024w, https:\/\/www.zampolli.it\/wp-content\/uploads\/schema-avvolgimento-automotive-300x256.png 300w, https:\/\/www.zampolli.it\/wp-content\/uploads\/schema-avvolgimento-automotive-768x655.png 768w, https:\/\/www.zampolli.it\/wp-content\/uploads\/schema-avvolgimento-automotive.png 1406w\" sizes=\"auto, (max-width: 1024px) 100vw, 1024px\" \/><\/figure>\n<\/div>\n<\/div>\n\n\n\n<p>Die experimentelle <strong>Erprobung<\/strong> ist ein fester Bestandteil unseres Vorgehens: Funktionale Tests pr\u00fcfen die Einhaltung der geforderten Parameter und erm\u00f6glichen schrittweise Anpassungen, bis die optimale Leistung erreicht ist.<\/p>\n\n\n\n<p>Dieser iterative Ansatz, unterst\u00fctzt durch kontinuierliches <strong>Feedback vom Kunden<\/strong>, erm\u00f6glicht es uns, die Entwicklungszeiten zu verk\u00fcrzen, Fehler zu minimieren und das Verh\u00e4ltnis von Zeit, Kosten und technischem Ergebnis zu optimieren. In der <strong>Prototypenphase<\/strong> findet eine <strong>enge Abstimmung<\/strong> statt, bei der unsere Erfahrung auf die Projektvision des Kunden trifft.<br><\/p>\n<\/div><\/div>\n\n\n\n<div style=\"height:63px\" aria-hidden=\"true\" class=\"wp-block-spacer\"><\/div>\n\n\n\n<h2 class=\"wp-block-heading has-text-align-center\"><strong>Entdecken Sie unsere Einsatzbereiche<\/strong><\/h2>\n<\/div>\n<\/div>\n<\/div>\n\n\n\n<div style=\"height:65px\" aria-hidden=\"true\" class=\"wp-block-spacer\"><\/div>\n\n\n\n<div class=\"wp-block-genesis-blocks-gb-columns gb-layout-columns-4 gb-4-col-equal gb-columns-center\"><div class=\"gb-layout-column-wrap gb-block-layout-column-gap-2 gb-is-responsive-column\" style=\"max-width:678px\">\n<div class=\"wp-block-genesis-blocks-gb-column gb-block-layout-column\"><div class=\"gb-block-layout-column-inner\"><div class=\"wp-block-image\">\n<figure class=\"aligncenter size-large is-resized\"><img decoding=\"async\" src=\"https:\/\/www.zampolli.it\/wp-content\/uploads\/automotive.svg\" alt=\"\" style=\"width:123px;height:auto\"\/><\/figure>\n<\/div>\n\n\n<p class=\"has-text-align-center\"><strong>AUTOMOBIL-INDUSTRIE<\/strong><\/p>\n<\/div><\/div>\n\n\n\n<div class=\"wp-block-genesis-blocks-gb-column gb-block-layout-column\"><div class=\"gb-block-layout-column-inner\"><div class=\"wp-block-image\">\n<figure class=\"aligncenter size-large is-resized\"><img decoding=\"async\" src=\"https:\/\/www.zampolli.it\/wp-content\/uploads\/Elettromandrini.svg\" alt=\"\" style=\"width:119px;height:auto\"\/><\/figure>\n<\/div>\n\n\n<p class=\"has-text-align-center\"><strong><a href=\"https:\/\/www.zampolli.it\/de\/elektromotoren-wicklungen-spindelmotoren\/\">ELEKTRO-SPINDELN<\/a><\/strong><\/p>\n<\/div><\/div>\n\n\n\n<div class=\"wp-block-genesis-blocks-gb-column gb-block-layout-column\"><div class=\"gb-block-layout-column-inner\"><div class=\"wp-block-image\">\n<figure class=\"aligncenter size-large is-resized\"><img decoding=\"async\" src=\"https:\/\/www.zampolli.it\/wp-content\/uploads\/Trazione%20elettrica.svg\" alt=\"\" style=\"width:119px;height:auto\"\/><\/figure>\n<\/div>\n\n\n<p class=\"has-text-align-center\"><strong><a href=\"https:\/\/www.zampolli.it\/de\/wicklungen-elektromotoren-elektrischer-antrieb\/\">ANTRIEBS-TECHNIK<\/a><\/strong><\/p>\n<\/div><\/div>\n\n\n\n<div class=\"wp-block-genesis-blocks-gb-column gb-block-layout-column\"><div class=\"gb-block-layout-column-inner\"><div class=\"wp-block-image\">\n<figure class=\"aligncenter size-large is-resized\"><img decoding=\"async\" src=\"https:\/\/www.zampolli.it\/wp-content\/uploads\/Settore%20ferroviario%20e%20navale.svg\" alt=\"\" style=\"width:121px;height:auto\"\/><\/figure>\n<\/div>\n\n\n<p class=\"has-text-align-center\"><strong><a href=\"https:\/\/www.zampolli.it\/de\/elektromotoren-wicklungen-bahnindustrie-und-schiffbau\/\">BAHNINDUSTRIE UND SCHIFFBAU<\/a><\/strong><\/p>\n<\/div><\/div>\n<\/div><\/div>\n\n\n\n<div class=\"wp-block-genesis-blocks-gb-columns gb-layout-columns-4 gb-4-col-equal gb-columns-center\"><div class=\"gb-layout-column-wrap gb-block-layout-column-gap-2 gb-is-responsive-column\" style=\"max-width:678px\">\n<div class=\"wp-block-genesis-blocks-gb-column gb-block-layout-column\"><div class=\"gb-block-layout-column-inner\"><div class=\"wp-block-image\">\n<figure class=\"aligncenter size-large is-resized\"><img decoding=\"async\" src=\"https:\/\/www.zampolli.it\/wp-content\/uploads\/Motovibratori.svg\" alt=\"\" style=\"width:121px;height:auto\"\/><\/figure>\n<\/div>\n\n\n<p class=\"has-text-align-center\"><strong><a href=\"https:\/\/www.zampolli.it\/de\/elektrische-motorwicklungen-vibrationsmotoren\/\">VIBRATIONS-<br>MOTOREN<\/a><\/strong><\/p>\n<\/div><\/div>\n\n\n\n<div class=\"wp-block-genesis-blocks-gb-column gb-block-layout-column\"><div class=\"gb-block-layout-column-inner\"><div class=\"wp-block-image\">\n<figure class=\"aligncenter size-large is-resized\"><img decoding=\"async\" src=\"https:\/\/www.zampolli.it\/wp-content\/uploads\/Pompe.svg\" alt=\"\" style=\"width:123px;height:auto\"\/><\/figure>\n<\/div>\n\n\n<p class=\"has-text-align-center\"><strong><a href=\"https:\/\/www.zampolli.it\/de\/elektrische-motorwicklungen-pumpen\/\">PUMPEN<\/a><\/strong><\/p>\n<\/div><\/div>\n\n\n\n<div class=\"wp-block-genesis-blocks-gb-column gb-block-layout-column\"><div class=\"gb-block-layout-column-inner\"><div class=\"wp-block-image\">\n<figure class=\"aligncenter size-large is-resized\"><img decoding=\"async\" src=\"https:\/\/www.zampolli.it\/wp-content\/uploads\/Macchine%20utensili.svg\" alt=\"\" style=\"width:119px;height:auto\"\/><\/figure>\n<\/div>\n\n\n<p class=\"has-text-align-center\"><strong><a href=\"https:\/\/www.zampolli.it\/de\/wicklungen-elektromotoren-werkzeugmaschinen\/\">WERKZEUG-<br>MASCHINEN<\/a><\/strong><\/p>\n<\/div><\/div>\n\n\n\n<div class=\"wp-block-genesis-blocks-gb-column gb-block-layout-column\"><div class=\"gb-block-layout-column-inner\"><div class=\"wp-block-image\">\n<figure class=\"aligncenter size-large is-resized\"><img decoding=\"async\" src=\"https:\/\/www.zampolli.it\/wp-content\/uploads\/Motori%20brushless.svg\" alt=\"\" style=\"width:121px;height:auto\"\/><\/figure>\n<\/div>\n\n\n<p class=\"has-text-align-center\"><strong><a href=\"https:\/\/www.zampolli.it\/de\/elektrische-wicklungen-brushless-motoren\/\">BRUSHLESS-<br>MOTOREN<\/a><\/strong><\/p>\n<\/div><\/div>\n<\/div><\/div>\n\n\n\n<div style=\"height:61px\" aria-hidden=\"true\" class=\"wp-block-spacer\"><\/div>\n<\/div>\n<\/div>\n\n\n\n<h2 class=\"wp-block-heading\"><strong>Warum Avvolgimenti Zampolli f\u00fcr Automotive-Projekte w\u00e4hlen?<\/strong><\/h2>\n\n\n\n<div style=\"height:25px\" aria-hidden=\"true\" class=\"wp-block-spacer\"><\/div>\n\n\n\n<p>Unser Unternehmen bietet die Expertise erfahrener Fachleute, die mit handwerklicher Pr\u00e4zision den gesamten Entwicklungsprozess begleiten und dabei Termine wie auch geforderte <strong>Qualit\u00e4tsstandards<\/strong> zuverl\u00e4ssig einhalten.<\/p>\n\n\n\n<p>Wir sind spezialisiert auf <strong>Automotive-Projekte,<\/strong> bei denen es auf <strong>Kleinserien<\/strong> oder sogar <strong>Einzelst\u00fccke<\/strong> ankommt.<br>Durch die enge Zusammenarbeit mit den <strong>Technikabteilungen unserer Kunden<\/strong> entsteht ein konstruktiver Austausch, der uns erm\u00f6glicht, auch anspruchsvollste Entwicklungsaufgaben flexibel und effizient zu realisieren.<br>Unsere agile Produktionsstruktur erlaubt es uns, schnell auf neue Anforderungen zu reagieren, Entwicklungszeiten zu verk\u00fcrzen und ma\u00dfgeschneiderte L\u00f6sungen in k\u00fcrzester Zeit zu liefern, stets bei gleichbleibend h\u00f6chster Qualit\u00e4t.<\/p>\n\n\n\n<p class=\"has-text-align-center has-background\" style=\"background-color:#f8f8f8\">Mit Zampolli als Partner f\u00fcr Elektromotor-Wicklungen im Automotive-Bereich entscheiden Sie sich f\u00fcr h\u00f6chste <strong>Verl\u00e4sslichkeit, schnelle Reaktionsf\u00e4higkeit und technische Expertise.<\/strong> Unsere <strong>Leidenschaft f\u00fcr Pr\u00e4zision<\/strong> bildet die <strong>Grundlage<\/strong> f\u00fcr L\u00f6sungen, die sowohl auf der Stra\u00dfe als auch auf der Rennstrecke sp\u00fcrbar den Unterschied machen.<\/p>\n<\/div><\/div>\n\n\n\n<div style=\"height:61px\" aria-hidden=\"true\" class=\"wp-block-spacer\"><\/div>\n\n\n\n<div class=\"logo-simbolo has-text-align-center\">\n<svg version=\"1.1\" id=\"Livello_1\" xmlns=\"http:\/\/www.w3.org\/2000\/svg\" x=\"0\" y=\"0\" viewBox=\"0 0 140.1 144.5\" xml:space=\"preserve\"><style>.st1{fill:#fff}.st5{display:inline}.st6{fill:#fff;stroke:#fff;stroke-width:.75;stroke-miterlimit:10}.st7{display:inline;fill:#e5332a}<\/style><path d=\"M131 69.4c0 33.9-27.5 61.5-61.5 61.5C35.6 130.9 8 103.4 8 69.4 8 35.5 35.5 7.9 69.5 7.9S131 35.4 131 69.4z\" fill=\"#5e5e5e\"><\/path><path class=\"st1\" d=\"M124.1 69.4c0 30.2-24.4 54.6-54.6 54.6S14.9 99.6 14.9 69.4s24.4-54.6 54.6-54.6c30.2 0 54.6 24.4 54.6 54.6z\"><\/path><path d=\"M82.5 34c-5 0-9.8 1.1-14.2 3 16 3.8 27.9 16.8 27.9 32.4 0 15.5-11.8 28.6-27.9 32.4 4.3 1.9 9.1 3 14.2 3 19.5 0 35.3-15.8 35.3-35.3C117.8 49.9 102 34 82.5 34z\" fill=\"#e5332a\"><\/path><path d=\"M85.4 112.1c-23.7 0-43-19.2-43-43 0-23.7 19.3-43 43-43 1.7 0 3.4.1 5 .3-6.3-3.1-13.4-4.8-20.8-4.8-26.4 0-47.7 21.4-47.7 47.7 0 26.4 21.4 47.7 47.7 47.7 8 0 15.6-2 22.2-5.5-2.1.4-4.3.6-6.4.6z\" fill=\"#e84e1b\"><\/path><\/svg><\/div>\n\n\n\n<div class=\"wp-block-group\"><div class=\"wp-block-group__inner-container is-layout-flow wp-block-group-is-layout-flow\">\n<h2 class=\"wp-block-heading has-text-align-center arancio\"><strong><strong>Ben\u00f6tigen Sie weitere Informationen zu unseren Produkten?<\/strong><\/strong><\/h2>\n\n\n\n<div style=\"height:30px\" aria-hidden=\"true\" class=\"wp-block-spacer\"><\/div>\n\n\n\n<p class=\"has-text-align-center\">Dank einer speziellen, aber flexiblen Ausr\u00fcstung k\u00f6nnen wir eine sehr breite Palette von Asynchronwicklungen herstellen<\/p>\n\n\n\n<div class=\"wp-block-buttons is-content-justification-center is-layout-flex wp-container-core-buttons-is-layout-16018d1d wp-block-buttons-is-layout-flex\">\n<div class=\"wp-block-button\"><a class=\"wp-block-button__link wp-element-button\" href=\"https:\/\/www.zampolli.it\/de\/info\/\">\u00dcberpr\u00fcfen Sie unsere Produkte<\/a><\/div>\n<\/div>\n<\/div><\/div>\n\n\n\n<p><\/p>\n","protected":false},"excerpt":{"rendered":"<p>Wicklungen f\u00fcr Elektromotoren in der Automobilindustrie Die Automobilindustrie erlebt einen tiefgreifenden Wandel: Elektromotoren gewinnen zunehmend an Bedeutung, und Faktoren wie Energieeffizienz, Umweltfreundlichkeit und dynamische Leistung r\u00fccken in den Mittelpunkt. In diesem Zusammenhang sind Wicklungen ein entscheidender Faktor bei der Entwicklung leistungsstarker und zuverl\u00e4ssiger Elektromotoren in der Automobilindustrie. Hochwertige Technologien f\u00fcr Motorwicklungen Die Vielfalt technischer L\u00f6sungen [&hellip;]<\/p>\n","protected":false},"author":3,"featured_media":0,"parent":0,"menu_order":0,"comment_status":"closed","ping_status":"closed","template":"","meta":{"_genesis_hide_title":true,"_genesis_hide_breadcrumbs":true,"_genesis_hide_singular_image":true,"_genesis_hide_footer_widgets":false,"_genesis_custom_body_class":"","_genesis_custom_post_class":"","_genesis_layout":"full-width-content","footnotes":""},"class_list":{"0":"post-4921","1":"page","2":"type-page","3":"status-publish","5":"entry"},"featured_image_src":null,"featured_image_src_square":null,"_links":{"self":[{"href":"https:\/\/www.zampolli.it\/de\/wp-json\/wp\/v2\/pages\/4921","targetHints":{"allow":["GET"]}}],"collection":[{"href":"https:\/\/www.zampolli.it\/de\/wp-json\/wp\/v2\/pages"}],"about":[{"href":"https:\/\/www.zampolli.it\/de\/wp-json\/wp\/v2\/types\/page"}],"author":[{"embeddable":true,"href":"https:\/\/www.zampolli.it\/de\/wp-json\/wp\/v2\/users\/3"}],"replies":[{"embeddable":true,"href":"https:\/\/www.zampolli.it\/de\/wp-json\/wp\/v2\/comments?post=4921"}],"version-history":[{"count":24,"href":"https:\/\/www.zampolli.it\/de\/wp-json\/wp\/v2\/pages\/4921\/revisions"}],"predecessor-version":[{"id":7031,"href":"https:\/\/www.zampolli.it\/de\/wp-json\/wp\/v2\/pages\/4921\/revisions\/7031"}],"wp:attachment":[{"href":"https:\/\/www.zampolli.it\/de\/wp-json\/wp\/v2\/media?parent=4921"}],"curies":[{"name":"wp","href":"https:\/\/api.w.org\/{rel}","templated":true}]}}