{"id":4906,"date":"2025-09-10T09:18:04","date_gmt":"2025-09-10T09:18:04","guid":{"rendered":"https:\/\/www.zampolli.it\/?page_id=4906"},"modified":"2025-12-05T10:53:38","modified_gmt":"2025-12-05T10:53:38","slug":"elektromotoren-wicklungen-spindelmotoren","status":"publish","type":"page","link":"https:\/\/www.zampolli.it\/de\/elektromotoren-wicklungen-spindelmotoren\/","title":{"rendered":"Elektrospindeln"},"content":{"rendered":"\n<div style=\"background-color:#0b0b0b;padding-left:5%;padding-right:5%;padding-bottom:15%;padding-top:30%\" class=\"wp-block-genesis-blocks-gb-container hero_inner gb-block-container alignfull\"><div class=\"gb-container-inside\"><div class=\"gb-container-image-wrap\"><img decoding=\"async\" class=\"gb-container-image has-background-dim-100 has-background-dim\" src=\"https:\/\/www.zampolli.it\/wp-content\/uploads\/slide_home.jpg\" alt=\"\"\/><\/div><div class=\"gb-container-content\" style=\"max-width:700px\"><\/div><\/div><\/div>\n\n\n\n<div class=\"wp-block-group alignwide\"><div class=\"wp-block-group__inner-container is-layout-flow wp-block-group-is-layout-flow\">\n<div class=\"wp-block-columns is-layout-flex wp-container-core-columns-is-layout-9d6595d7 wp-block-columns-is-layout-flex\">\n<div class=\"wp-block-column is-layout-flow wp-block-column-is-layout-flow\" style=\"flex-basis:100%\">\n<h1 class=\"wp-block-heading has-text-align-left titolo-pagina blu\"><strong><strong>Wicklungen f\u00fcr Elektrospindeln<\/strong><\/strong><\/h1>\n\n\n\n<div class=\"wp-block-genesis-blocks-gb-container gb-block-container\"><div class=\"gb-container-inside\"><div class=\"gb-container-content\">\n<p class=\"has-background\" style=\"background-color:#f8f8f8\">In Anwendungen, in denen h\u00f6chste Pr\u00e4zision, verl\u00e4ssliche Wiederholbarkeit und hohe Drehzahlen erforderlich sind, muss der <strong>Spindelmotor<\/strong> jederzeit stabil und leistungsstark arbeiten.<br><br>Da die Einsatzbedingungen h\u00e4ufig hohen thermischen und mechanischen Belastungen ausgesetzt sind, werden speziell entwickelte <strong>Wicklungen<\/strong> eingesetzt, die selbst unter diesen extremen Bedingungen zuverl\u00e4ssig und pr\u00e4zise arbeiten.<\/p>\n\n\n\n<figure class=\"wp-block-image size-large\"><img loading=\"lazy\" decoding=\"async\" width=\"1024\" height=\"412\" src=\"https:\/\/www.zampolli.it\/wp-content\/uploads\/avvolgimenti-motori-elettrici-elettromandrini-1024x412.jpg\" alt=\"Wicklungen f\u00fcr Elektrospindeln\nAvvolgimenti Zampolli\" class=\"wp-image-5129\" srcset=\"https:\/\/www.zampolli.it\/wp-content\/uploads\/avvolgimenti-motori-elettrici-elettromandrini-1024x412.jpg 1024w, https:\/\/www.zampolli.it\/wp-content\/uploads\/avvolgimenti-motori-elettrici-elettromandrini-300x121.jpg 300w, https:\/\/www.zampolli.it\/wp-content\/uploads\/avvolgimenti-motori-elettrici-elettromandrini-768x309.jpg 768w, https:\/\/www.zampolli.it\/wp-content\/uploads\/avvolgimenti-motori-elettrici-elettromandrini-1536x618.jpg 1536w, https:\/\/www.zampolli.it\/wp-content\/uploads\/avvolgimenti-motori-elettrici-elettromandrini-2048x824.jpg 2048w\" sizes=\"auto, (max-width: 1024px) 100vw, 1024px\" \/><\/figure>\n<\/div><\/div><\/div>\n\n\n\n<h2 class=\"wp-block-heading\"><strong>Warum hochwertige Wicklungen f\u00fcr Elektrospindeln wichtig sind<\/strong><\/h2>\n\n\n\n<div style=\"height:34px\" aria-hidden=\"true\" class=\"wp-block-spacer\"><\/div>\n\n\n\n<p>Der <strong>Spindelmotor<\/strong> z\u00e4hlt zu den empfindlichsten und zugleich wichtigsten Bauteilen einer CNC-Maschine. Um auch unter hohen mechanischen und thermischen Belastungen zuverl\u00e4ssig zu funktionieren, braucht er hochwertige interne Komponenten. Besonders entscheidend ist dabei die <strong>elektrische Wicklung<\/strong>, die f\u00fcr Pr\u00e4zision, Stabilit\u00e4t und Langlebigkeit des Motors sorgt.<br><\/p>\n\n\n\n<p class=\"has-text-align-center has-background\" style=\"background-color:#f8f8f8\">Wicklungen, die f\u00fcr hohe <strong>Drehzahlen<\/strong> und h\u00f6chste <strong>Pr\u00e4zision<\/strong> ausgelegt sind, m\u00fcssen nicht nur <strong>langlebig und belastbar<\/strong> sein, sondern auch eine hohe Betriebssicherheit gew\u00e4hrleisten, damit die Maschine die <strong>Wiederholbarkeit der Bearbeitungen <\/strong>einh\u00e4lt. Eine effiziente <strong>K\u00fchlung des Motors<\/strong> ist dabei entscheidend, um \u00dcberhitzung zu vermeiden, die Pr\u00e4zision und Zuverl\u00e4ssigkeit beeintr\u00e4chtigen k\u00f6nnte.<\/p>\n\n\n\n<p>Deshalb darf die Entwicklung von Wicklungen f\u00fcr Spindelmotoren nicht nach standardisierten Verfahren erfolgen, sondern erfordert <strong>besondere Sorgfalt<\/strong>, sowohl bei der Wahl der Materialien als auch in der Fertigungstechnik.<br><\/p>\n\n\n\n<div style=\"height:46px\" aria-hidden=\"true\" class=\"wp-block-spacer\"><\/div>\n\n\n\n<h2 class=\"wp-block-heading\"><strong>Technologie und Fertigung von Wicklungen f\u00fcr Elektrospindeln<\/strong><\/h2>\n\n\n\n<div class=\"wp-block-columns alignwide are-vertically-aligned-center is-layout-flex wp-container-core-columns-is-layout-9d6595d7 wp-block-columns-is-layout-flex\">\n<div class=\"wp-block-column is-vertically-aligned-center is-layout-flow wp-block-column-is-layout-flow\" style=\"flex-basis:50%\">\n<p>Die Herstellung von Wicklungen f\u00fcr Spindelmotoren erfordert h\u00f6chste Spezialisierung. Bei Avvolgimenti Zampolli wird jeder Arbeitsschritt nach <strong>strengsten Fertigungsstandards<\/strong> durchgef\u00fchrt. Das manuelle Einlegen der Spulen erm\u00f6glicht eine pr\u00e4zise Positionierung, h\u00e4lt <strong>Toleranzen<\/strong> auf ein Minimum und sorgt f\u00fcr <strong>gleichbleibend hohe Qualit\u00e4t in allen Produktionsphasen.<\/strong><\/p>\n\n\n\n<p>Die verwendeten <strong>Materialien<\/strong> erf\u00fcllen <strong>alle internationalen Normen<\/strong>. So entsteht eine Wicklung, die konstant hohe Leistung sicherstellt und optimal auf die funktionalen Anforderungen moderner Spindelmotoren abgestimmt ist.<\/p>\n<\/div>\n\n\n\n<div class=\"wp-block-column is-vertically-aligned-center is-layout-flow wp-block-column-is-layout-flow\" style=\"flex-basis:50%\">\n<figure class=\"wp-block-image size-full is-resized\"><img loading=\"lazy\" decoding=\"async\" width=\"1406\" height=\"1200\" src=\"https:\/\/www.zampolli.it\/wp-content\/uploads\/avvolgimenti-motori-elettrici-elettromandrini-alte-prestazioni.png\" alt=\"Wicklungen f\u00fcr Elektrospindeln\nAvvolgimenti Zampollii\" class=\"wp-image-5667\" style=\"width:493px;height:auto\" srcset=\"https:\/\/www.zampolli.it\/wp-content\/uploads\/avvolgimenti-motori-elettrici-elettromandrini-alte-prestazioni.png 1406w, https:\/\/www.zampolli.it\/wp-content\/uploads\/avvolgimenti-motori-elettrici-elettromandrini-alte-prestazioni-300x256.png 300w, https:\/\/www.zampolli.it\/wp-content\/uploads\/avvolgimenti-motori-elettrici-elettromandrini-alte-prestazioni-1024x874.png 1024w, https:\/\/www.zampolli.it\/wp-content\/uploads\/avvolgimenti-motori-elettrici-elettromandrini-alte-prestazioni-768x655.png 768w\" sizes=\"auto, (max-width: 1406px) 100vw, 1406px\" \/><\/figure>\n<\/div>\n<\/div>\n\n\n\n<div style=\"height:80px;width:0px\" aria-hidden=\"true\" class=\"wp-block-spacer\"><\/div>\n\n\n\n<h2 class=\"wp-block-heading\"><strong>Qualit\u00e4t und Pr\u00fcfung von Wicklungen f\u00fcr Spindelmotoren<\/strong><\/h2>\n\n\n\n<div style=\"height:32px\" aria-hidden=\"true\" class=\"wp-block-spacer\"><\/div>\n\n\n\n<p>Ein besonderes Kennzeichen der Zampolli-Produktion ist die strenge <strong>Qualit\u00e4tskontrolle<\/strong>. Jede Wicklung wird sorgf\u00e4ltig gepr\u00fcft, um die <strong>Kupferverteilung<\/strong> zu optimieren, ein entscheidender Faktor f\u00fcr die magnetische Effizienz und die Minimierung von EnergieverlustenBesonders wichtig ist au\u00dferdem der <strong>Isolationsgrad zwischen den Wicklungsphasen<\/strong>, da er ma\u00dfgeblich f\u00fcr die Sicherheit und Zuverl\u00e4ssigkeit der Bauteile ist.&nbsp;<\/p>\n\n\n\n<p>Bei der <strong>Endpr\u00fcfung<\/strong> kommen hochpr\u00e4zise Messger\u00e4te zum Einsatz, um selbst kleinste Abweichungen zuverl\u00e4ssig zu erkennen. Der gesamte Prozess ist darauf ausgerichtet, nicht nur die industriellen Standards zu erf\u00fcllen, sondern auch die <strong>spezifischen Anforderungen<\/strong> der anspruchsvollsten Kunden.<\/p>\n\n\n\n<div style=\"height:58px\" aria-hidden=\"true\" class=\"wp-block-spacer\"><\/div>\n\n\n\n<h2 class=\"wp-block-heading has-text-align-center\"><strong>Entdecken Sie unsere Einsatzbereiche<\/strong><\/h2>\n\n\n\n<div style=\"height:58px\" aria-hidden=\"true\" class=\"wp-block-spacer\"><\/div>\n\n\n\n<div class=\"wp-block-genesis-blocks-gb-columns gb-layout-columns-4 gb-4-col-equal gb-columns-center\"><div class=\"gb-layout-column-wrap gb-block-layout-column-gap-2 gb-is-responsive-column\" style=\"max-width:678px\">\n<div class=\"wp-block-genesis-blocks-gb-column gb-block-layout-column\"><div class=\"gb-block-layout-column-inner\"><div class=\"wp-block-image\">\n<figure class=\"aligncenter size-large is-resized\"><img decoding=\"async\" src=\"https:\/\/www.zampolli.it\/wp-content\/uploads\/automotive.svg\" alt=\"\" style=\"width:123px;height:auto\"\/><\/figure>\n<\/div>\n\n\n<p class=\"has-text-align-center\"><strong><a href=\"https:\/\/www.zampolli.it\/de\/elektromotor-wicklungen-automobilindustrie\/\">AUTOMOBIL-INDUSTRIE<\/a><\/strong><\/p>\n<\/div><\/div>\n\n\n\n<div class=\"wp-block-genesis-blocks-gb-column gb-block-layout-column\"><div class=\"gb-block-layout-column-inner\"><div class=\"wp-block-image\">\n<figure class=\"aligncenter size-large is-resized\"><img decoding=\"async\" src=\"https:\/\/www.zampolli.it\/wp-content\/uploads\/Elettromandrini.svg\" alt=\"\" style=\"width:119px;height:auto\"\/><\/figure>\n<\/div>\n\n\n<p class=\"has-text-align-center\"><strong>ELEKTRO-SPINDELN<\/strong><\/p>\n<\/div><\/div>\n\n\n\n<div class=\"wp-block-genesis-blocks-gb-column gb-block-layout-column\"><div class=\"gb-block-layout-column-inner\"><div class=\"wp-block-image\">\n<figure class=\"aligncenter size-large is-resized\"><img decoding=\"async\" src=\"https:\/\/www.zampolli.it\/wp-content\/uploads\/Trazione%20elettrica.svg\" alt=\"\" style=\"width:119px;height:auto\"\/><\/figure>\n<\/div>\n\n\n<p class=\"has-text-align-center\"><strong><a href=\"https:\/\/www.zampolli.it\/de\/wicklungen-elektromotoren-elektrischer-antrieb\/\">ANTRIEBS-TECHNIK<\/a><\/strong><\/p>\n<\/div><\/div>\n\n\n\n<div class=\"wp-block-genesis-blocks-gb-column gb-block-layout-column\"><div class=\"gb-block-layout-column-inner\"><div class=\"wp-block-image\">\n<figure class=\"aligncenter size-large is-resized\"><img decoding=\"async\" src=\"https:\/\/www.zampolli.it\/wp-content\/uploads\/Settore%20ferroviario%20e%20navale.svg\" alt=\"\" style=\"width:121px;height:auto\"\/><\/figure>\n<\/div>\n\n\n<p class=\"has-text-align-center\"><strong><a href=\"https:\/\/www.zampolli.it\/de\/elektromotoren-wicklungen-bahnindustrie-und-schiffbau\/\">BAHNINDUSTRIE UND SCHIFFBAU<\/a><\/strong><\/p>\n<\/div><\/div>\n<\/div><\/div>\n\n\n\n<div class=\"wp-block-genesis-blocks-gb-columns gb-layout-columns-4 gb-4-col-equal gb-columns-center\"><div class=\"gb-layout-column-wrap gb-block-layout-column-gap-2 gb-is-responsive-column\" style=\"max-width:678px\">\n<div class=\"wp-block-genesis-blocks-gb-column gb-block-layout-column\"><div class=\"gb-block-layout-column-inner\"><div class=\"wp-block-image\">\n<figure class=\"aligncenter size-large is-resized\"><img decoding=\"async\" src=\"https:\/\/www.zampolli.it\/wp-content\/uploads\/Motovibratori.svg\" alt=\"\" style=\"width:121px;height:auto\"\/><\/figure>\n<\/div>\n\n\n<p class=\"has-text-align-center\"><strong><a href=\"https:\/\/www.zampolli.it\/de\/elektrische-motorwicklungen-vibrationsmotoren\/\">VIBRATIONS-<br>MOTOREN<\/a><\/strong><\/p>\n<\/div><\/div>\n\n\n\n<div class=\"wp-block-genesis-blocks-gb-column gb-block-layout-column\"><div class=\"gb-block-layout-column-inner\"><div class=\"wp-block-image\">\n<figure class=\"aligncenter size-large is-resized\"><img decoding=\"async\" src=\"https:\/\/www.zampolli.it\/wp-content\/uploads\/Pompe.svg\" alt=\"\" style=\"width:123px;height:auto\"\/><\/figure>\n<\/div>\n\n\n<p class=\"has-text-align-center\"><strong><a href=\"https:\/\/www.zampolli.it\/de\/elektrische-motorwicklungen-pumpen\/\">PUMPEN<\/a><\/strong><\/p>\n<\/div><\/div>\n\n\n\n<div class=\"wp-block-genesis-blocks-gb-column gb-block-layout-column\"><div class=\"gb-block-layout-column-inner\"><div class=\"wp-block-image\">\n<figure class=\"aligncenter size-large is-resized\"><img decoding=\"async\" src=\"https:\/\/www.zampolli.it\/wp-content\/uploads\/Macchine%20utensili.svg\" alt=\"\" style=\"width:119px;height:auto\"\/><\/figure>\n<\/div>\n\n\n<p class=\"has-text-align-center\"><strong><a href=\"https:\/\/www.zampolli.it\/de\/wicklungen-elektromotoren-werkzeugmaschinen\/\">WERKZEUG-<br>MASCHINEN<\/a><\/strong><\/p>\n<\/div><\/div>\n\n\n\n<div class=\"wp-block-genesis-blocks-gb-column gb-block-layout-column\"><div class=\"gb-block-layout-column-inner\"><div class=\"wp-block-image\">\n<figure class=\"aligncenter size-large is-resized\"><img decoding=\"async\" src=\"https:\/\/www.zampolli.it\/wp-content\/uploads\/Motori%20brushless.svg\" alt=\"\" style=\"width:121px;height:auto\"\/><\/figure>\n<\/div>\n\n\n<p class=\"has-text-align-center\"><strong><a href=\"https:\/\/www.zampolli.it\/de\/elektrische-wicklungen-brushless-motoren\/\">BRUSHLESS-<br>MOTOREN<\/a><\/strong><\/p>\n<\/div><\/div>\n<\/div><\/div>\n<\/div>\n<\/div>\n\n\n\n<h2 class=\"wp-block-heading\"><strong>Avvolgimenti Zampolli: die erste Wahl f\u00fcr Elektrospindeln von<\/strong><\/h2>\n\n\n\n<div style=\"height:23px\" aria-hidden=\"true\" class=\"wp-block-spacer\"><\/div>\n\n\n\n<p>Avvolgimenti Zampolli vereint \u00fcber f\u00fcnfzig Jahre <strong>handwerkliche Erfahrung<\/strong> mit <strong>modernster technischer Expertise<\/strong>. Jede Wicklung wird individuell nach einer gr\u00fcndlichen Analyse der spezifischen Anforderungen gefertigt. Die <strong>L\u00f6sungen<\/strong> sind vollst\u00e4ndig <strong>anpassbar<\/strong>, und jeder Arbeitsschritt wird manuell ausgef\u00fchrt, um <strong>h\u00f6chste<\/strong> <strong>Pr\u00e4zision<\/strong> sicherzustellen.<\/p>\n\n\n\n<p>Die sorgf\u00e4ltige Verarbeitung zeigt sich sowohl in der pr\u00e4zisen <strong>Isolierung<\/strong> zwischen den Wicklungsphasen als auch in der Verwendung <strong>zertifizierter, normgerechter Materialien<\/strong>. Die Endkontrollen erfolgen mit modernster Messtechnik, wobei <strong>Toleranzen von unter 2<\/strong><strong>\u202f<\/strong><strong>%<\/strong> eingehalten werden, ein deutliches Zeichen f\u00fcr das hohe Qualit\u00e4tsniveau.<\/p>\n\n\n\n<p class=\"has-text-align-center has-background\" style=\"background-color:#f8f8f8;line-height:1.5\">Jedes Projekt bei Avvolgimenti Zampolli entsteht aus <strong>fundiertem Fachwissen<\/strong>, hoher Produktionsflexibilit\u00e4t und echter Leidenschaft f\u00fcr pr\u00e4zises Arbeiten. So k\u00f6nnen wir die Anforderungen von Anwendern <strong>leistungsstarker Spindelmotoren<\/strong> zuverl\u00e4ssig erf\u00fcllen.<br><\/p>\n<\/div><\/div>\n\n\n\n<div style=\"height:57px\" aria-hidden=\"true\" class=\"wp-block-spacer\"><\/div>\n\n\n\n<div class=\"logo-simbolo has-text-align-center\">\n<svg version=\"1.1\" id=\"Livello_1\" xmlns=\"http:\/\/www.w3.org\/2000\/svg\" x=\"0\" y=\"0\" viewBox=\"0 0 140.1 144.5\" xml:space=\"preserve\"><style>.st1{fill:#fff}.st5{display:inline}.st6{fill:#fff;stroke:#fff;stroke-width:.75;stroke-miterlimit:10}.st7{display:inline;fill:#e5332a}<\/style><path d=\"M131 69.4c0 33.9-27.5 61.5-61.5 61.5C35.6 130.9 8 103.4 8 69.4 8 35.5 35.5 7.9 69.5 7.9S131 35.4 131 69.4z\" fill=\"#5e5e5e\"><\/path><path class=\"st1\" d=\"M124.1 69.4c0 30.2-24.4 54.6-54.6 54.6S14.9 99.6 14.9 69.4s24.4-54.6 54.6-54.6c30.2 0 54.6 24.4 54.6 54.6z\"><\/path><path d=\"M82.5 34c-5 0-9.8 1.1-14.2 3 16 3.8 27.9 16.8 27.9 32.4 0 15.5-11.8 28.6-27.9 32.4 4.3 1.9 9.1 3 14.2 3 19.5 0 35.3-15.8 35.3-35.3C117.8 49.9 102 34 82.5 34z\" fill=\"#e5332a\"><\/path><path d=\"M85.4 112.1c-23.7 0-43-19.2-43-43 0-23.7 19.3-43 43-43 1.7 0 3.4.1 5 .3-6.3-3.1-13.4-4.8-20.8-4.8-26.4 0-47.7 21.4-47.7 47.7 0 26.4 21.4 47.7 47.7 47.7 8 0 15.6-2 22.2-5.5-2.1.4-4.3.6-6.4.6z\" fill=\"#e84e1b\"><\/path><\/svg><\/div>\n\n\n\n<div class=\"wp-block-group\"><div class=\"wp-block-group__inner-container is-layout-flow wp-block-group-is-layout-flow\">\n<h2 class=\"wp-block-heading has-text-align-center arancio\"><strong><strong>Ben\u00f6tigen Sie weitere Informationen zu unseren Produkten?<\/strong><\/strong><\/h2>\n\n\n\n<div style=\"height:30px\" aria-hidden=\"true\" class=\"wp-block-spacer\"><\/div>\n\n\n\n<p class=\"has-text-align-center\">Dank einer speziellen, aber flexiblen Ausr\u00fcstung k\u00f6nnen wir eine sehr breite Palette von Asynchronwicklungen herstellen<\/p>\n\n\n\n<div class=\"wp-block-buttons is-content-justification-center is-layout-flex wp-container-core-buttons-is-layout-16018d1d wp-block-buttons-is-layout-flex\">\n<div class=\"wp-block-button\"><a class=\"wp-block-button__link wp-element-button\" href=\"https:\/\/www.zampolli.it\/de\/info\/\">\u00dcberpr\u00fcfen Sie unsere Produkte<\/a><\/div>\n<\/div>\n<\/div><\/div>\n\n\n\n<p><\/p>\n","protected":false},"excerpt":{"rendered":"<p>Wicklungen f\u00fcr Elektrospindeln Warum hochwertige Wicklungen f\u00fcr Elektrospindeln wichtig sind Der Spindelmotor z\u00e4hlt zu den empfindlichsten und zugleich wichtigsten Bauteilen einer CNC-Maschine. Um auch unter hohen mechanischen und thermischen Belastungen zuverl\u00e4ssig zu funktionieren, braucht er hochwertige interne Komponenten. Besonders entscheidend ist dabei die elektrische Wicklung, die f\u00fcr Pr\u00e4zision, Stabilit\u00e4t und Langlebigkeit des Motors sorgt. Wicklungen, [&hellip;]<\/p>\n","protected":false},"author":3,"featured_media":0,"parent":0,"menu_order":0,"comment_status":"closed","ping_status":"closed","template":"","meta":{"_genesis_hide_title":true,"_genesis_hide_breadcrumbs":true,"_genesis_hide_singular_image":true,"_genesis_hide_footer_widgets":false,"_genesis_custom_body_class":"","_genesis_custom_post_class":"","_genesis_layout":"full-width-content","footnotes":""},"class_list":{"0":"post-4906","1":"page","2":"type-page","3":"status-publish","5":"entry"},"featured_image_src":null,"featured_image_src_square":null,"_links":{"self":[{"href":"https:\/\/www.zampolli.it\/de\/wp-json\/wp\/v2\/pages\/4906","targetHints":{"allow":["GET"]}}],"collection":[{"href":"https:\/\/www.zampolli.it\/de\/wp-json\/wp\/v2\/pages"}],"about":[{"href":"https:\/\/www.zampolli.it\/de\/wp-json\/wp\/v2\/types\/page"}],"author":[{"embeddable":true,"href":"https:\/\/www.zampolli.it\/de\/wp-json\/wp\/v2\/users\/3"}],"replies":[{"embeddable":true,"href":"https:\/\/www.zampolli.it\/de\/wp-json\/wp\/v2\/comments?post=4906"}],"version-history":[{"count":17,"href":"https:\/\/www.zampolli.it\/de\/wp-json\/wp\/v2\/pages\/4906\/revisions"}],"predecessor-version":[{"id":7032,"href":"https:\/\/www.zampolli.it\/de\/wp-json\/wp\/v2\/pages\/4906\/revisions\/7032"}],"wp:attachment":[{"href":"https:\/\/www.zampolli.it\/de\/wp-json\/wp\/v2\/media?parent=4906"}],"curies":[{"name":"wp","href":"https:\/\/api.w.org\/{rel}","templated":true}]}}