{"id":2663,"date":"2021-02-03T15:36:45","date_gmt":"2021-02-03T15:36:45","guid":{"rendered":"https:\/\/stage.zampolli.it\/homepage\/"},"modified":"2025-12-05T11:12:11","modified_gmt":"2025-12-05T11:12:11","slug":"homepage","status":"publish","type":"page","link":"https:\/\/www.zampolli.it\/de\/","title":{"rendered":"Homepage"},"content":{"rendered":"\n<div style=\"background-color:#0b0b0b;padding-right:10%;padding-top:25%\" class=\"wp-block-genesis-blocks-gb-container gb-layout-hero-1 herohome gb-block-container alignfull\"><div class=\"gb-container-inside\"><div class=\"gb-container-image-wrap\"><img decoding=\"async\" class=\"gb-container-image has-background-dim-100 has-background-dim\" src=\"https:\/\/www.zampolli.it\/wp-content\/uploads\/slide_home.jpg\" alt=\"\"\/><\/div><div class=\"gb-container-content\" style=\"max-width:700px\">\n<h1 class=\"wp-block-heading has-text-align-center gb-white-text\">Wicklungen f\u00fcr Elektromotoren<\/h1>\n\n\n\n<h2 class=\"wp-block-heading has-text-align-center gb-white-text\">handwerkliche Qualit\u00e4t    kontinuierliche Innovation<\/h2>\n<\/div><\/div><\/div>\n\n\n\n<div class=\"wp-block-group alignwide\"><div class=\"wp-block-group__inner-container is-layout-flow wp-block-group-is-layout-flow\">\n<div style=\"height:48px\" aria-hidden=\"true\" class=\"wp-block-spacer\"><\/div>\n<\/div><\/div>\n\n\n<div class=\"wp-block-image is-resized\">\n<figure class=\"aligncenter size-large\"><img loading=\"lazy\" decoding=\"async\" width=\"1024\" height=\"412\" src=\"https:\/\/www.zampolli.it\/wp-content\/uploads\/avvolgimenti-zampolli-homepage-2-1024x412.png\" alt=\"Wicklungen f\u00fcr elektrische Wechselstrommotoren\" class=\"wp-image-6521\" srcset=\"https:\/\/www.zampolli.it\/wp-content\/uploads\/avvolgimenti-zampolli-homepage-2-1024x412.png 1024w, https:\/\/www.zampolli.it\/wp-content\/uploads\/avvolgimenti-zampolli-homepage-2-300x121.png 300w, https:\/\/www.zampolli.it\/wp-content\/uploads\/avvolgimenti-zampolli-homepage-2-768x309.png 768w, https:\/\/www.zampolli.it\/wp-content\/uploads\/avvolgimenti-zampolli-homepage-2-1536x618.png 1536w, https:\/\/www.zampolli.it\/wp-content\/uploads\/avvolgimenti-zampolli-homepage-2-2048x824.png 2048w\" sizes=\"auto, (max-width: 1024px) 100vw, 1024px\" \/><\/figure>\n<\/div>\n\n\n<div style=\"height:31px\" aria-hidden=\"true\" class=\"wp-block-spacer\"><\/div>\n\n\n\n<div style=\"margin-bottom:2.5%\" class=\"wp-block-genesis-blocks-gb-container gb-layout-business-1 gb-block-container alignfull\"><div class=\"gb-container-inside\"><div class=\"gb-container-content\" style=\"max-width:1600px\">\n<div class=\"wp-block-genesis-blocks-gb-columns gb-layout-service-2 obiettivi gb-layout-columns-1 one-column gb-columns-center\" style=\"padding-right:5%;padding-bottom:2%;padding-left:5%\"><div class=\"gb-layout-column-wrap gb-block-layout-column-gap-2 gb-is-responsive-column\" style=\"max-width:1200px\">\n<div class=\"wp-block-genesis-blocks-gb-column gb-block-layout-column\"><div class=\"gb-block-layout-column-inner\">\n<div style=\"margin-bottom:5%\" class=\"wp-block-genesis-blocks-gb-container gb-block-container\"><div class=\"gb-container-inside\"><div class=\"gb-container-content\" style=\"max-width:700px\"><\/div><\/div><\/div>\n\n\n\n<div class=\"wp-block-group sfondo-grigio penta-elem\"><div class=\"wp-block-group__inner-container is-layout-flow wp-block-group-is-layout-flow\">\n<h2 class=\"wp-block-heading has-text-align-center arancio\"><strong>Wicklungen f\u00fcr elektrische Wechselstrommotoren<\/strong><\/h2>\n\n\n\n<div style=\"height:31px\" aria-hidden=\"true\" class=\"wp-block-spacer\"><\/div>\n\n\n\n<div class=\"wp-block-genesis-blocks-gb-columns gb-layout-columns-5 gb-5-col-equal\" style=\"margin-bottom:3%\"><div class=\"gb-layout-column-wrap gb-block-layout-column-gap-1 gb-is-responsive-column\">\n<div class=\"wp-block-genesis-blocks-gb-column colonna_obiettivo gb-block-layout-column\"><div class=\"gb-block-layout-column-inner\">\n<p><\/p>\n<\/div><\/div>\n\n\n\n<div class=\"wp-block-genesis-blocks-gb-column colonna_obiettivo gb-block-layout-column\"><div class=\"gb-block-layout-column-inner\">\n<div class=\"icona\">\n<svg version=\"1.1\" id=\"Layer_1\" xmlns=\"http:\/\/www.w3.org\/2000\/svg\" x=\"0\" y=\"0\" viewBox=\"0 0 507.2 507.2\" xml:space=\"preserve\"><style>.st2{fill:#fff}<\/style><circle cx=\"253.6\" cy=\"253.6\" r=\"253.6\" fill=\"#e94e1b\"><\/circle><path d=\"M188.8 368l130.4 130.4c108-28.8 188-127.2 188-244.8v-7.2L404.8 152l-216 216z\" fill=\"#c13008\"><\/path><path class=\"st2\" d=\"M260 310.4c11.2 11.2 11.2 30.4 0 41.6l-23.2 23.2c-11.2 11.2-30.4 11.2-41.6 0L93.6 272.8c-11.2-11.2-11.2-30.4 0-41.6l23.2-23.2c11.2-11.2 30.4-11.2 41.6 0L260 310.4z\"><\/path><path class=\"st2\" d=\"M348.8 133.6c11.2-11.2 30.4-11.2 41.6 0l23.2 23.2c11.2 11.2 11.2 30.4 0 41.6l-176 175.2c-11.2 11.2-30.4 11.2-41.6 0l-23.2-23.2c-11.2-11.2-11.2-30.4 0-41.6l176-175.2z\"><\/path><\/svg><\/div>\n\n\n\n<p class=\"testop testo-fianco\"><strong>einfach, doppelt, dreifach Polarit\u00e4ten<\/strong><\/p>\n<\/div><\/div>\n\n\n\n<div class=\"wp-block-genesis-blocks-gb-column colonna_obiettivo gb-block-layout-column\"><div class=\"gb-block-layout-column-inner\">\n<div class=\"icona\">\n<svg version=\"1.1\" id=\"Layer_1\" xmlns=\"http:\/\/www.w3.org\/2000\/svg\" x=\"0\" y=\"0\" viewBox=\"0 0 507.2 507.2\" xml:space=\"preserve\"><style>.st2{fill:#fff}<\/style><circle cx=\"253.6\" cy=\"253.6\" r=\"253.6\" fill=\"#e94e1b\"><\/circle><path d=\"M188.8 368l130.4 130.4c108-28.8 188-127.2 188-244.8v-7.2L404.8 152l-216 216z\" fill=\"#c13008\"><\/path><path class=\"st2\" d=\"M260 310.4c11.2 11.2 11.2 30.4 0 41.6l-23.2 23.2c-11.2 11.2-30.4 11.2-41.6 0L93.6 272.8c-11.2-11.2-11.2-30.4 0-41.6l23.2-23.2c11.2-11.2 30.4-11.2 41.6 0L260 310.4z\"><\/path><path class=\"st2\" d=\"M348.8 133.6c11.2-11.2 30.4-11.2 41.6 0l23.2 23.2c11.2 11.2 11.2 30.4 0 41.6l-176 175.2c-11.2 11.2-30.4 11.2-41.6 0l-23.2-23.2c-11.2-11.2-11.2-30.4 0-41.6l176-175.2z\"><\/path><\/svg><\/div>\n\n\n\n<p class=\"testop testo-fianco\"><strong>Nieder-, Mittel-, Hochspannung<\/strong><\/p>\n<\/div><\/div>\n\n\n\n<div class=\"wp-block-genesis-blocks-gb-column colonna_obiettivo gb-block-layout-column\"><div class=\"gb-block-layout-column-inner\">\n<div class=\"icona\">\n<svg version=\"1.1\" id=\"Layer_1\" xmlns=\"http:\/\/www.w3.org\/2000\/svg\" x=\"0\" y=\"0\" viewBox=\"0 0 507.2 507.2\" xml:space=\"preserve\"><style>.st2{fill:#fff}<\/style><circle cx=\"253.6\" cy=\"253.6\" r=\"253.6\" fill=\"#e94e1b\"><\/circle><path d=\"M188.8 368l130.4 130.4c108-28.8 188-127.2 188-244.8v-7.2L404.8 152l-216 216z\" fill=\"#c13008\"><\/path><path class=\"st2\" d=\"M260 310.4c11.2 11.2 11.2 30.4 0 41.6l-23.2 23.2c-11.2 11.2-30.4 11.2-41.6 0L93.6 272.8c-11.2-11.2-11.2-30.4 0-41.6l23.2-23.2c11.2-11.2 30.4-11.2 41.6 0L260 310.4z\"><\/path><path class=\"st2\" d=\"M348.8 133.6c11.2-11.2 30.4-11.2 41.6 0l23.2 23.2c11.2 11.2 11.2 30.4 0 41.6l-176 175.2c-11.2 11.2-30.4 11.2-41.6 0l-23.2-23.2c-11.2-11.2-11.2-30.4 0-41.6l176-175.2z\"><\/path><\/svg><\/div>\n\n\n\n<p class=\"testop testo-fianco\"><strong>Schr\u00e4ge Nuten f\u00fcr b\u00fcrstenlose Motoren<\/strong><\/p>\n<\/div><\/div>\n\n\n\n<div class=\"wp-block-genesis-blocks-gb-column colonna_obiettivo gb-block-layout-column\"><div class=\"gb-block-layout-column-inner\">\n<p><\/p>\n<\/div><\/div>\n<\/div><\/div>\n<\/div><\/div>\n\n\n\n<div style=\"padding-left:15%;padding-right:15%\" class=\"wp-block-genesis-blocks-gb-container gb-block-container\"><div class=\"gb-container-inside\"><div class=\"gb-container-content\">\n<div style=\"height:48px\" aria-hidden=\"true\" class=\"wp-block-spacer\"><\/div>\n\n\n\n<p class=\"has-text-align-center\">Wir fertigen <strong>Wicklungen<\/strong>, die gr\u00f6\u00dftenteils von Hand eingebracht werden, und sind besonders auf <strong>Sonder- und Spezialmotoren<\/strong> spezialisiert.<\/p>\n<\/div><\/div><\/div>\n\n\n\n<div style=\"height:88px\" aria-hidden=\"true\" class=\"wp-block-spacer\"><\/div>\n\n\n\n<div class=\"wp-block-group tabella_plus\"><div class=\"wp-block-group__inner-container is-layout-flow wp-block-group-is-layout-flow\">\n<h2 class=\"wp-block-heading has-text-align-center arancio\">Hauptanwendungen unserer Wicklungen<\/h2>\n\n\n\n<div style=\"height:49px\" aria-hidden=\"true\" class=\"wp-block-spacer\"><\/div>\n\n\n\n<div class=\"wp-block-genesis-blocks-gb-columns gb-layout-columns-3 gb-3-col-equal\" style=\"margin-bottom:3%\"><div class=\"gb-layout-column-wrap gb-block-layout-column-gap-1 gb-is-responsive-column\">\n<div class=\"wp-block-genesis-blocks-gb-column colonna_obiettivo biancoenero gb-block-layout-column\"><div class=\"gb-block-layout-column-inner\">\n<div class=\"iconasvg\">\n<img decoding=\"async\" src=\"\/wp-content\/uploads\/Trazione elettrica.svg\"><\/div>\n\n\n\n<p class=\"testopiccolo testo-fianco\"><strong><strong><a href=\"https:\/\/www.zampolli.it\/de\/wicklungen-elektromotoren-elektrischer-antrieb\/\">ANTRIEBSTECHNIK<\/a><\/strong><\/strong><\/p>\n<\/div><\/div>\n\n\n\n<div class=\"wp-block-genesis-blocks-gb-column colonna_obiettivo biancoenero gb-block-layout-column\"><div class=\"gb-block-layout-column-inner\">\n<div class=\"iconasvg\">\n<img decoding=\"async\" src=\"\/wp-content\/uploads\/Settore ferroviario e navale.svg\"><\/div>\n\n\n\n<p class=\"testopiccolo testo-fianco\"><a href=\"https:\/\/www.zampolli.it\/de\/elektromotoren-wicklungen-bahnindustrie-und-schiffbau\/\"><strong>BAHNINDUSTRIE UND SCHIFFBAU<\/strong><\/a><\/p>\n<\/div><\/div>\n\n\n\n<div class=\"wp-block-genesis-blocks-gb-column colonna_obiettivo biancoenero gb-block-layout-column\"><div class=\"gb-block-layout-column-inner\">\n<div class=\"iconasvg\">\n<img decoding=\"async\" src=\"\/wp-content\/uploads\/Motovibratori.svg\"><\/div>\n\n\n\n<p class=\"testopiccolo testo-fianco\"><strong><strong><strong><a href=\"https:\/\/www.zampolli.it\/de\/elektrische-motorwicklungen-vibrationsmotoren\/\">VIBRATIONS<span class=\"solodesktop\">&#8211;<\/span>MOTOREN&nbsp;<\/a><\/strong><\/strong><\/strong><\/p>\n<\/div><\/div>\n<\/div><\/div>\n\n\n\n<div style=\"height:40px\" aria-hidden=\"true\" class=\"wp-block-spacer mobilegrande\"><\/div>\n\n\n\n<div class=\"wp-block-genesis-blocks-gb-columns gb-layout-columns-3 gb-3-col-equal\" style=\"margin-bottom:3%\"><div class=\"gb-layout-column-wrap gb-block-layout-column-gap-1 gb-is-responsive-column\">\n<div class=\"wp-block-genesis-blocks-gb-column colonna_obiettivo biancoenero gb-block-layout-column\"><div class=\"gb-block-layout-column-inner\">\n<div class=\"iconasvg\">\n<img decoding=\"async\" src=\"\/wp-content\/uploads\/Pompe.svg\"><\/div>\n\n\n\n<p class=\"testopiccolo testo-fianco\"><strong><strong><a href=\"https:\/\/www.zampolli.it\/de\/elektrische-motorwicklungen-pumpen\/\">PUMPEN<\/a><\/strong><\/strong><\/p>\n<\/div><\/div>\n\n\n\n<div class=\"wp-block-genesis-blocks-gb-column colonna_obiettivo biancoenero gb-block-layout-column\"><div class=\"gb-block-layout-column-inner\">\n<div class=\"iconasvg\">\n<img decoding=\"async\" src=\"\/wp-content\/uploads\/automotive.svg\"><\/div>\n\n\n\n<p class=\"testopiccolo testo-fianco\"><a href=\"https:\/\/www.zampolli.it\/de\/elektromotor-wicklungen-automobilindustrie\/\"><strong>AUTOMOTIVE<\/strong><\/a><\/p>\n<\/div><\/div>\n\n\n\n<div class=\"wp-block-genesis-blocks-gb-column colonna_obiettivo biancoenero gb-block-layout-column\"><div class=\"gb-block-layout-column-inner\">\n<div class=\"iconasvg\">\n<img decoding=\"async\" src=\"\/wp-content\/uploads\/Elettromandrini.svg\"><\/div>\n\n\n\n<p class=\"testopiccolo testo-fianco\"><strong><strong><a href=\"https:\/\/www.zampolli.it\/de\/elektromotoren-wicklungen-spindelmotoren\/\">ELEKTROSPINDELN<\/a><\/strong><\/strong><\/p>\n<\/div><\/div>\n<\/div><\/div>\n\n\n\n<div style=\"height:40px\" aria-hidden=\"true\" class=\"wp-block-spacer mobilegrande\"><\/div>\n\n\n\n<div class=\"wp-block-genesis-blocks-gb-columns gb-layout-columns-3 gb-3-col-equal\" style=\"margin-bottom:3%\"><div class=\"gb-layout-column-wrap gb-block-layout-column-gap-1 gb-is-responsive-column\">\n<div class=\"wp-block-genesis-blocks-gb-column colonna_obiettivo biancoenero gb-block-layout-column\"><div class=\"gb-block-layout-column-inner\">\n<div class=\"iconasvg\">\n<img decoding=\"async\" src=\"\/wp-content\/uploads\/Macchine utensili.svg\"><\/div>\n\n\n\n<p class=\"testopiccolo testo-fianco\"><strong><strong><strong><a href=\"https:\/\/www.zampolli.it\/de\/wicklungen-elektromotoren-werkzeugmaschinen\/\"><strong>WERKZEUG<span class=\"solodesktop\">&#8211;<\/span>MASCHINEN<\/strong><\/a><strong>&nbsp;<\/strong><\/strong><\/strong><\/strong><\/p>\n<\/div><\/div>\n\n\n\n<div class=\"wp-block-genesis-blocks-gb-column colonna_obiettivo biancoenero gb-block-layout-column\"><div class=\"gb-block-layout-column-inner\">\n<div class=\"iconasvg\">\n<img decoding=\"async\" src=\"\/wp-content\/uploads\/Ascensori.svg\"><\/div>\n\n\n\n<p class=\"testopiccolo testo-fianco\"><strong><strong>AUFZ\u00dcGE<\/strong><\/strong><\/p>\n<\/div><\/div>\n\n\n\n<div class=\"wp-block-genesis-blocks-gb-column colonna_obiettivo biancoenero gb-block-layout-column\"><div class=\"gb-block-layout-column-inner\">\n<div class=\"iconasvg\">\n<img decoding=\"async\" src=\"\/wp-content\/uploads\/Motori brushless.svg\"><\/div>\n\n\n\n<p class=\"testopiccolo testo-fianco\"><strong><strong><a href=\"https:\/\/www.zampolli.it\/de\/elektrische-wicklungen-brushless-motoren\/\">BRUSHLESS-MOTOREN<\/a><\/strong><\/strong><\/p>\n<\/div><\/div>\n<\/div><\/div>\n<\/div><\/div>\n\n\n\n<div style=\"height:61px\" aria-hidden=\"true\" class=\"wp-block-spacer\"><\/div>\n\n\n\n<div class=\"logo-simbolo has-text-align-center\">\n<svg version=\"1.1\" id=\"Livello_1\" xmlns=\"http:\/\/www.w3.org\/2000\/svg\" x=\"0\" y=\"0\" viewBox=\"0 0 140.1 144.5\" xml:space=\"preserve\"><style>.st1{fill:#fff}.st5{display:inline}.st6{fill:#fff;stroke:#fff;stroke-width:.75;stroke-miterlimit:10}.st7{display:inline;fill:#e5332a}<\/style><path d=\"M131 69.4c0 33.9-27.5 61.5-61.5 61.5C35.6 130.9 8 103.4 8 69.4 8 35.5 35.5 7.9 69.5 7.9S131 35.4 131 69.4z\" fill=\"#5e5e5e\"><\/path><path class=\"st1\" d=\"M124.1 69.4c0 30.2-24.4 54.6-54.6 54.6S14.9 99.6 14.9 69.4s24.4-54.6 54.6-54.6c30.2 0 54.6 24.4 54.6 54.6z\"><\/path><path d=\"M82.5 34c-5 0-9.8 1.1-14.2 3 16 3.8 27.9 16.8 27.9 32.4 0 15.5-11.8 28.6-27.9 32.4 4.3 1.9 9.1 3 14.2 3 19.5 0 35.3-15.8 35.3-35.3C117.8 49.9 102 34 82.5 34z\" fill=\"#e5332a\"><\/path><path d=\"M85.4 112.1c-23.7 0-43-19.2-43-43 0-23.7 19.3-43 43-43 1.7 0 3.4.1 5 .3-6.3-3.1-13.4-4.8-20.8-4.8-26.4 0-47.7 21.4-47.7 47.7 0 26.4 21.4 47.7 47.7 47.7 8 0 15.6-2 22.2-5.5-2.1.4-4.3.6-6.4.6z\" fill=\"#e84e1b\"><\/path><\/svg><\/div>\n\n\n\n<h2 class=\"wp-block-heading has-text-align-center arancio\"><strong>Ben\u00f6tigen Sie weitere Informationen zu unseren Produkten?<\/strong><\/h2>\n\n\n\n<p class=\"has-text-align-center\">Sehen Sie sich unser <strong>Pr\u00e4sentationsvideo<\/strong> an oder <strong><a href=\"https:\/\/www.zampolli.it\/de\/info\/\" data-type=\"page\" data-id=\"2669\">kontaktieren<\/a><\/strong> Sie uns.<\/p>\n\n\n\n<div style=\"height:31px\" aria-hidden=\"true\" class=\"wp-block-spacer\"><\/div>\n\n\n\n<figure class=\"wp-block-video alignwide\"><video height=\"1080\" style=\"aspect-ratio: 1920 \/ 1080;\" width=\"1920\" controls poster=\"https:\/\/www.zampolli.it\/wp-content\/uploads\/avvolgimenti-zampolli-video-1.png\" src=\"https:\/\/www.zampolli.it\/wp-content\/uploads\/avvolgimenti-zampolli-video-tedesco.mp4\"><\/video><\/figure>\n\n\n\n<div style=\"height:35px\" aria-hidden=\"true\" class=\"wp-block-spacer\"><\/div>\n\n\n\n<div class=\"wp-block-buttons is-content-justification-center is-layout-flex wp-container-core-buttons-is-layout-16018d1d wp-block-buttons-is-layout-flex\">\n<div class=\"wp-block-button\"><a class=\"wp-block-button__link has-text-align-center wp-element-button\" href=\"https:\/\/www.zampolli.it\/de\/produkte\/\">\u00dcberpr\u00fcfen Sie unsere Produkte<\/a><\/div>\n<\/div>\n\n\n\n<div style=\"height:100px\" aria-hidden=\"true\" class=\"wp-block-spacer\"><\/div>\n\n\n\n<div class=\"wp-block-group gruppobanner\"><div class=\"wp-block-group__inner-container is-layout-flow wp-block-group-is-layout-flow\">\n<p><\/p>\n<\/div><\/div>\n<\/div><\/div>\n<\/div><\/div>\n<\/div><\/div><\/div>\n\n\n\n<div class=\"wp-block-group alignfull\"><div class=\"wp-block-group__inner-container is-layout-flow wp-block-group-is-layout-flow\">\n<div class=\"wp-block-columns is-layout-flex wp-container-core-columns-is-layout-9d6595d7 wp-block-columns-is-layout-flex\">\n<div class=\"wp-block-column is-layout-flow wp-block-column-is-layout-flow\" style=\"flex-basis:100%\"><\/div>\n<\/div>\n<\/div><\/div>\n","protected":false},"excerpt":{"rendered":"","protected":false},"author":1,"featured_media":0,"parent":0,"menu_order":0,"comment_status":"closed","ping_status":"closed","template":"","meta":{"_genesis_hide_title":true,"_genesis_hide_breadcrumbs":true,"_genesis_hide_singular_image":true,"_genesis_hide_footer_widgets":false,"_genesis_custom_body_class":"","_genesis_custom_post_class":"","_genesis_layout":"full-width-content","footnotes":""},"class_list":{"0":"post-2663","1":"page","2":"type-page","3":"status-publish","5":"entry"},"featured_image_src":null,"featured_image_src_square":null,"_links":{"self":[{"href":"https:\/\/www.zampolli.it\/de\/wp-json\/wp\/v2\/pages\/2663","targetHints":{"allow":["GET"]}}],"collection":[{"href":"https:\/\/www.zampolli.it\/de\/wp-json\/wp\/v2\/pages"}],"about":[{"href":"https:\/\/www.zampolli.it\/de\/wp-json\/wp\/v2\/types\/page"}],"author":[{"embeddable":true,"href":"https:\/\/www.zampolli.it\/de\/wp-json\/wp\/v2\/users\/1"}],"replies":[{"embeddable":true,"href":"https:\/\/www.zampolli.it\/de\/wp-json\/wp\/v2\/comments?post=2663"}],"version-history":[{"count":22,"href":"https:\/\/www.zampolli.it\/de\/wp-json\/wp\/v2\/pages\/2663\/revisions"}],"predecessor-version":[{"id":7063,"href":"https:\/\/www.zampolli.it\/de\/wp-json\/wp\/v2\/pages\/2663\/revisions\/7063"}],"wp:attachment":[{"href":"https:\/\/www.zampolli.it\/de\/wp-json\/wp\/v2\/media?parent=2663"}],"curies":[{"name":"wp","href":"https:\/\/api.w.org\/{rel}","templated":true}]}}